{"id":1426,"date":"2021-03-03T10:30:07","date_gmt":"2021-03-03T10:30:07","guid":{"rendered":"https:\/\/www.diagnostics.sener\/?page_id=1426"},"modified":"2022-11-30T15:30:56","modified_gmt":"2022-11-30T15:30:56","slug":"consumibles","status":"publish","type":"page","link":"https:\/\/www.diagnostics.sener\/es\/consumibles\/","title":{"rendered":"Consumibles"},"content":{"rendered":"<p>[et_pb_section fb_built=\u00bb1&#8243; custom_padding_last_edited=\u00bboff|desktop\u00bb admin_label=\u00bbHero\u00bb _builder_version=\u00bb4.9.2&#8243; background_enable_color=\u00bboff\u00bb use_background_color_gradient=\u00bbon\u00bb background_color_gradient_start=\u00bbrgba(19,19,20,0.23)\u00bb background_color_gradient_end=\u00bbrgba(19,19,20,0.23)\u00bb background_color_gradient_overlays_image=\u00bbon\u00bb background_image=\u00bbhttps:\/\/www.diagnostics.sener\/wp-content\/uploads\/2021\/04\/consumibles_1.jpg\u00bb background_enable_video_mp4=\u00bboff\u00bb background_enable_video_webm=\u00bboff\u00bb background_video_width=\u00bb1920&#8243; background_video_height=\u00bb1080&#8243; transform_translate_linked=\u00bboff\u00bb max_height=\u00bb450px\u00bb custom_margin=\u00bb0px||||false|false\u00bb custom_margin_last_edited=\u00bboff|tablet\u00bb custom_padding=\u00bb296px||0px|0vw|false|false\u00bb custom_padding_tablet=\u00bb||||false|true\u00bb bottom_divider_color=\u00bb#FFFFFF\u00bb locked=\u00bboff\u00bb custom_css_main_element_last_edited=\u00bbon|desktop\u00bb][et_pb_row _builder_version=\u00bb4.9.0&#8243; _module_preset=\u00bbdefault\u00bb custom_margin=\u00bb|||auto|false|false\u00bb][et_pb_column type=\u00bb4_4&#8243; _builder_version=\u00bb4.9.0&#8243; _module_preset=\u00bbdefault\u00bb][et_pb_text content_tablet=\u00bb\u00bb content_phone=\u00bb\u00bb content_last_edited=\u00bbon|phone\u00bb _builder_version=\u00bb4.9.4&#8243; header_font=\u00bbNoto Sans|700|||||||\u00bb header_text_color=\u00bb#625398&#8243; header_font_size=\u00bb51px\u00bb header_2_font=\u00bbNoto Serif||||||||\u00bb header_2_text_align=\u00bbleft\u00bb header_2_text_color=\u00bb#625398&#8243; header_2_font_size=\u00bb16px\u00bb header_2_line_height=\u00bb1.6em\u00bb background_color=\u00bbrgba(243,242,248,0.93)\u00bb module_alignment=\u00bbcenter\u00bb custom_margin=\u00bb-61px|||0px|false|false\u00bb custom_margin_tablet=\u00bb\u00bb custom_margin_phone=\u00bb13px|||0px|false|false\u00bb custom_margin_last_edited=\u00bbon|phone\u00bb custom_padding=\u00bb28px|10%|28px|10%|true|true\u00bb animation_style=\u00bbslide\u00bb animation_direction=\u00bbright\u00bb hover_transition_speed_curve=\u00bbease-in-out\u00bb header_font_size_tablet=\u00bb43px\u00bb header_font_size_phone=\u00bb31px\u00bb header_font_size_last_edited=\u00bbon|tablet\u00bb header_2_font_size_tablet=\u00bb24px\u00bb header_2_font_size_phone=\u00bb16px\u00bb header_2_font_size_last_edited=\u00bbon|phone\u00bb box_shadow_style=\u00bbpreset1&#8243; box_shadow_vertical=\u00bb0px\u00bb box_shadow_blur=\u00bb5px\u00bb box_shadow_color=\u00bb#cbcbcd\u00bb]<\/p>\n<h1 style=\"text-align: left;\">Consumibles de<br \/>laboratorio<\/h1>\n<h2 style=\"text-align: left;\"><\/h2>\n<h2 style=\"text-align: left;\"><\/h2>\n<h2 style=\"text-align: left;\"><\/h2>\n<h2 style=\"text-align: left;\"><span>En Sener Diagnostics, trabajamos para asegurar que nuestros instrumentos funcionen de manera eficiente y cumpliendo con los requerimientos exigidos. <\/span><\/h2>\n<p>[\/et_pb_text][\/et_pb_column][\/et_pb_row][\/et_pb_section][et_pb_section fb_built=\u00bb1&#8243; _builder_version=\u00bb4.9.0&#8243; _module_preset=\u00bbdefault\u00bb background_color=\u00bb#FFFFFF\u00bb][et_pb_row column_structure=\u00bb1_2,1_2&#8243; use_custom_gutter=\u00bbon\u00bb gutter_width=\u00bb1&#8243; _builder_version=\u00bb4.9.2&#8243; _module_preset=\u00bbdefault\u00bb width=\u00bb100%\u00bb max_width=\u00bb100%\u00bb custom_margin=\u00bb31px|auto||auto||\u00bb custom_padding=\u00bb95px|||||\u00bb custom_css_main_element=\u00bbdisplay:flex;\u00bb][et_pb_column type=\u00bb1_2&#8243; _builder_version=\u00bb4.9.0&#8243; _module_preset=\u00bbdefault\u00bb custom_padding=\u00bb||||false|false\u00bb][et_pb_text content_tablet=\u00bb<\/p>\n<h2 style=%22text-align: left;%22><span>Sener Diagnostics <\/span><\/h2>\n<h2 style=%22text-align: left;%22><span>fabrica y suministra una <\/span><\/h2>\n<h2 style=%22text-align: left;%22><span>gama de consumibles <\/span><\/h2>\n<h2 style=%22text-align: left;%22><span>de alta calidad<\/span><\/h2>\n<p>\u00bb content_phone=\u00bb<\/p>\n<h2 style=%22text-align: left;%22><span>Sener Diagnostics <\/span>fabrica y suministra una <span>gama de consumibles <\/span>de alta calidad<\/h2>\n<p>\u00bb content_last_edited=\u00bbon|phone\u00bb _builder_version=\u00bb4.9.4&#8243; text_font=\u00bbNoto Serif||||||||\u00bb text_text_color=\u00bb#625398&#8243; text_font_size=\u00bb16px\u00bb text_line_height=\u00bb1.6em\u00bb header_font=\u00bbNoto Sans|700|||||||\u00bb header_text_color=\u00bb#625398&#8243; header_font_size=\u00bb51px\u00bb header_2_font=\u00bbNoto Sans|700|||||||\u00bb header_2_text_align=\u00bbleft\u00bb header_2_text_color=\u00bb#625398&#8243; header_2_font_size=\u00bb31px\u00bb header_2_line_height=\u00bb1.3em\u00bb background_color=\u00bb#FFFFFF\u00bb width_tablet=\u00bb\u00bb width_phone=\u00bb145%\u00bb width_last_edited=\u00bbon|phone\u00bb module_alignment=\u00bbcenter\u00bb custom_margin=\u00bb-19px||||false|false\u00bb custom_margin_tablet=\u00bb|0px||0px|false|false\u00bb custom_margin_phone=\u00bb-75px|0px|||false|false\u00bb custom_margin_last_edited=\u00bbon|phone\u00bb custom_padding=\u00bb38px|29px|70px|173px|false|false\u00bb custom_padding_tablet=\u00bb|0px||71px|false|false\u00bb custom_padding_phone=\u00bb15px|0px|70px|37px|false|false\u00bb custom_padding_last_edited=\u00bbon|phone\u00bb animation_style=\u00bbslide\u00bb animation_direction=\u00bbright\u00bb hover_transition_speed_curve=\u00bbease-in-out\u00bb header_font_size_tablet=\u00bb43px\u00bb header_font_size_phone=\u00bb\u00bb header_font_size_last_edited=\u00bbon|tablet\u00bb header_2_font_size_tablet=\u00bb24px\u00bb header_2_font_size_phone=\u00bb20px\u00bb header_2_font_size_last_edited=\u00bbon|phone\u00bb]<\/p>\n<h2 style=\"text-align: left;\"><span>Sener Diagnostics <\/span><\/h2>\n<h2 style=\"text-align: left;\"><span>fabrica y suministra una <\/span><\/h2>\n<h2 style=\"text-align: left;\"><span>gama de consumibles <\/span><\/h2>\n<h2 style=\"text-align: left;\"><span>de alta calidad<\/span><\/h2>\n<p>[\/et_pb_text][\/et_pb_column][et_pb_column type=\u00bb1_2&#8243; _builder_version=\u00bb4.9.0&#8243; _module_preset=\u00bbdefault\u00bb][et_pb_image src=\u00bbhttps:\/\/www.diagnostics.sener\/wp-content\/uploads\/2021\/04\/consumibles_2.jpg\u00bb title_text=\u00bbconsumibles_2&#8243; show_bottom_space=\u00bboff\u00bb _builder_version=\u00bb4.9.2&#8243; _module_preset=\u00bbdefault\u00bb width=\u00bb70%\u00bb width_tablet=\u00bb83%\u00bb width_phone=\u00bb200%\u00bb width_last_edited=\u00bbon|tablet\u00bb custom_margin=\u00bb0px|||72px|false|false\u00bb custom_margin_tablet=\u00bb-16px|||-8px|false|false\u00bb custom_margin_phone=\u00bb90px|||-152px|false|false\u00bb custom_margin_last_edited=\u00bbon|phone\u00bb z_index_tablet=\u00bb\u00bb z_index_phone=\u00bb-7&#8243; z_index_last_edited=\u00bbon|phone\u00bb][\/et_pb_image][\/et_pb_column][\/et_pb_row][et_pb_row _builder_version=\u00bb4.9.0&#8243; _module_preset=\u00bbdefault\u00bb][et_pb_column type=\u00bb4_4&#8243; _builder_version=\u00bb4.9.0&#8243; _module_preset=\u00bbdefault\u00bb][et_pb_text _builder_version=\u00bb4.9.2&#8243; text_font=\u00bbNoto Serif||||||||\u00bb text_text_color=\u00bb#625398&#8243; text_font_size=\u00bb16px\u00bb text_line_height=\u00bb1.6em\u00bb header_font=\u00bbNoto Sans|700|||||||\u00bb header_text_color=\u00bb#625398&#8243; header_font_size=\u00bb51px\u00bb header_2_font=\u00bbNoto Serif|700|||||||\u00bb header_2_text_align=\u00bbleft\u00bb header_2_text_color=\u00bb#625398&#8243; header_2_font_size=\u00bb20px\u00bb header_2_line_height=\u00bb1.6em\u00bb background_color=\u00bb#FFFFFF\u00bb module_alignment=\u00bbcenter\u00bb custom_margin=\u00bb24px||||false|false\u00bb custom_padding=\u00bb0px||0px||false|false\u00bb animation_style=\u00bbslide\u00bb animation_direction=\u00bbright\u00bb hover_transition_speed_curve=\u00bbease-in-out\u00bb header_2_font_size_tablet=\u00bb24px\u00bb header_2_font_size_phone=\u00bb20px\u00bb header_2_font_size_last_edited=\u00bbon|phone\u00bb]<\/p>\n<h2 style=\"text-align: left;\"><span>Por ese motivo, fabricamos y suministramos una gama de consumibles de laboratorio de alta calidad compatibles con nuestros sistemas de automatizaci\u00f3n, ofreciendo un servicio integral a nuestros clientes y un alto nivel de calidad para el correcto rendimiento del sistema.<\/span><\/h2>\n<p>[\/et_pb_text][\/et_pb_column][\/et_pb_row][\/et_pb_section][et_pb_section fb_built=\u00bb1&#8243; _builder_version=\u00bb4.9.2&#8243; _module_preset=\u00bbdefault\u00bb background_enable_color=\u00bboff\u00bb background_image=\u00bbhttps:\/\/www.diagnostics.sener\/wp-content\/uploads\/2021\/04\/consumibles_3.jpg\u00bb min_height=\u00bb547px\u00bb max_height=\u00bb547px\u00bb custom_padding=\u00bb0px||0px|||\u00bb][et_pb_row column_structure=\u00bb3_5,2_5&#8243; _builder_version=\u00bb4.9.0&#8243; _module_preset=\u00bbdefault\u00bb width=\u00bb100%\u00bb module_alignment=\u00bbcenter\u00bb custom_padding=\u00bb0px|||||\u00bb][et_pb_column type=\u00bb3_5&#8243; _builder_version=\u00bb4.9.0&#8243; _module_preset=\u00bbdefault\u00bb][et_pb_text _builder_version=\u00bb4.9.2&#8243; header_font=\u00bbNoto Sans|700|||||||\u00bb header_text_color=\u00bb#625398&#8243; header_font_size=\u00bb43px\u00bb header_line_height=\u00bb1.3em\u00bb header_2_font=\u00bbNoto Sans|700|||||||\u00bb header_2_text_color=\u00bb#625398&#8243; header_2_font_size=\u00bb31px\u00bb header_2_line_height=\u00bb1.3em\u00bb background_color=\u00bbrgba(235,245,255,0.97)\u00bb module_alignment=\u00bbcenter\u00bb custom_margin=\u00bb-45px|||0px|false|false\u00bb custom_margin_tablet=\u00bb\u00bb custom_margin_phone=\u00bb-65px|||0px|false|false\u00bb custom_margin_last_edited=\u00bbon|phone\u00bb custom_padding=\u00bb71px|37px|69px|37px|false|true\u00bb animation_style=\u00bbslide\u00bb animation_direction=\u00bbright\u00bb hover_transition_speed_curve=\u00bbease-in-out\u00bb header_2_font_size_tablet=\u00bb24px\u00bb header_2_font_size_phone=\u00bb20px\u00bb header_2_font_size_last_edited=\u00bbon|phone\u00bb border_radii=\u00bboff||||\u00bb]<\/p>\n<h2 style=\"text-align: center;\"><span>El tipo de consumibles de laboratorio depender\u00e1 de cada soluci\u00f3n y aplicaci\u00f3n. <\/span><\/h2>\n<p>[\/et_pb_text][\/et_pb_column][et_pb_column type=\u00bb2_5&#8243; _builder_version=\u00bb4.9.0&#8243; _module_preset=\u00bbdefault\u00bb][\/et_pb_column][\/et_pb_row][\/et_pb_section][et_pb_section fb_built=\u00bb1&#8243; _builder_version=\u00bb4.9.0&#8243; _module_preset=\u00bbdefault\u00bb background_color=\u00bbrgba(83,144,193,0.27)\u00bb custom_margin=\u00bb||||false|false\u00bb custom_padding=\u00bb0px||21px|||\u00bb][et_pb_row _builder_version=\u00bb4.9.0&#8243; _module_preset=\u00bbdefault\u00bb custom_padding=\u00bb0px|||||\u00bb][et_pb_column type=\u00bb4_4&#8243; _builder_version=\u00bb4.9.0&#8243; _module_preset=\u00bbdefault\u00bb][et_pb_text _builder_version=\u00bb4.9.0&#8243; header_font=\u00bbNoto Sans|700|||||||\u00bb header_text_color=\u00bb#625398&#8243; header_font_size=\u00bb43px\u00bb header_line_height=\u00bb1.3em\u00bb header_2_font=\u00bbNoto Sans|700|||||||\u00bb header_2_text_align=\u00bbleft\u00bb header_2_text_color=\u00bb#625398&#8243; header_2_font_size=\u00bb36px\u00bb header_2_line_height=\u00bb1.1em\u00bb background_enable_color=\u00bboff\u00bb module_alignment=\u00bbcenter\u00bb custom_margin=\u00bb0px||-49px|0px|false|false\u00bb custom_padding=\u00bb110px|10%|110px|10%|true|false\u00bb animation_style=\u00bbslide\u00bb animation_direction=\u00bbright\u00bb hover_transition_speed_curve=\u00bbease-in-out\u00bb header_2_font_size_tablet=\u00bb32px\u00bb header_2_font_size_phone=\u00bb20px\u00bb header_2_font_size_last_edited=\u00bbon|phone\u00bb]<\/p>\n<h2 style=\"text-align: center;\">Empecemos juntos un nuevo proyecto<\/h2>\n<p>[\/et_pb_text][et_pb_button button_url=\u00bbhttps:\/\/www.diagnostics.sener\/es\/contacto\/\u00bb button_text=\u00bbEMPEZAR\u00bb button_alignment=\u00bbcenter\u00bb _builder_version=\u00bb4.9.4&#8243; custom_button=\u00bbon\u00bb button_text_size=\u00bb14px\u00bb button_text_color=\u00bb#005199&#8243; button_bg_color=\u00bb#ebf5ff\u00bb button_border_width=\u00bb0px\u00bb button_letter_spacing=\u00bb1px\u00bb button_font=\u00bbNoto Sans|700|||||||\u00bb custom_margin=\u00bb||5%|0px|false|false\u00bb custom_padding=\u00bb11px|50px|11px|50px|true|true\u00bb hover_enabled=\u00bb0&#8243; box_shadow_style=\u00bbpreset3&#8243; box_shadow_blur=\u00bb10px\u00bb box_shadow_spread=\u00bb-3px\u00bb box_shadow_color=\u00bbrgba(14,77,227,0.2)\u00bb locked=\u00bboff\u00bb sticky_enabled=\u00bb0&#8243;][\/et_pb_button][\/et_pb_column][\/et_pb_row][\/et_pb_section]<\/p>\n","protected":false},"excerpt":{"rendered":"<p>Consumibles delaboratorio En Sener Diagnostics, trabajamos para asegurar que nuestros instrumentos funcionen de manera eficiente y cumpliendo con los requerimientos exigidos. Sener Diagnostics fabrica y suministra una gama de consumibles de alta calidadPor ese motivo, fabricamos y suministramos una gama de consumibles de laboratorio de alta calidad compatibles con nuestros sistemas de automatizaci\u00f3n, ofreciendo un [&hellip;]<\/p>\n","protected":false},"author":1,"featured_media":0,"parent":0,"menu_order":60,"comment_status":"closed","ping_status":"closed","template":"","meta":{"_et_pb_use_builder":"on","_et_pb_old_content":"","_et_gb_content_width":"","footnotes":""},"class_list":["post-1426","page","type-page","status-publish","hentry"],"yoast_head":"<!-- This site is optimized with the Yoast SEO plugin v25.9 - https:\/\/yoast.com\/wordpress\/plugins\/seo\/ -->\n<title>Consumibles - Sener<\/title>\n<meta name=\"robots\" content=\"index, follow, max-snippet:-1, max-image-preview:large, max-video-preview:-1\" \/>\n<link rel=\"canonical\" href=\"https:\/\/www.diagnostics.sener\/es\/consumibles\/\" \/>\n<meta property=\"og:locale\" content=\"es_ES\" \/>\n<meta property=\"og:type\" content=\"article\" \/>\n<meta property=\"og:title\" content=\"Consumibles - Sener\" \/>\n<meta property=\"og:description\" content=\"Consumibles delaboratorio En Sener Diagnostics, trabajamos para asegurar que nuestros instrumentos funcionen de manera eficiente y cumpliendo con los requerimientos exigidos. Sener Diagnostics fabrica y suministra una gama de consumibles de alta calidadPor ese motivo, fabricamos y suministramos una gama de consumibles de laboratorio de alta calidad compatibles con nuestros sistemas de automatizaci\u00f3n, ofreciendo un [&hellip;]\" \/>\n<meta property=\"og:url\" content=\"https:\/\/www.diagnostics.sener\/es\/consumibles\/\" \/>\n<meta property=\"og:site_name\" content=\"Sener\" \/>\n<meta property=\"article:modified_time\" content=\"2022-11-30T15:30:56+00:00\" \/>\n<meta name=\"twitter:card\" content=\"summary_large_image\" \/>\n<meta name=\"twitter:label1\" content=\"Tiempo de lectura\" \/>\n\t<meta name=\"twitter:data1\" content=\"6 minutos\" \/>\n<script type=\"application\/ld+json\" class=\"yoast-schema-graph\">{\"@context\":\"https:\/\/schema.org\",\"@graph\":[{\"@type\":\"WebPage\",\"@id\":\"https:\/\/www.diagnostics.sener\/es\/consumibles\/\",\"url\":\"https:\/\/www.diagnostics.sener\/es\/consumibles\/\",\"name\":\"Consumibles - Sener\",\"isPartOf\":{\"@id\":\"https:\/\/www.diagnostics.sener\/es\/#website\"},\"datePublished\":\"2021-03-03T10:30:07+00:00\",\"dateModified\":\"2022-11-30T15:30:56+00:00\",\"breadcrumb\":{\"@id\":\"https:\/\/www.diagnostics.sener\/es\/consumibles\/#breadcrumb\"},\"inLanguage\":\"es\",\"potentialAction\":[{\"@type\":\"ReadAction\",\"target\":[\"https:\/\/www.diagnostics.sener\/es\/consumibles\/\"]}]},{\"@type\":\"BreadcrumbList\",\"@id\":\"https:\/\/www.diagnostics.sener\/es\/consumibles\/#breadcrumb\",\"itemListElement\":[{\"@type\":\"ListItem\",\"position\":1,\"name\":\"Portada\",\"item\":\"https:\/\/www.diagnostics.sener\/es\/\"},{\"@type\":\"ListItem\",\"position\":2,\"name\":\"Consumibles\"}]},{\"@type\":\"WebSite\",\"@id\":\"https:\/\/www.diagnostics.sener\/es\/#website\",\"url\":\"https:\/\/www.diagnostics.sener\/es\/\",\"name\":\"Sener\",\"description\":\"Diagnostics\",\"potentialAction\":[{\"@type\":\"SearchAction\",\"target\":{\"@type\":\"EntryPoint\",\"urlTemplate\":\"https:\/\/www.diagnostics.sener\/es\/?s={search_term_string}\"},\"query-input\":{\"@type\":\"PropertyValueSpecification\",\"valueRequired\":true,\"valueName\":\"search_term_string\"}}],\"inLanguage\":\"es\"}]}<\/script>\n<!-- \/ Yoast SEO plugin. -->","yoast_head_json":{"title":"Consumibles - Sener","robots":{"index":"index","follow":"follow","max-snippet":"max-snippet:-1","max-image-preview":"max-image-preview:large","max-video-preview":"max-video-preview:-1"},"canonical":"https:\/\/www.diagnostics.sener\/es\/consumibles\/","og_locale":"es_ES","og_type":"article","og_title":"Consumibles - Sener","og_description":"Consumibles delaboratorio En Sener Diagnostics, trabajamos para asegurar que nuestros instrumentos funcionen de manera eficiente y cumpliendo con los requerimientos exigidos. Sener Diagnostics fabrica y suministra una gama de consumibles de alta calidadPor ese motivo, fabricamos y suministramos una gama de consumibles de laboratorio de alta calidad compatibles con nuestros sistemas de automatizaci\u00f3n, ofreciendo un [&hellip;]","og_url":"https:\/\/www.diagnostics.sener\/es\/consumibles\/","og_site_name":"Sener","article_modified_time":"2022-11-30T15:30:56+00:00","twitter_card":"summary_large_image","twitter_misc":{"Tiempo de lectura":"6 minutos"},"schema":{"@context":"https:\/\/schema.org","@graph":[{"@type":"WebPage","@id":"https:\/\/www.diagnostics.sener\/es\/consumibles\/","url":"https:\/\/www.diagnostics.sener\/es\/consumibles\/","name":"Consumibles - Sener","isPartOf":{"@id":"https:\/\/www.diagnostics.sener\/es\/#website"},"datePublished":"2021-03-03T10:30:07+00:00","dateModified":"2022-11-30T15:30:56+00:00","breadcrumb":{"@id":"https:\/\/www.diagnostics.sener\/es\/consumibles\/#breadcrumb"},"inLanguage":"es","potentialAction":[{"@type":"ReadAction","target":["https:\/\/www.diagnostics.sener\/es\/consumibles\/"]}]},{"@type":"BreadcrumbList","@id":"https:\/\/www.diagnostics.sener\/es\/consumibles\/#breadcrumb","itemListElement":[{"@type":"ListItem","position":1,"name":"Portada","item":"https:\/\/www.diagnostics.sener\/es\/"},{"@type":"ListItem","position":2,"name":"Consumibles"}]},{"@type":"WebSite","@id":"https:\/\/www.diagnostics.sener\/es\/#website","url":"https:\/\/www.diagnostics.sener\/es\/","name":"Sener","description":"Diagnostics","potentialAction":[{"@type":"SearchAction","target":{"@type":"EntryPoint","urlTemplate":"https:\/\/www.diagnostics.sener\/es\/?s={search_term_string}"},"query-input":{"@type":"PropertyValueSpecification","valueRequired":true,"valueName":"search_term_string"}}],"inLanguage":"es"}]}},"_links":{"self":[{"href":"https:\/\/www.diagnostics.sener\/es\/wp-json\/wp\/v2\/pages\/1426","targetHints":{"allow":["GET"]}}],"collection":[{"href":"https:\/\/www.diagnostics.sener\/es\/wp-json\/wp\/v2\/pages"}],"about":[{"href":"https:\/\/www.diagnostics.sener\/es\/wp-json\/wp\/v2\/types\/page"}],"author":[{"embeddable":true,"href":"https:\/\/www.diagnostics.sener\/es\/wp-json\/wp\/v2\/users\/1"}],"replies":[{"embeddable":true,"href":"https:\/\/www.diagnostics.sener\/es\/wp-json\/wp\/v2\/comments?post=1426"}],"version-history":[{"count":28,"href":"https:\/\/www.diagnostics.sener\/es\/wp-json\/wp\/v2\/pages\/1426\/revisions"}],"predecessor-version":[{"id":4641,"href":"https:\/\/www.diagnostics.sener\/es\/wp-json\/wp\/v2\/pages\/1426\/revisions\/4641"}],"wp:attachment":[{"href":"https:\/\/www.diagnostics.sener\/es\/wp-json\/wp\/v2\/media?parent=1426"}],"curies":[{"name":"wp","href":"https:\/\/api.w.org\/{rel}","templated":true}]}}