{"id":1526,"date":"2021-03-03T11:57:26","date_gmt":"2021-03-03T11:57:26","guid":{"rendered":"https:\/\/www.diagnostics.sener\/?page_id=1526"},"modified":"2023-09-21T11:12:58","modified_gmt":"2023-09-21T11:12:58","slug":"diagnosticos","status":"publish","type":"page","link":"https:\/\/www.diagnostics.sener\/es\/diagnosticos\/","title":{"rendered":"Diagn\u00f3sticos"},"content":{"rendered":"<p>[et_pb_section fb_built=\u00bb1&#8243; custom_padding_last_edited=\u00bboff|desktop\u00bb admin_label=\u00bbHero\u00bb _builder_version=\u00bb4.16&#8243; background_enable_color=\u00bboff\u00bb use_background_color_gradient=\u00bbon\u00bb background_color_gradient_stops=\u00bbrgba(19,19,20,0.23) 0%|rgba(19,19,20,0.23) 100%\u00bb background_color_gradient_overlays_image=\u00bbon\u00bb background_color_gradient_start=\u00bbrgba(19,19,20,0.23)\u00bb background_color_gradient_end=\u00bbrgba(19,19,20,0.23)\u00bb background_image=\u00bbhttps:\/\/www.diagnostics.sener\/wp-content\/uploads\/2021\/04\/capacidades_1.jpg\u00bb background_enable_video_mp4=\u00bboff\u00bb background_enable_video_webm=\u00bboff\u00bb background_video_width=\u00bb1920&#8243; background_video_height=\u00bb1080&#8243; transform_translate_linked=\u00bboff\u00bb max_height=\u00bb450px\u00bb custom_margin=\u00bb0px||||false|false\u00bb custom_margin_last_edited=\u00bboff|tablet\u00bb custom_padding=\u00bb237px||0px|0vw|false|false\u00bb custom_padding_tablet=\u00bb||||false|true\u00bb bottom_divider_color=\u00bb#FFFFFF\u00bb locked=\u00bboff\u00bb global_colors_info=\u00bb{}\u00bb custom_css_main_element_last_edited=\u00bbon|desktop\u00bb][et_pb_row column_structure=\u00bb1_3,2_3&#8243; _builder_version=\u00bb4.16&#8243; _module_preset=\u00bbdefault\u00bb z_index=\u00bb20&#8243; custom_margin=\u00bb||||false|false\u00bb global_colors_info=\u00bb{}\u00bb][et_pb_column type=\u00bb1_3&#8243; _builder_version=\u00bb4.16&#8243; _module_preset=\u00bbdefault\u00bb global_colors_info=\u00bb{}\u00bb][\/et_pb_column][et_pb_column type=\u00bb2_3&#8243; _builder_version=\u00bb4.16&#8243; _module_preset=\u00bbdefault\u00bb global_colors_info=\u00bb{}\u00bb][et_pb_text _builder_version=\u00bb4.18.1&#8243; text_text_color=\u00bb#FFFFFF\u00bb text_font_size=\u00bb16px\u00bb text_line_height=\u00bb26px\u00bb header_font=\u00bbNoto Sans|700|||||||\u00bb header_text_color=\u00bb#FFFFFF\u00bb header_font_size=\u00bb43px\u00bb header_line_height=\u00bb53px\u00bb header_2_font=\u00bbNoto Serif||||||||\u00bb header_2_text_align=\u00bbleft\u00bb header_2_text_color=\u00bb#FFFFFF\u00bb header_2_font_size=\u00bb16px\u00bb header_2_line_height=\u00bb1.6em\u00bb background_color=\u00bb#00205b\u00bb width=\u00bb75%\u00bb width_tablet=\u00bb\u00bb width_phone=\u00bb100%\u00bb width_last_edited=\u00bbon|phone\u00bb module_alignment=\u00bbright\u00bb custom_margin=\u00bb1px|||0px|false|false\u00bb custom_padding=\u00bb40px|10%|40px|10%|true|true\u00bb animation_style=\u00bbslide\u00bb animation_direction=\u00bbright\u00bb hover_transition_speed_curve=\u00bbease-in-out\u00bb header_font_size_tablet=\u00bb43px\u00bb header_font_size_phone=\u00bb32px\u00bb header_font_size_last_edited=\u00bbon|tablet\u00bb header_2_font_size_tablet=\u00bb24px\u00bb header_2_font_size_phone=\u00bb16px\u00bb header_2_font_size_last_edited=\u00bbon|phone\u00bb box_shadow_style=\u00bbpreset1&#8243; box_shadow_blur=\u00bb5px\u00bb box_shadow_color=\u00bb#cbcbcd\u00bb global_colors_info=\u00bb{}\u00bb]<\/p>\n<h1 style=\"text-align: left;\">Diagn\u00f3sticos<\/h1>\n<h2 style=\"text-align: left;\"><\/h2>\n<h2 style=\"text-align: left;\"><\/h2>\n<h2 style=\"text-align: left;\"><\/h2>\n<p style=\"text-align: left;\">La creciente aparici\u00f3n de nuevas t\u00e9cnicas moleculares complementarias a la microbiolog\u00eda tradicional nos permite desarrollar instrumentos novedosos con un claro valor a\u00f1adido para el mercado<\/p>\n<p>[\/et_pb_text][\/et_pb_column][\/et_pb_row][\/et_pb_section][et_pb_section fb_built=\u00bb1&#8243; custom_padding_last_edited=\u00bbon|phone\u00bb admin_label=\u00bbFeatures\u00bb _builder_version=\u00bb4.16&#8243; background_color=\u00bbRGBA(0,0,0,0)\u00bb background_enable_image=\u00bboff\u00bb z_index=\u00bb-5&#8243; module_alignment=\u00bbright\u00bb custom_margin=\u00bb150px||170px||false|false\u00bb custom_padding=\u00bb0px||249px||false|false\u00bb custom_padding_tablet=\u00bb|0vw|||false|false\u00bb custom_padding_phone=\u00bb|0vw|||false|false\u00bb filter_brightness=\u00bb80%\u00bb filter_contrast=\u00bb160%\u00bb filter_invert=\u00bb1%\u00bb top_divider_color=\u00bb#0C71C3&#8243; locked=\u00bboff\u00bb global_colors_info=\u00bb{}\u00bb][et_pb_row column_structure=\u00bb1_2,1_2&#8243; use_custom_gutter=\u00bbon\u00bb gutter_width=\u00bb1&#8243; _builder_version=\u00bb4.16&#8243; _module_preset=\u00bbdefault\u00bb background_enable_color=\u00bboff\u00bb z_index=\u00bb2&#8243; width=\u00bb100%\u00bb max_width=\u00bb100%\u00bb max_height=\u00bb60px\u00bb custom_margin=\u00bb||||false|false\u00bb custom_padding=\u00bb0px||268px||false|false\u00bb global_colors_info=\u00bb{}\u00bb][et_pb_column type=\u00bb1_2&#8243; _builder_version=\u00bb4.16&#8243; _module_preset=\u00bbdefault\u00bb global_colors_info=\u00bb{}\u00bb][et_pb_image src=\u00bbhttps:\/\/www.diagnostics.sener\/wp-content\/uploads\/2021\/04\/automatizacionlab_2.jpg\u00bb title_text=\u00bbautomatizacionlab_2&#8243; align=\u00bbcenter\u00bb _builder_version=\u00bb4.16&#8243; _module_preset=\u00bbdefault\u00bb z_index=\u00bb-499&#8243; width=\u00bb70%\u00bb width_tablet=\u00bb\u00bb width_phone=\u00bb100%\u00bb width_last_edited=\u00bbon|desktop\u00bb custom_margin=\u00bb-182px|0px||-1px|false|false\u00bb custom_margin_tablet=\u00bb-396px|0px||-1px|false|false\u00bb custom_margin_phone=\u00bb-270px|||0px|false|false\u00bb custom_margin_last_edited=\u00bbon|tablet\u00bb custom_padding=\u00bb||||false|false\u00bb global_colors_info=\u00bb{}\u00bb][\/et_pb_image][\/et_pb_column][et_pb_column type=\u00bb1_2&#8243; _builder_version=\u00bb4.16&#8243; _module_preset=\u00bbdefault\u00bb custom_padding=\u00bb|||0px|false|false\u00bb custom_padding_tablet=\u00bb|||29px|false|false\u00bb custom_padding_phone=\u00bb|||45px|false|false\u00bb custom_padding_last_edited=\u00bbon|phone\u00bb global_colors_info=\u00bb{}\u00bb][et_pb_text content_tablet=\u00bbSener Diagnostics ofrece desarrollos<br \/>\npersonalizados a nuestros clientes en aquellas<br \/>\nt\u00e9cnicas involucradas en este campo.\u00bb content_phone=\u00bbSener Diagnostics ofrece desarrollos<br \/>\npersonalizados a nuestros clientes en aquellas<br \/>\nt\u00e9cnicas involucradas en este campo.\u00bb content_last_edited=\u00bbon|phone\u00bb _builder_version=\u00bb4.18.1&#8243; text_text_color=\u00bb#76777b\u00bb text_font_size=\u00bb16px\u00bb text_line_height=\u00bb26px\u00bb header_font=\u00bbNoto Sans|700|||||||\u00bb header_text_color=\u00bb#625398&#8243; header_font_size=\u00bb43px\u00bb header_2_font=\u00bbNoto Serif||||||||\u00bb header_2_text_align=\u00bbleft\u00bb header_2_text_color=\u00bb#625398&#8243; header_2_font_size=\u00bb16px\u00bb header_2_line_height=\u00bb1.6em\u00bb background_color=\u00bb#ebf8f6&#8243; module_alignment=\u00bbcenter\u00bb custom_margin=\u00bb86px|||-3px|false|false\u00bb custom_margin_tablet=\u00bb30px||||false|false\u00bb custom_margin_phone=\u00bb35px|||0px|false|false\u00bb custom_margin_last_edited=\u00bbon|phone\u00bb custom_padding=\u00bb40px|9.5%|40px|9.5%|true|true\u00bb animation_style=\u00bbslide\u00bb animation_direction=\u00bbright\u00bb hover_transition_speed_curve=\u00bbease-in-out\u00bb header_2_font_size_tablet=\u00bb24px\u00bb header_2_font_size_phone=\u00bb16px\u00bb header_2_font_size_last_edited=\u00bbon|phone\u00bb border_radii=\u00bboff|45px|||45px\u00bb global_colors_info=\u00bb{}\u00bb]<\/p>\n<p style=\"text-align: left;\">Sener Diagnostics ofrece desarrollos<br \/><span>personalizados a nuestros clientes en aquellas<br \/>t\u00e9cnicas involucradas en este campo.<\/span><\/p>\n<p>[\/et_pb_text][\/et_pb_column][\/et_pb_row][\/et_pb_section][et_pb_section fb_built=\u00bb1&#8243; _builder_version=\u00bb4.16&#8243; _module_preset=\u00bbdefault\u00bb z_index=\u00bb5&#8243; custom_margin=\u00bb-186px||||false|false\u00bb custom_margin_tablet=\u00bb135px||||false|false\u00bb custom_margin_phone=\u00bb-250px||||false|false\u00bb custom_margin_last_edited=\u00bbon|phone\u00bb custom_padding=\u00bb0px|||||\u00bb global_colors_info=\u00bb{}\u00bb][et_pb_row column_structure=\u00bb1_4,1_4,1_4,1_4&#8243; _builder_version=\u00bb4.16&#8243; _module_preset=\u00bbdefault\u00bb width_tablet=\u00bb\u00bb width_phone=\u00bb89%\u00bb width_last_edited=\u00bbon|phone\u00bb custom_margin=\u00bb||||false|false\u00bb custom_margin_tablet=\u00bb||||false|false\u00bb custom_margin_phone=\u00bb50px||||false|false\u00bb custom_margin_last_edited=\u00bbon|phone\u00bb custom_padding=\u00bb0px|||||\u00bb global_colors_info=\u00bb{}\u00bb][et_pb_column type=\u00bb1_4&#8243; _builder_version=\u00bb4.16&#8243; _module_preset=\u00bbdefault\u00bb global_colors_info=\u00bb{}\u00bb][et_pb_text _builder_version=\u00bb4.18.1&#8243; _module_preset=\u00bbdefault\u00bb header_2_font=\u00bbNoto Sans|700|||||||\u00bb header_2_text_color=\u00bb#00205b\u00bb header_2_font_size=\u00bb20px\u00bb header_2_line_height=\u00bb1.3em\u00bb background_color=\u00bb#f5f5f5&#8243; custom_margin=\u00bb|-300px||0px|false|false\u00bb custom_margin_tablet=\u00bb\u00bb custom_margin_phone=\u00bb|0px||0px|false|false\u00bb custom_margin_last_edited=\u00bbon|phone\u00bb custom_padding=\u00bb31px||28px|40px|false|false\u00bb custom_padding_tablet=\u00bb31px||28px|40px|false|false\u00bb custom_padding_phone=\u00bb31px||28px|20px|false|false\u00bb custom_padding_last_edited=\u00bbon|phone\u00bb border_radii=\u00bbon|45px|45px|45px|45px\u00bb global_colors_info=\u00bb{}\u00bb]<\/p>\n<h2>Microarrays<\/h2>\n<p>[\/et_pb_text][et_pb_text content_tablet=\u00bb<\/p>\n<h2>Detecci\u00f3n microbiana<\/h2>\n<p>\u00bb content_phone=\u00bb<\/p>\n<h2>Detecci\u00f3n microbiana<\/h2>\n<p>\u00bb content_last_edited=\u00bbon|phone\u00bb _builder_version=\u00bb4.18.1&#8243; _module_preset=\u00bbdefault\u00bb header_2_font=\u00bbNoto Sans|700|||||||\u00bb header_2_text_color=\u00bb#00205b\u00bb header_2_font_size=\u00bb20px\u00bb header_2_line_height=\u00bb1.3em\u00bb background_color=\u00bb#f5f5f5&#8243; max_height=\u00bb88px\u00bb custom_margin=\u00bb|-300px||0px|false|false\u00bb custom_margin_tablet=\u00bb\u00bb custom_margin_phone=\u00bb|0px||0px|false|false\u00bb custom_margin_last_edited=\u00bbon|phone\u00bb custom_padding=\u00bb19px||28px|40px|false|false\u00bb custom_padding_tablet=\u00bb28px||28px|20px|false|false\u00bb custom_padding_phone=\u00bb\u00bb custom_padding_last_edited=\u00bbon|tablet\u00bb border_radii=\u00bbon|45px|45px|45px|45px\u00bb global_colors_info=\u00bb{}\u00bb]<\/p>\n<h2>Detecci\u00f3n<br \/>microbiana<\/h2>\n<p>[\/et_pb_text][et_pb_text content_tablet=\u00bb<\/p>\n<h2>Analizadores PCR<\/h2>\n<p>\u00bb content_phone=\u00bb<\/p>\n<h2>Analizadores PCR<\/h2>\n<p>\u00bb content_last_edited=\u00bbon|phone\u00bb _builder_version=\u00bb4.18.1&#8243; _module_preset=\u00bbdefault\u00bb header_2_font=\u00bbNoto Sans|700|||||||\u00bb header_2_text_color=\u00bb#00205b\u00bb header_2_font_size=\u00bb20px\u00bb header_2_line_height=\u00bb1.3em\u00bb background_color=\u00bb#f5f5f5&#8243; max_height=\u00bb88px\u00bb custom_margin=\u00bb|-300px||0px|false|false\u00bb custom_margin_tablet=\u00bb\u00bb custom_margin_phone=\u00bb|0px||0px|false|false\u00bb custom_margin_last_edited=\u00bbon|phone\u00bb custom_padding=\u00bb19px||28px|40px|false|false\u00bb custom_padding_tablet=\u00bb28px||28px|20px|false|false\u00bb custom_padding_phone=\u00bb\u00bb custom_padding_last_edited=\u00bbon|tablet\u00bb border_radii=\u00bbon|45px|45px|45px|45px\u00bb global_colors_info=\u00bb{}\u00bb]<\/p>\n<h2>Analizadores<br \/>PCR<\/h2>\n<p>[\/et_pb_text][\/et_pb_column][et_pb_column type=\u00bb1_4&#8243; _builder_version=\u00bb4.16&#8243; _module_preset=\u00bbdefault\u00bb global_colors_info=\u00bb{}\u00bb][et_pb_image src=\u00bbhttps:\/\/www.diagnostics.sener\/wp-content\/uploads\/2021\/03\/Group-13.png\u00bb title_text=\u00bbGroup-13&#8243; align=\u00bbright\u00bb _builder_version=\u00bb4.16&#8243; _module_preset=\u00bbdefault\u00bb width=\u00bb47%\u00bb width_tablet=\u00bb36%\u00bb width_phone=\u00bb33%\u00bb width_last_edited=\u00bbon|tablet\u00bb custom_margin=\u00bb-5px||||false|false\u00bb custom_margin_tablet=\u00bb\u00bb custom_margin_phone=\u00bb-367px||||false|false\u00bb custom_margin_last_edited=\u00bbon|phone\u00bb global_colors_info=\u00bb{}\u00bb][\/et_pb_image][et_pb_image src=\u00bbhttps:\/\/www.diagnostics.sener\/wp-content\/uploads\/2021\/03\/Group-11.png\u00bb title_text=\u00bbGroup-11&#8243; align=\u00bbright\u00bb _builder_version=\u00bb4.16&#8243; _module_preset=\u00bbdefault\u00bb custom_margin=\u00bb-10px||||false|false\u00bb global_colors_info=\u00bb{}\u00bb][\/et_pb_image][et_pb_image src=\u00bbhttps:\/\/www.diagnostics.sener\/wp-content\/uploads\/2021\/03\/analizadores_pcr.png\u00bb title_text=\u00bbanalizadores_pcr\u00bb align=\u00bbright\u00bb _builder_version=\u00bb4.16&#8243; _module_preset=\u00bbdefault\u00bb height=\u00bb103px\u00bb custom_margin=\u00bb-15px||||false|false\u00bb custom_margin_tablet=\u00bb\u00bb custom_margin_phone=\u00bb-19px||||false|false\u00bb custom_margin_last_edited=\u00bbon|phone\u00bb global_colors_info=\u00bb{}\u00bb][\/et_pb_image][\/et_pb_column][et_pb_column type=\u00bb1_4&#8243; _builder_version=\u00bb4.16&#8243; _module_preset=\u00bbdefault\u00bb global_colors_info=\u00bb{}\u00bb][et_pb_text content_tablet=\u00bb<\/p>\n<h2>Sistemas ELISA\/IFA<\/h2>\n<p>\u00bb content_phone=\u00bb<\/p>\n<h2>Sistemas ELISA\/IFA<\/h2>\n<p>\u00bb content_last_edited=\u00bbon|phone\u00bb _builder_version=\u00bb4.18.1&#8243; _module_preset=\u00bbdefault\u00bb header_2_font=\u00bbNoto Sans|700|||||||\u00bb header_2_text_color=\u00bb#00205b\u00bb header_2_font_size=\u00bb20px\u00bb header_2_line_height=\u00bb1.3em\u00bb background_color=\u00bb#f5f5f5&#8243; max_height=\u00bb88px\u00bb custom_margin=\u00bb|-300px||0px|false|false\u00bb custom_margin_tablet=\u00bb\u00bb custom_margin_phone=\u00bb-31px|0px||0px|false|false\u00bb custom_margin_last_edited=\u00bbon|phone\u00bb custom_padding=\u00bb19px||28px|40px|false|false\u00bb custom_padding_tablet=\u00bb28px||28px|20px|false|false\u00bb custom_padding_phone=\u00bb\u00bb custom_padding_last_edited=\u00bbon|tablet\u00bb border_radii=\u00bbon|45px|45px|45px|45px\u00bb global_colors_info=\u00bb{}\u00bb]<\/p>\n<h2>Sistemas<br \/>ELISA\/IFA<\/h2>\n<p>[\/et_pb_text][et_pb_text content_tablet=\u00bb<\/p>\n<h2>Sistemas y aplicaciones de microgravedad<\/h2>\n<p>\u00bb content_phone=\u00bb<\/p>\n<h2>Sistemas y aplicaciones de microgravedad<\/h2>\n<p>\u00bb content_last_edited=\u00bbon|phone\u00bb _builder_version=\u00bb4.18.1&#8243; _module_preset=\u00bbdefault\u00bb header_2_font=\u00bbNoto Sans|700|||||||\u00bb header_2_text_color=\u00bb#00205b\u00bb header_2_font_size=\u00bb20px\u00bb header_2_line_height=\u00bb1.3em\u00bb background_color=\u00bb#f5f5f5&#8243; max_height=\u00bb88px\u00bb custom_margin=\u00bb|-300px||0px|false|false\u00bb custom_margin_tablet=\u00bb\u00bb custom_margin_phone=\u00bb|0px||0px|false|false\u00bb custom_margin_last_edited=\u00bbon|phone\u00bb custom_padding=\u00bb3px||28px|40px|false|false\u00bb custom_padding_tablet=\u00bb27px||28px|20px|false|false\u00bb custom_padding_phone=\u00bb17px||||false|false\u00bb custom_padding_last_edited=\u00bbon|tablet\u00bb border_radii=\u00bbon|45px|45px|45px|45px\u00bb global_colors_info=\u00bb{}\u00bb]<\/p>\n<h2>Sistemas y<br \/>aplicaciones de<br \/>microgravedad<\/h2>\n<p>[\/et_pb_text][\/et_pb_column][et_pb_column type=\u00bb1_4&#8243; _builder_version=\u00bb4.16&#8243; _module_preset=\u00bbdefault\u00bb global_colors_info=\u00bb{}\u00bb][et_pb_image src=\u00bbhttps:\/\/www.diagnostics.sener\/wp-content\/uploads\/2021\/03\/Group-4.png\u00bb title_text=\u00bbGroup-4&#8243; align=\u00bbright\u00bb _builder_version=\u00bb4.16&#8243; _module_preset=\u00bbdefault\u00bb custom_margin=\u00bb-5px||||false|false\u00bb custom_margin_tablet=\u00bb\u00bb custom_margin_phone=\u00bb-242px||||false|false\u00bb custom_margin_last_edited=\u00bbon|phone\u00bb global_colors_info=\u00bb{}\u00bb][\/et_pb_image][et_pb_image src=\u00bbhttps:\/\/www.diagnostics.sener\/wp-content\/uploads\/2021\/03\/aplicaciones-microgravedad.png\u00bb title_text=\u00bbaplicaciones-microgravedad\u00bb align=\u00bbright\u00bb _builder_version=\u00bb4.16&#8243; _module_preset=\u00bbdefault\u00bb height=\u00bb103px\u00bb custom_margin=\u00bb-15px||||false|false\u00bb global_colors_info=\u00bb{}\u00bb][\/et_pb_image][\/et_pb_column][\/et_pb_row][\/et_pb_section][et_pb_section fb_built=\u00bb1&#8243; _builder_version=\u00bb4.18.1&#8243; _module_preset=\u00bbdefault\u00bb background_color=\u00bb#ebf8f6&#8243; custom_margin=\u00bb||||false|false\u00bb custom_padding=\u00bb0px||21px|||\u00bb global_colors_info=\u00bb{}\u00bb][et_pb_row _builder_version=\u00bb4.16&#8243; _module_preset=\u00bbdefault\u00bb custom_padding=\u00bb0px|||||\u00bb global_colors_info=\u00bb{}\u00bb][et_pb_column type=\u00bb4_4&#8243; _builder_version=\u00bb4.16&#8243; _module_preset=\u00bbdefault\u00bb global_colors_info=\u00bb{}\u00bb][et_pb_text _builder_version=\u00bb4.18.1&#8243; header_font=\u00bbNoto Sans|700|||||||\u00bb header_text_color=\u00bb#625398&#8243; header_font_size=\u00bb43px\u00bb header_line_height=\u00bb1.3em\u00bb header_2_font=\u00bbNoto Sans|700|||||||\u00bb header_2_text_align=\u00bbleft\u00bb header_2_text_color=\u00bb#00205b\u00bb header_2_font_size=\u00bb36px\u00bb header_2_line_height=\u00bb43px\u00bb background_enable_color=\u00bboff\u00bb module_alignment=\u00bbcenter\u00bb custom_margin=\u00bb0px||-49px|0px|false|false\u00bb custom_padding=\u00bb110px|10%|110px|10%|true|false\u00bb animation_style=\u00bbslide\u00bb animation_direction=\u00bbright\u00bb hover_transition_speed_curve=\u00bbease-in-out\u00bb header_2_font_size_tablet=\u00bb32px\u00bb header_2_font_size_phone=\u00bb20px\u00bb header_2_font_size_last_edited=\u00bbon|phone\u00bb global_colors_info=\u00bb{}\u00bb]<\/p>\n<h2 style=\"text-align: center;\">Empecemos juntos un <span class=\"texto-destacado\">nuevo proyecto<\/span><\/h2>\n<p>[\/et_pb_text][et_pb_button button_url=\u00bbhttps:\/\/www.diagnostics.sener\/es\/contacto\/\u00bb button_text=\u00bbEMPEZAR\u00bb button_alignment=\u00bbcenter\u00bb _builder_version=\u00bb4.18.1&#8243; custom_button=\u00bbon\u00bb button_text_size=\u00bb14px\u00bb button_text_color=\u00bb#FFFFFF\u00bb button_bg_color=\u00bb#3cbfae\u00bb button_border_width=\u00bb0px\u00bb button_letter_spacing=\u00bb1px\u00bb button_font=\u00bbNoto Sans|700|||||||\u00bb custom_margin=\u00bb||5%|0px|false|false\u00bb custom_padding=\u00bb11px|50px|11px|50px|true|true\u00bb box_shadow_style=\u00bbpreset3&#8243; box_shadow_blur=\u00bb10px\u00bb box_shadow_spread=\u00bb-3px\u00bb box_shadow_color=\u00bbrgba(14,77,227,0.2)\u00bb locked=\u00bboff\u00bb global_colors_info=\u00bb{}\u00bb][\/et_pb_button][\/et_pb_column][\/et_pb_row][\/et_pb_section]<\/p>\n","protected":false},"excerpt":{"rendered":"<p>Diagn\u00f3sticos La creciente aparici\u00f3n de nuevas t\u00e9cnicas moleculares complementarias a la microbiolog\u00eda tradicional nos permite desarrollar instrumentos novedosos con un claro valor a\u00f1adido para el mercadoSener Diagnostics ofrece desarrollospersonalizados a nuestros clientes en aquellast\u00e9cnicas involucradas en este campo.MicroarraysDetecci\u00f3nmicrobianaAnalizadoresPCRSistemasELISA\/IFASistemas yaplicaciones demicrogravedadEmpecemos juntos un nuevo proyecto<\/p>\n","protected":false},"author":1,"featured_media":0,"parent":0,"menu_order":11,"comment_status":"closed","ping_status":"closed","template":"","meta":{"_et_pb_use_builder":"on","_et_pb_old_content":"","_et_gb_content_width":"","footnotes":""},"class_list":["post-1526","page","type-page","status-publish","hentry"],"yoast_head":"<!-- This site is optimized with the Yoast SEO plugin v25.9 - https:\/\/yoast.com\/wordpress\/plugins\/seo\/ -->\n<title>Diagn\u00f3sticos - Sener<\/title>\n<meta name=\"robots\" content=\"index, follow, max-snippet:-1, max-image-preview:large, max-video-preview:-1\" \/>\n<link rel=\"canonical\" href=\"https:\/\/www.diagnostics.sener\/es\/diagnosticos\/\" \/>\n<meta property=\"og:locale\" content=\"es_ES\" \/>\n<meta property=\"og:type\" content=\"article\" \/>\n<meta property=\"og:title\" content=\"Diagn\u00f3sticos - Sener\" \/>\n<meta property=\"og:description\" content=\"Diagn\u00f3sticos La creciente aparici\u00f3n de nuevas t\u00e9cnicas moleculares complementarias a la microbiolog\u00eda tradicional nos permite desarrollar instrumentos novedosos con un claro valor a\u00f1adido para el mercadoSener Diagnostics ofrece desarrollospersonalizados a nuestros clientes en aquellast\u00e9cnicas involucradas en este campo.MicroarraysDetecci\u00f3nmicrobianaAnalizadoresPCRSistemasELISA\/IFASistemas yaplicaciones demicrogravedadEmpecemos juntos un nuevo proyecto\" \/>\n<meta property=\"og:url\" content=\"https:\/\/www.diagnostics.sener\/es\/diagnosticos\/\" \/>\n<meta property=\"og:site_name\" content=\"Sener\" \/>\n<meta property=\"article:modified_time\" content=\"2023-09-21T11:12:58+00:00\" \/>\n<meta name=\"twitter:card\" content=\"summary_large_image\" \/>\n<meta name=\"twitter:label1\" content=\"Tiempo de lectura\" \/>\n\t<meta name=\"twitter:data1\" content=\"10 minutos\" \/>\n<script type=\"application\/ld+json\" class=\"yoast-schema-graph\">{\"@context\":\"https:\/\/schema.org\",\"@graph\":[{\"@type\":\"WebPage\",\"@id\":\"https:\/\/www.diagnostics.sener\/es\/diagnosticos\/\",\"url\":\"https:\/\/www.diagnostics.sener\/es\/diagnosticos\/\",\"name\":\"Diagn\u00f3sticos - Sener\",\"isPartOf\":{\"@id\":\"https:\/\/www.diagnostics.sener\/es\/#website\"},\"datePublished\":\"2021-03-03T11:57:26+00:00\",\"dateModified\":\"2023-09-21T11:12:58+00:00\",\"breadcrumb\":{\"@id\":\"https:\/\/www.diagnostics.sener\/es\/diagnosticos\/#breadcrumb\"},\"inLanguage\":\"es\",\"potentialAction\":[{\"@type\":\"ReadAction\",\"target\":[\"https:\/\/www.diagnostics.sener\/es\/diagnosticos\/\"]}]},{\"@type\":\"BreadcrumbList\",\"@id\":\"https:\/\/www.diagnostics.sener\/es\/diagnosticos\/#breadcrumb\",\"itemListElement\":[{\"@type\":\"ListItem\",\"position\":1,\"name\":\"Portada\",\"item\":\"https:\/\/www.diagnostics.sener\/es\/\"},{\"@type\":\"ListItem\",\"position\":2,\"name\":\"Diagn\u00f3sticos\"}]},{\"@type\":\"WebSite\",\"@id\":\"https:\/\/www.diagnostics.sener\/es\/#website\",\"url\":\"https:\/\/www.diagnostics.sener\/es\/\",\"name\":\"Sener\",\"description\":\"Diagnostics\",\"potentialAction\":[{\"@type\":\"SearchAction\",\"target\":{\"@type\":\"EntryPoint\",\"urlTemplate\":\"https:\/\/www.diagnostics.sener\/es\/?s={search_term_string}\"},\"query-input\":{\"@type\":\"PropertyValueSpecification\",\"valueRequired\":true,\"valueName\":\"search_term_string\"}}],\"inLanguage\":\"es\"}]}<\/script>\n<!-- \/ Yoast SEO plugin. -->","yoast_head_json":{"title":"Diagn\u00f3sticos - Sener","robots":{"index":"index","follow":"follow","max-snippet":"max-snippet:-1","max-image-preview":"max-image-preview:large","max-video-preview":"max-video-preview:-1"},"canonical":"https:\/\/www.diagnostics.sener\/es\/diagnosticos\/","og_locale":"es_ES","og_type":"article","og_title":"Diagn\u00f3sticos - Sener","og_description":"Diagn\u00f3sticos La creciente aparici\u00f3n de nuevas t\u00e9cnicas moleculares complementarias a la microbiolog\u00eda tradicional nos permite desarrollar instrumentos novedosos con un claro valor a\u00f1adido para el mercadoSener Diagnostics ofrece desarrollospersonalizados a nuestros clientes en aquellast\u00e9cnicas involucradas en este campo.MicroarraysDetecci\u00f3nmicrobianaAnalizadoresPCRSistemasELISA\/IFASistemas yaplicaciones demicrogravedadEmpecemos juntos un nuevo proyecto","og_url":"https:\/\/www.diagnostics.sener\/es\/diagnosticos\/","og_site_name":"Sener","article_modified_time":"2023-09-21T11:12:58+00:00","twitter_card":"summary_large_image","twitter_misc":{"Tiempo de lectura":"10 minutos"},"schema":{"@context":"https:\/\/schema.org","@graph":[{"@type":"WebPage","@id":"https:\/\/www.diagnostics.sener\/es\/diagnosticos\/","url":"https:\/\/www.diagnostics.sener\/es\/diagnosticos\/","name":"Diagn\u00f3sticos - Sener","isPartOf":{"@id":"https:\/\/www.diagnostics.sener\/es\/#website"},"datePublished":"2021-03-03T11:57:26+00:00","dateModified":"2023-09-21T11:12:58+00:00","breadcrumb":{"@id":"https:\/\/www.diagnostics.sener\/es\/diagnosticos\/#breadcrumb"},"inLanguage":"es","potentialAction":[{"@type":"ReadAction","target":["https:\/\/www.diagnostics.sener\/es\/diagnosticos\/"]}]},{"@type":"BreadcrumbList","@id":"https:\/\/www.diagnostics.sener\/es\/diagnosticos\/#breadcrumb","itemListElement":[{"@type":"ListItem","position":1,"name":"Portada","item":"https:\/\/www.diagnostics.sener\/es\/"},{"@type":"ListItem","position":2,"name":"Diagn\u00f3sticos"}]},{"@type":"WebSite","@id":"https:\/\/www.diagnostics.sener\/es\/#website","url":"https:\/\/www.diagnostics.sener\/es\/","name":"Sener","description":"Diagnostics","potentialAction":[{"@type":"SearchAction","target":{"@type":"EntryPoint","urlTemplate":"https:\/\/www.diagnostics.sener\/es\/?s={search_term_string}"},"query-input":{"@type":"PropertyValueSpecification","valueRequired":true,"valueName":"search_term_string"}}],"inLanguage":"es"}]}},"_links":{"self":[{"href":"https:\/\/www.diagnostics.sener\/es\/wp-json\/wp\/v2\/pages\/1526","targetHints":{"allow":["GET"]}}],"collection":[{"href":"https:\/\/www.diagnostics.sener\/es\/wp-json\/wp\/v2\/pages"}],"about":[{"href":"https:\/\/www.diagnostics.sener\/es\/wp-json\/wp\/v2\/types\/page"}],"author":[{"embeddable":true,"href":"https:\/\/www.diagnostics.sener\/es\/wp-json\/wp\/v2\/users\/1"}],"replies":[{"embeddable":true,"href":"https:\/\/www.diagnostics.sener\/es\/wp-json\/wp\/v2\/comments?post=1526"}],"version-history":[{"count":71,"href":"https:\/\/www.diagnostics.sener\/es\/wp-json\/wp\/v2\/pages\/1526\/revisions"}],"predecessor-version":[{"id":7951,"href":"https:\/\/www.diagnostics.sener\/es\/wp-json\/wp\/v2\/pages\/1526\/revisions\/7951"}],"wp:attachment":[{"href":"https:\/\/www.diagnostics.sener\/es\/wp-json\/wp\/v2\/media?parent=1526"}],"curies":[{"name":"wp","href":"https:\/\/api.w.org\/{rel}","templated":true}]}}