{"id":1688,"date":"2021-03-04T15:29:51","date_gmt":"2021-03-04T15:29:51","guid":{"rendered":"https:\/\/www.diagnostics.sener\/?page_id=1688"},"modified":"2022-12-02T13:43:07","modified_gmt":"2022-12-02T13:43:07","slug":"innovacion-abierta","status":"publish","type":"page","link":"https:\/\/www.diagnostics.sener\/es\/innovacion-abierta\/","title":{"rendered":"Innovacion abierta"},"content":{"rendered":"<p>[et_pb_section fb_built=\u00bb1&#8243; custom_padding_last_edited=\u00bboff|desktop\u00bb admin_label=\u00bbHero\u00bb _builder_version=\u00bb4.16&#8243; background_enable_color=\u00bboff\u00bb background_image=\u00bbhttps:\/\/www.diagnostics.sener\/wp-content\/uploads\/2021\/04\/innovacion_abierta_header.jpg\u00bb background_enable_video_mp4=\u00bboff\u00bb background_enable_video_webm=\u00bboff\u00bb background_video_width=\u00bb1920&#8243; background_video_height=\u00bb1080&#8243; transform_translate_linked=\u00bboff\u00bb max_height=\u00bb450px\u00bb custom_margin=\u00bb0px||||false|false\u00bb custom_margin_last_edited=\u00bboff|tablet\u00bb custom_padding=\u00bb296px||0px|0vw|false|false\u00bb custom_padding_tablet=\u00bb||||false|true\u00bb bottom_divider_color=\u00bb#FFFFFF\u00bb locked=\u00bboff\u00bb global_colors_info=\u00bb{}\u00bb custom_css_main_element_last_edited=\u00bbon|desktop\u00bb][et_pb_row _builder_version=\u00bb4.16&#8243; _module_preset=\u00bbdefault\u00bb width=\u00bb40%\u00bb width_tablet=\u00bb\u00bb width_phone=\u00bb80%\u00bb width_last_edited=\u00bbon|phone\u00bb custom_margin=\u00bb|43%||auto|false|false\u00bb custom_margin_tablet=\u00bb|43%||80px|false|false\u00bb custom_margin_phone=\u00bb|10%||auto|false|false\u00bb custom_margin_last_edited=\u00bbon|phone\u00bb global_colors_info=\u00bb{}\u00bb][et_pb_column type=\u00bb4_4&#8243; _builder_version=\u00bb4.16&#8243; _module_preset=\u00bbdefault\u00bb global_colors_info=\u00bb{}\u00bb][et_pb_text _builder_version=\u00bb4.18.1&#8243; text_text_color=\u00bb#FFFFFF\u00bb text_font_size=\u00bb16px\u00bb text_line_height=\u00bb26px\u00bb header_font=\u00bbNoto Sans|700|||||||\u00bb header_text_color=\u00bb#FFFFFF\u00bb header_font_size=\u00bb43px\u00bb header_line_height=\u00bb53px\u00bb header_2_font=\u00bbNoto Sans|700|||||||\u00bb header_2_text_align=\u00bbleft\u00bb header_2_text_color=\u00bb#625398&#8243; header_2_font_size=\u00bb36px\u00bb header_2_line_height=\u00bb1.2em\u00bb header_3_font=\u00bbNoto Serif||||||||\u00bb header_3_text_color=\u00bb#625398&#8243; header_3_font_size=\u00bb16px\u00bb header_3_line_height=\u00bb1.6em\u00bb background_color=\u00bb#00205b\u00bb module_alignment=\u00bbcenter\u00bb custom_margin=\u00bb-61px|||0px|false|false\u00bb custom_padding=\u00bb28px|10%|28px|10%|true|true\u00bb animation_style=\u00bbslide\u00bb animation_direction=\u00bbright\u00bb hover_transition_speed_curve=\u00bbease-in-out\u00bb hover_enabled=\u00bb0&#8243; header_font_size_tablet=\u00bb43px\u00bb header_font_size_phone=\u00bb32px\u00bb header_font_size_last_edited=\u00bbon|tablet\u00bb header_2_font_size_tablet=\u00bb32px\u00bb header_2_font_size_phone=\u00bb20px\u00bb header_2_font_size_last_edited=\u00bbon|phone\u00bb header_3_font_size_tablet=\u00bb24px\u00bb header_3_font_size_phone=\u00bb20px\u00bb header_3_font_size_last_edited=\u00bbon|tablet\u00bb box_shadow_style=\u00bbpreset1&#8243; box_shadow_vertical=\u00bb0px\u00bb box_shadow_blur=\u00bb5px\u00bb box_shadow_color=\u00bb#cbcbcd\u00bb global_colors_info=\u00bb{}\u00bb content_last_edited=\u00bbon|tablet\u00bb sticky_enabled=\u00bb0&#8243; content_tablet=\u00bb<\/p>\n<h1 style=%22text-align: left;%22>Innovaci\u00f3n abierta<\/h1>\n<p>&nbsp;<\/p>\n<p>Sener Diagnostics destaca por su pasi\u00f3n por la innovaci\u00f3n y los nuevos descubrimientos.<\/p>\n<p>\u00bb content_phone=\u00bb<\/p>\n<h1 style=%22text-align: left;%22>Innovaci\u00f3n abierta<\/h1>\n<p>&nbsp;<\/p>\n<p>Sener Diagnostics destaca por su pasi\u00f3n por la innovaci\u00f3n y los nuevos descubrimientos.<\/p>\n<p>\u00ab]<\/p>\n<h1 style=\"text-align: left;\">Innovaci\u00f3n abierta<\/h1>\n<p>&nbsp;<\/p>\n<p>Sener Diagnostics destaca por su pasi\u00f3n por la innovaci\u00f3n y los nuevos descubrimientos.<\/p>\n<p>[\/et_pb_text][\/et_pb_column][\/et_pb_row][\/et_pb_section][et_pb_section fb_built=\u00bb1&#8243; _builder_version=\u00bb4.16&#8243; _module_preset=\u00bbdefault\u00bb background_color=\u00bb#FFFFFF\u00bb custom_padding=\u00bb120px||55px|||\u00bb global_colors_info=\u00bb{}\u00bb][et_pb_row _builder_version=\u00bb4.16&#8243; _module_preset=\u00bbdefault\u00bb global_colors_info=\u00bb{}\u00bb][et_pb_column type=\u00bb4_4&#8243; _builder_version=\u00bb4.16&#8243; _module_preset=\u00bbdefault\u00bb global_colors_info=\u00bb{}\u00bb][et_pb_text content_tablet=\u00bb<\/p>\n<p style=%22text-align: center;%22><span>Si compartes nuestra pasi\u00f3n por <span class=%22texto-destacado%22>descubrir y desarrollar<\/span> mejores soluciones de automatizaci\u00f3n de<br \/>\nlaboratorio y diagn\u00f3stico microbiol\u00f3gico y molecular,<br \/>\nentonces \u00e9ste es el lugar adecuado para ti.<\/span><\/p>\n<p>\u00bb content_phone=\u00bb<\/p>\n<p style=%22text-align: center;%22><span>Si compartes nuestra pasi\u00f3n por <span class=%22texto-destacado%22>descubrir y desarrollar<\/span> mejores soluciones de automatizaci\u00f3n de laboratorio y diagn\u00f3stico microbiol\u00f3gico y molecular, entonces \u00e9ste es el lugar adecuado para ti.<\/span><\/p>\n<p>\u00bb content_last_edited=\u00bbon|phone\u00bb _builder_version=\u00bb4.18.1&#8243; text_font=\u00bbNoto Sans|700|||||||\u00bb text_text_color=\u00bb#00205b\u00bb text_font_size=\u00bb31px\u00bb text_line_height=\u00bb40px\u00bb header_font=\u00bbNoto Sans|700|||||||\u00bb header_text_color=\u00bb#625398&#8243; header_font_size=\u00bb51px\u00bb header_2_font=\u00bbNoto Sans|700|||||||\u00bb header_2_text_align=\u00bbleft\u00bb header_2_text_color=\u00bb#00205b\u00bb header_2_font_size=\u00bb31px\u00bb header_2_line_height=\u00bb40px\u00bb background_enable_color=\u00bboff\u00bb module_alignment=\u00bbcenter\u00bb custom_margin=\u00bb0px||||false|false\u00bb custom_padding=\u00bb0px|20px|0px|20px|false|true\u00bb custom_padding_tablet=\u00bb|0px||0px|false|true\u00bb custom_padding_phone=\u00bb50px|0px|0px|0px|false|true\u00bb custom_padding_last_edited=\u00bbon|phone\u00bb animation_style=\u00bbslide\u00bb animation_direction=\u00bbright\u00bb hover_transition_speed_curve=\u00bbease-in-out\u00bb hover_enabled=\u00bb0&#8243; header_2_font_size_tablet=\u00bb24px\u00bb header_2_font_size_phone=\u00bb20px\u00bb header_2_font_size_last_edited=\u00bbon|phone\u00bb global_colors_info=\u00bb{}\u00bb sticky_enabled=\u00bb0&#8243;]<\/p>\n<p style=\"text-align: center;\"><span>Si compartes nuestra pasi\u00f3n por <span class=\"texto-destacado\">descubrir y<br \/>desarrollar<\/span> mejores soluciones de automatizaci\u00f3n de<br \/>laboratorio y diagn\u00f3stico microbiol\u00f3gico y molecular,<br \/>entonces \u00e9ste es el lugar adecuado para ti.<\/span><\/p>\n<p>[\/et_pb_text][\/et_pb_column][\/et_pb_row][\/et_pb_section][et_pb_section fb_built=\u00bb1&#8243; _builder_version=\u00bb4.16&#8243; _module_preset=\u00bbdefault\u00bb background_enable_color=\u00bboff\u00bb background_image=\u00bbhttps:\/\/www.diagnostics.sener\/wp-content\/uploads\/2021\/04\/cta.jpg\u00bb custom_margin=\u00bb||||false|false\u00bb custom_padding=\u00bb0px||0px|||\u00bb global_colors_info=\u00bb{}\u00bb][et_pb_row _builder_version=\u00bb4.16&#8243; _module_preset=\u00bbdefault\u00bb global_colors_info=\u00bb{}\u00bb][et_pb_column type=\u00bb4_4&#8243; _builder_version=\u00bb4.16&#8243; _module_preset=\u00bbdefault\u00bb global_colors_info=\u00bb{}\u00bb][et_pb_text _builder_version=\u00bb4.16&#8243; header_font=\u00bbNoto Sans|700|||||||\u00bb header_text_color=\u00bb#625398&#8243; header_font_size=\u00bb43px\u00bb header_line_height=\u00bb1.3em\u00bb header_2_font=\u00bbNoto Sans|700|||||||\u00bb header_2_text_align=\u00bbleft\u00bb header_2_text_color=\u00bb#FFFFFF\u00bb header_2_font_size=\u00bb36px\u00bb header_2_line_height=\u00bb1.1em\u00bb background_enable_color=\u00bboff\u00bb module_alignment=\u00bbcenter\u00bb custom_margin=\u00bb0px||-49px|0px|false|false\u00bb custom_padding=\u00bb110px|10%|110px|10%|true|false\u00bb animation_style=\u00bbslide\u00bb animation_direction=\u00bbright\u00bb hover_transition_speed_curve=\u00bbease-in-out\u00bb header_2_font_size_tablet=\u00bb32px\u00bb header_2_font_size_phone=\u00bb20px\u00bb header_2_font_size_last_edited=\u00bbon|phone\u00bb global_colors_info=\u00bb{}\u00bb]<\/p>\n<h2 style=\"text-align: center;\">\u00a0Empecemos juntos un nuevo proyecto<\/h2>\n<p>[\/et_pb_text][et_pb_button button_url=\u00bbhttps:\/\/www.diagnostics.sener\/es\/contacto\/\u00bb button_text=\u00bbEMPEZAR\u00bb button_alignment=\u00bbcenter\u00bb _builder_version=\u00bb4.18.1&#8243; custom_button=\u00bbon\u00bb button_text_size=\u00bb14px\u00bb button_text_color=\u00bb#FFFFFF\u00bb button_bg_color=\u00bb#3cbfae\u00bb button_border_width=\u00bb0px\u00bb button_letter_spacing=\u00bb1px\u00bb button_font=\u00bbNoto Sans|700|||||||\u00bb custom_margin=\u00bb3%||7.8%||false|false\u00bb custom_padding=\u00bb11px|50px|11px|50px|true|true\u00bb box_shadow_style=\u00bbpreset3&#8243; box_shadow_blur=\u00bb10px\u00bb box_shadow_spread=\u00bb-3px\u00bb box_shadow_color=\u00bbrgba(14,77,227,0.2)\u00bb locked=\u00bboff\u00bb global_colors_info=\u00bb{}\u00bb][\/et_pb_button][\/et_pb_column][\/et_pb_row][\/et_pb_section]<\/p>\n","protected":false},"excerpt":{"rendered":"<p>Innovaci\u00f3n abierta &nbsp; Sener Diagnostics destaca por su pasi\u00f3n por la innovaci\u00f3n y los nuevos descubrimientos.Si compartes nuestra pasi\u00f3n por descubrir ydesarrollar mejores soluciones de automatizaci\u00f3n delaboratorio y diagn\u00f3stico microbiol\u00f3gico y molecular,entonces \u00e9ste es el lugar adecuado para ti.\u00a0Empecemos juntos un nuevo proyecto<\/p>\n","protected":false},"author":1,"featured_media":0,"parent":0,"menu_order":15,"comment_status":"closed","ping_status":"closed","template":"","meta":{"_et_pb_use_builder":"on","_et_pb_old_content":"","_et_gb_content_width":"","footnotes":""},"class_list":["post-1688","page","type-page","status-publish","hentry"],"yoast_head":"<!-- This site is optimized with the Yoast SEO plugin v25.9 - https:\/\/yoast.com\/wordpress\/plugins\/seo\/ -->\n<title>Innovacion abierta - Sener<\/title>\n<meta name=\"robots\" content=\"index, follow, max-snippet:-1, max-image-preview:large, max-video-preview:-1\" \/>\n<link rel=\"canonical\" href=\"https:\/\/www.diagnostics.sener\/es\/innovacion-abierta\/\" \/>\n<meta property=\"og:locale\" content=\"es_ES\" \/>\n<meta property=\"og:type\" content=\"article\" \/>\n<meta property=\"og:title\" content=\"Innovacion abierta - Sener\" \/>\n<meta property=\"og:description\" content=\"Innovaci\u00f3n abierta &nbsp; Sener Diagnostics destaca por su pasi\u00f3n por la innovaci\u00f3n y los nuevos descubrimientos.Si compartes nuestra pasi\u00f3n por descubrir ydesarrollar mejores soluciones de automatizaci\u00f3n delaboratorio y diagn\u00f3stico microbiol\u00f3gico y molecular,entonces \u00e9ste es el lugar adecuado para ti.\u00a0Empecemos juntos un nuevo proyecto\" \/>\n<meta property=\"og:url\" content=\"https:\/\/www.diagnostics.sener\/es\/innovacion-abierta\/\" \/>\n<meta property=\"og:site_name\" content=\"Sener\" \/>\n<meta property=\"article:modified_time\" content=\"2022-12-02T13:43:07+00:00\" \/>\n<meta name=\"twitter:card\" content=\"summary_large_image\" \/>\n<meta name=\"twitter:label1\" content=\"Tiempo de lectura\" \/>\n\t<meta name=\"twitter:data1\" content=\"5 minutos\" \/>\n<script type=\"application\/ld+json\" class=\"yoast-schema-graph\">{\"@context\":\"https:\/\/schema.org\",\"@graph\":[{\"@type\":\"WebPage\",\"@id\":\"https:\/\/www.diagnostics.sener\/es\/innovacion-abierta\/\",\"url\":\"https:\/\/www.diagnostics.sener\/es\/innovacion-abierta\/\",\"name\":\"Innovacion abierta - Sener\",\"isPartOf\":{\"@id\":\"https:\/\/www.diagnostics.sener\/es\/#website\"},\"datePublished\":\"2021-03-04T15:29:51+00:00\",\"dateModified\":\"2022-12-02T13:43:07+00:00\",\"breadcrumb\":{\"@id\":\"https:\/\/www.diagnostics.sener\/es\/innovacion-abierta\/#breadcrumb\"},\"inLanguage\":\"es\",\"potentialAction\":[{\"@type\":\"ReadAction\",\"target\":[\"https:\/\/www.diagnostics.sener\/es\/innovacion-abierta\/\"]}]},{\"@type\":\"BreadcrumbList\",\"@id\":\"https:\/\/www.diagnostics.sener\/es\/innovacion-abierta\/#breadcrumb\",\"itemListElement\":[{\"@type\":\"ListItem\",\"position\":1,\"name\":\"Portada\",\"item\":\"https:\/\/www.diagnostics.sener\/es\/\"},{\"@type\":\"ListItem\",\"position\":2,\"name\":\"Innovacion abierta\"}]},{\"@type\":\"WebSite\",\"@id\":\"https:\/\/www.diagnostics.sener\/es\/#website\",\"url\":\"https:\/\/www.diagnostics.sener\/es\/\",\"name\":\"Sener\",\"description\":\"Diagnostics\",\"potentialAction\":[{\"@type\":\"SearchAction\",\"target\":{\"@type\":\"EntryPoint\",\"urlTemplate\":\"https:\/\/www.diagnostics.sener\/es\/?s={search_term_string}\"},\"query-input\":{\"@type\":\"PropertyValueSpecification\",\"valueRequired\":true,\"valueName\":\"search_term_string\"}}],\"inLanguage\":\"es\"}]}<\/script>\n<!-- \/ Yoast SEO plugin. -->","yoast_head_json":{"title":"Innovacion abierta - Sener","robots":{"index":"index","follow":"follow","max-snippet":"max-snippet:-1","max-image-preview":"max-image-preview:large","max-video-preview":"max-video-preview:-1"},"canonical":"https:\/\/www.diagnostics.sener\/es\/innovacion-abierta\/","og_locale":"es_ES","og_type":"article","og_title":"Innovacion abierta - Sener","og_description":"Innovaci\u00f3n abierta &nbsp; Sener Diagnostics destaca por su pasi\u00f3n por la innovaci\u00f3n y los nuevos descubrimientos.Si compartes nuestra pasi\u00f3n por descubrir ydesarrollar mejores soluciones de automatizaci\u00f3n delaboratorio y diagn\u00f3stico microbiol\u00f3gico y molecular,entonces \u00e9ste es el lugar adecuado para ti.\u00a0Empecemos juntos un nuevo proyecto","og_url":"https:\/\/www.diagnostics.sener\/es\/innovacion-abierta\/","og_site_name":"Sener","article_modified_time":"2022-12-02T13:43:07+00:00","twitter_card":"summary_large_image","twitter_misc":{"Tiempo de lectura":"5 minutos"},"schema":{"@context":"https:\/\/schema.org","@graph":[{"@type":"WebPage","@id":"https:\/\/www.diagnostics.sener\/es\/innovacion-abierta\/","url":"https:\/\/www.diagnostics.sener\/es\/innovacion-abierta\/","name":"Innovacion abierta - Sener","isPartOf":{"@id":"https:\/\/www.diagnostics.sener\/es\/#website"},"datePublished":"2021-03-04T15:29:51+00:00","dateModified":"2022-12-02T13:43:07+00:00","breadcrumb":{"@id":"https:\/\/www.diagnostics.sener\/es\/innovacion-abierta\/#breadcrumb"},"inLanguage":"es","potentialAction":[{"@type":"ReadAction","target":["https:\/\/www.diagnostics.sener\/es\/innovacion-abierta\/"]}]},{"@type":"BreadcrumbList","@id":"https:\/\/www.diagnostics.sener\/es\/innovacion-abierta\/#breadcrumb","itemListElement":[{"@type":"ListItem","position":1,"name":"Portada","item":"https:\/\/www.diagnostics.sener\/es\/"},{"@type":"ListItem","position":2,"name":"Innovacion abierta"}]},{"@type":"WebSite","@id":"https:\/\/www.diagnostics.sener\/es\/#website","url":"https:\/\/www.diagnostics.sener\/es\/","name":"Sener","description":"Diagnostics","potentialAction":[{"@type":"SearchAction","target":{"@type":"EntryPoint","urlTemplate":"https:\/\/www.diagnostics.sener\/es\/?s={search_term_string}"},"query-input":{"@type":"PropertyValueSpecification","valueRequired":true,"valueName":"search_term_string"}}],"inLanguage":"es"}]}},"_links":{"self":[{"href":"https:\/\/www.diagnostics.sener\/es\/wp-json\/wp\/v2\/pages\/1688","targetHints":{"allow":["GET"]}}],"collection":[{"href":"https:\/\/www.diagnostics.sener\/es\/wp-json\/wp\/v2\/pages"}],"about":[{"href":"https:\/\/www.diagnostics.sener\/es\/wp-json\/wp\/v2\/types\/page"}],"author":[{"embeddable":true,"href":"https:\/\/www.diagnostics.sener\/es\/wp-json\/wp\/v2\/users\/1"}],"replies":[{"embeddable":true,"href":"https:\/\/www.diagnostics.sener\/es\/wp-json\/wp\/v2\/comments?post=1688"}],"version-history":[{"count":26,"href":"https:\/\/www.diagnostics.sener\/es\/wp-json\/wp\/v2\/pages\/1688\/revisions"}],"predecessor-version":[{"id":7271,"href":"https:\/\/www.diagnostics.sener\/es\/wp-json\/wp\/v2\/pages\/1688\/revisions\/7271"}],"wp:attachment":[{"href":"https:\/\/www.diagnostics.sener\/es\/wp-json\/wp\/v2\/media?parent=1688"}],"curies":[{"name":"wp","href":"https:\/\/api.w.org\/{rel}","templated":true}]}}