{"id":1738,"date":"2021-03-04T18:13:36","date_gmt":"2021-03-04T18:13:36","guid":{"rendered":"https:\/\/www.diagnostics.sener\/?page_id=1738"},"modified":"2022-12-02T13:44:38","modified_gmt":"2022-12-02T13:44:38","slug":"blog-2","status":"publish","type":"page","link":"https:\/\/www.diagnostics.sener\/es\/blog-2\/","title":{"rendered":"Blog"},"content":{"rendered":"<p>[et_pb_section fb_built=\u00bb1&#8243; custom_padding_last_edited=\u00bboff|desktop\u00bb admin_label=\u00bbHero\u00bb _builder_version=\u00bb4.16&#8243; background_enable_color=\u00bboff\u00bb background_image=\u00bbhttps:\/\/www.diagnostics.sener\/wp-content\/uploads\/2021\/06\/News.jpg\u00bb background_enable_video_mp4=\u00bboff\u00bb background_enable_video_webm=\u00bboff\u00bb background_video_width=\u00bb1920&#8243; background_video_height=\u00bb1080&#8243; transform_translate_linked=\u00bboff\u00bb max_height=\u00bb450px\u00bb custom_margin=\u00bb0px||||false|false\u00bb custom_margin_last_edited=\u00bboff|tablet\u00bb custom_padding=\u00bb296px||0px|0vw|false|false\u00bb custom_padding_tablet=\u00bb||||false|true\u00bb bottom_divider_color=\u00bb#FFFFFF\u00bb locked=\u00bboff\u00bb global_colors_info=\u00bb{}\u00bb custom_css_main_element_last_edited=\u00bbon|desktop\u00bb][et_pb_row _builder_version=\u00bb4.16&#8243; _module_preset=\u00bbdefault\u00bb width=\u00bb40%\u00bb width_tablet=\u00bb\u00bb width_phone=\u00bb85%\u00bb width_last_edited=\u00bbon|phone\u00bb custom_margin=\u00bb|||170px|false|false\u00bb custom_margin_tablet=\u00bb|||75px|false|false\u00bb custom_margin_phone=\u00bb|||25px|false|false\u00bb custom_margin_last_edited=\u00bbon|tablet\u00bb global_colors_info=\u00bb{}\u00bb][et_pb_column type=\u00bb4_4&#8243; _builder_version=\u00bb4.16&#8243; _module_preset=\u00bbdefault\u00bb global_colors_info=\u00bb{}\u00bb][et_pb_text content_tablet=\u00bb<\/p>\n<h1 style=%22text-align: left;%22>Noticias Sener Diagnostics<\/h1>\n<p>&nbsp;<\/p>\n<p><span>Sigue nuestro blog para mantenerte al d\u00eda de las noticias que ofrecemos en Sener Diagnostics<\/span>\u00bb content_phone=\u00bb<\/p>\n<h1 style=%22text-align: left;%22>Noticias Sener Diagnostics<\/h1>\n<p>&nbsp;<\/p>\n<p><span>Sigue nuestro blog para mantenerte al d\u00eda de las noticias que ofrecemos en Sener Diagnostics<\/span>\u00bb content_last_edited=\u00bbon|phone\u00bb _builder_version=\u00bb4.18.1&#8243; text_text_color=\u00bb#FFFFFF\u00bb text_font_size=\u00bb16px\u00bb text_line_height=\u00bb26px\u00bb header_font=\u00bbNoto Sans|700|||||||\u00bb header_text_color=\u00bb#FFFFFF\u00bb header_font_size=\u00bb43px\u00bb header_line_height=\u00bb53px\u00bb header_2_font=\u00bbNoto Sans|700|||||||\u00bb header_2_text_align=\u00bbleft\u00bb header_2_text_color=\u00bb#625398&#8243; header_2_font_size=\u00bb36px\u00bb header_2_line_height=\u00bb1.2em\u00bb header_3_font=\u00bbNoto Serif||||||||\u00bb header_3_text_color=\u00bb#625398&#8243; header_3_font_size=\u00bb16px\u00bb header_3_line_height=\u00bb1.6em\u00bb background_color=\u00bb#00205b\u00bb module_alignment=\u00bbcenter\u00bb custom_margin=\u00bb-61px|||1px|false|false\u00bb custom_padding=\u00bb28px|10%|28px|10%|true|true\u00bb animation_style=\u00bbslide\u00bb animation_direction=\u00bbright\u00bb hover_transition_speed_curve=\u00bbease-in-out\u00bb hover_enabled=\u00bb0&#8243; header_font_size_tablet=\u00bb43px\u00bb header_font_size_phone=\u00bb32px\u00bb header_font_size_last_edited=\u00bbon|phone\u00bb header_2_font_size_tablet=\u00bb32px\u00bb header_2_font_size_phone=\u00bb20px\u00bb header_2_font_size_last_edited=\u00bbon|phone\u00bb header_3_font_size_tablet=\u00bb24px\u00bb header_3_font_size_phone=\u00bb20px\u00bb header_3_font_size_last_edited=\u00bbon|tablet\u00bb box_shadow_style=\u00bbpreset1&#8243; box_shadow_vertical=\u00bb0px\u00bb box_shadow_blur=\u00bb5px\u00bb box_shadow_color=\u00bb#cbcbcd\u00bb global_colors_info=\u00bb{}\u00bb sticky_enabled=\u00bb0&#8243;]<\/p>\n<h1 style=\"text-align: left;\">Noticias Sener Diagnostics<\/h1>\n<p>&nbsp;<\/p>\n<p><span>Sigue nuestro blog para mantenerte al d\u00eda de las noticias que ofrecemos en Sener Diagnostics<\/span>[\/et_pb_text][\/et_pb_column][\/et_pb_row][\/et_pb_section][et_pb_section fb_built=\u00bb1&#8243; _builder_version=\u00bb4.16&#8243; _module_preset=\u00bbdefault\u00bb background_color=\u00bb#FFFFFF\u00bb custom_padding=\u00bb234px||234px||true|\u00bb global_colors_info=\u00bb{}\u00bb][et_pb_row _builder_version=\u00bb4.16&#8243; _module_preset=\u00bbdefault\u00bb global_colors_info=\u00bb{}\u00bb][et_pb_column type=\u00bb4_4&#8243; _builder_version=\u00bb4.16&#8243; _module_preset=\u00bbdefault\u00bb global_colors_info=\u00bb{}\u00bb][et_pb_blog posts_number=\u00bb18&#8243; show_more=\u00bbon\u00bb show_author=\u00bboff\u00bb module_class=\u00bbpa-blog-equal-height\u00bb _builder_version=\u00bb4.18.1&#8243; header_font=\u00bbNoto Sans|600|||||||\u00bb header_text_color=\u00bb#00205b\u00bb header_font_size=\u00bb20px\u00bb header_line_height=\u00bb26px\u00bb body_font=\u00bbNoto Serif||||||||\u00bb body_text_align=\u00bbleft\u00bb body_text_color=\u00bb#76777b\u00bb body_font_size=\u00bb16px\u00bb body_line_height=\u00bb26px\u00bb meta_font=\u00bbNoto Serif||||||||\u00bb meta_text_color=\u00bb#bababa\u00bb meta_font_size=\u00bb16px\u00bb meta_line_height=\u00bb1.5em\u00bb read_more_font=\u00bbNoto Sans|700|||on|||#3cbfae|\u00bb read_more_text_color=\u00bb#3cbfae\u00bb read_more_font_size=\u00bb16px\u00bb read_more_line_height=\u00bb26px\u00bb text_orientation=\u00bbleft\u00bb animation_style=\u00bbslide\u00bb border_width_all=\u00bb0px\u00bb global_colors_info=\u00bb{}\u00bb][\/et_pb_blog][\/et_pb_column][\/et_pb_row][et_pb_row _builder_version=\u00bb4.18.1&#8243; _module_preset=\u00bbdefault\u00bb background_color=\u00bb#ebf8f6&#8243; max_height=\u00bb100px\u00bb global_colors_info=\u00bb{}\u00bb][et_pb_column type=\u00bb4_4&#8243; _builder_version=\u00bb4.16&#8243; _module_preset=\u00bbdefault\u00bb global_colors_info=\u00bb{}\u00bb][et_pb_text _builder_version=\u00bb4.18.1&#8243; header_2_font=\u00bbNoto Serif||||||||\u00bb header_2_text_align=\u00bbleft\u00bb header_2_text_color=\u00bb#00205b\u00bb header_2_font_size=\u00bb24px\u00bb header_2_line_height=\u00bb34px\u00bb module_alignment=\u00bbcenter\u00bb custom_margin=\u00bb3.3%||0px||false|true\u00bb custom_padding=\u00bb|13%||13%|false|true\u00bb animation_direction=\u00bbright\u00bb hover_transition_speed_curve=\u00bbease-in-out\u00bb header_2_font_size_tablet=\u00bb24px\u00bb header_2_font_size_phone=\u00bb20px\u00bb header_2_font_size_last_edited=\u00bbon|tablet\u00bb global_colors_info=\u00bb{}\u00bb]<\/p>\n<h2 style=\"text-align: center;\">Suscr\u00edbete a nuestro newsletter<\/h2>\n<h2 style=\"text-align: center;\">y recibe informaci\u00f3n y noticias del sector<\/h2>\n<p>[\/et_pb_text][et_pb_button button_url=\u00bbhttps:\/\/mailchi.mp\/2250475e1e36\/suscripcin\u00bb url_new_window=\u00bbon\u00bb button_text=\u00bbSUSCRIBIRME\u00bb button_alignment=\u00bbcenter\u00bb _builder_version=\u00bb4.18.1&#8243; custom_button=\u00bbon\u00bb button_text_size=\u00bb14px\u00bb button_text_color=\u00bb#FFFFFF\u00bb button_bg_color=\u00bb#3cbfae\u00bb button_border_width=\u00bb0px\u00bb button_letter_spacing=\u00bb1px\u00bb button_font=\u00bbNoto Sans|700|||||||\u00bb custom_margin=\u00bb3%||10%||false|false\u00bb custom_padding=\u00bb11px|50px|11px|50px|true|true\u00bb box_shadow_style=\u00bbpreset3&#8243; box_shadow_blur=\u00bb10px\u00bb box_shadow_spread=\u00bb-3px\u00bb box_shadow_color=\u00bbrgba(14,77,227,0.2)\u00bb locked=\u00bboff\u00bb global_colors_info=\u00bb{}\u00bb][\/et_pb_button][\/et_pb_column][\/et_pb_row][\/et_pb_section]<\/p>\n","protected":false},"excerpt":{"rendered":"<p>Noticias Sener Diagnostics &nbsp; Sigue nuestro blog para mantenerte al d\u00eda de las noticias que ofrecemos en Sener DiagnosticsSuscr\u00edbete a nuestro newsletter y recibe informaci\u00f3n y noticias del sector<\/p>\n","protected":false},"author":1,"featured_media":0,"parent":0,"menu_order":17,"comment_status":"closed","ping_status":"closed","template":"","meta":{"_et_pb_use_builder":"on","_et_pb_old_content":"","_et_gb_content_width":"","footnotes":""},"class_list":["post-1738","page","type-page","status-publish","hentry"],"yoast_head":"<!-- This site is optimized with the Yoast SEO plugin v25.9 - https:\/\/yoast.com\/wordpress\/plugins\/seo\/ -->\n<title>Blog - Sener<\/title>\n<meta name=\"robots\" content=\"index, follow, max-snippet:-1, max-image-preview:large, max-video-preview:-1\" \/>\n<link rel=\"canonical\" href=\"https:\/\/www.diagnostics.sener\/es\/blog-2\/\" \/>\n<meta property=\"og:locale\" content=\"es_ES\" \/>\n<meta property=\"og:type\" content=\"article\" \/>\n<meta property=\"og:title\" content=\"Blog - Sener\" \/>\n<meta property=\"og:description\" content=\"Noticias Sener Diagnostics &nbsp; Sigue nuestro blog para mantenerte al d\u00eda de las noticias que ofrecemos en Sener DiagnosticsSuscr\u00edbete a nuestro newsletter y recibe informaci\u00f3n y noticias del sector\" \/>\n<meta property=\"og:url\" content=\"https:\/\/www.diagnostics.sener\/es\/blog-2\/\" \/>\n<meta property=\"og:site_name\" content=\"Sener\" \/>\n<meta property=\"article:modified_time\" content=\"2022-12-02T13:44:38+00:00\" \/>\n<meta name=\"twitter:card\" content=\"summary_large_image\" \/>\n<meta name=\"twitter:label1\" content=\"Tiempo de lectura\" \/>\n\t<meta name=\"twitter:data1\" content=\"4 minutos\" \/>\n<script type=\"application\/ld+json\" class=\"yoast-schema-graph\">{\"@context\":\"https:\/\/schema.org\",\"@graph\":[{\"@type\":\"WebPage\",\"@id\":\"https:\/\/www.diagnostics.sener\/es\/blog-2\/\",\"url\":\"https:\/\/www.diagnostics.sener\/es\/blog-2\/\",\"name\":\"Blog - Sener\",\"isPartOf\":{\"@id\":\"https:\/\/www.diagnostics.sener\/es\/#website\"},\"datePublished\":\"2021-03-04T18:13:36+00:00\",\"dateModified\":\"2022-12-02T13:44:38+00:00\",\"breadcrumb\":{\"@id\":\"https:\/\/www.diagnostics.sener\/es\/blog-2\/#breadcrumb\"},\"inLanguage\":\"es\",\"potentialAction\":[{\"@type\":\"ReadAction\",\"target\":[\"https:\/\/www.diagnostics.sener\/es\/blog-2\/\"]}]},{\"@type\":\"BreadcrumbList\",\"@id\":\"https:\/\/www.diagnostics.sener\/es\/blog-2\/#breadcrumb\",\"itemListElement\":[{\"@type\":\"ListItem\",\"position\":1,\"name\":\"Portada\",\"item\":\"https:\/\/www.diagnostics.sener\/es\/\"},{\"@type\":\"ListItem\",\"position\":2,\"name\":\"Blog\"}]},{\"@type\":\"WebSite\",\"@id\":\"https:\/\/www.diagnostics.sener\/es\/#website\",\"url\":\"https:\/\/www.diagnostics.sener\/es\/\",\"name\":\"Sener\",\"description\":\"Diagnostics\",\"potentialAction\":[{\"@type\":\"SearchAction\",\"target\":{\"@type\":\"EntryPoint\",\"urlTemplate\":\"https:\/\/www.diagnostics.sener\/es\/?s={search_term_string}\"},\"query-input\":{\"@type\":\"PropertyValueSpecification\",\"valueRequired\":true,\"valueName\":\"search_term_string\"}}],\"inLanguage\":\"es\"}]}<\/script>\n<!-- \/ Yoast SEO plugin. -->","yoast_head_json":{"title":"Blog - Sener","robots":{"index":"index","follow":"follow","max-snippet":"max-snippet:-1","max-image-preview":"max-image-preview:large","max-video-preview":"max-video-preview:-1"},"canonical":"https:\/\/www.diagnostics.sener\/es\/blog-2\/","og_locale":"es_ES","og_type":"article","og_title":"Blog - Sener","og_description":"Noticias Sener Diagnostics &nbsp; Sigue nuestro blog para mantenerte al d\u00eda de las noticias que ofrecemos en Sener DiagnosticsSuscr\u00edbete a nuestro newsletter y recibe informaci\u00f3n y noticias del sector","og_url":"https:\/\/www.diagnostics.sener\/es\/blog-2\/","og_site_name":"Sener","article_modified_time":"2022-12-02T13:44:38+00:00","twitter_card":"summary_large_image","twitter_misc":{"Tiempo de lectura":"4 minutos"},"schema":{"@context":"https:\/\/schema.org","@graph":[{"@type":"WebPage","@id":"https:\/\/www.diagnostics.sener\/es\/blog-2\/","url":"https:\/\/www.diagnostics.sener\/es\/blog-2\/","name":"Blog - Sener","isPartOf":{"@id":"https:\/\/www.diagnostics.sener\/es\/#website"},"datePublished":"2021-03-04T18:13:36+00:00","dateModified":"2022-12-02T13:44:38+00:00","breadcrumb":{"@id":"https:\/\/www.diagnostics.sener\/es\/blog-2\/#breadcrumb"},"inLanguage":"es","potentialAction":[{"@type":"ReadAction","target":["https:\/\/www.diagnostics.sener\/es\/blog-2\/"]}]},{"@type":"BreadcrumbList","@id":"https:\/\/www.diagnostics.sener\/es\/blog-2\/#breadcrumb","itemListElement":[{"@type":"ListItem","position":1,"name":"Portada","item":"https:\/\/www.diagnostics.sener\/es\/"},{"@type":"ListItem","position":2,"name":"Blog"}]},{"@type":"WebSite","@id":"https:\/\/www.diagnostics.sener\/es\/#website","url":"https:\/\/www.diagnostics.sener\/es\/","name":"Sener","description":"Diagnostics","potentialAction":[{"@type":"SearchAction","target":{"@type":"EntryPoint","urlTemplate":"https:\/\/www.diagnostics.sener\/es\/?s={search_term_string}"},"query-input":{"@type":"PropertyValueSpecification","valueRequired":true,"valueName":"search_term_string"}}],"inLanguage":"es"}]}},"_links":{"self":[{"href":"https:\/\/www.diagnostics.sener\/es\/wp-json\/wp\/v2\/pages\/1738","targetHints":{"allow":["GET"]}}],"collection":[{"href":"https:\/\/www.diagnostics.sener\/es\/wp-json\/wp\/v2\/pages"}],"about":[{"href":"https:\/\/www.diagnostics.sener\/es\/wp-json\/wp\/v2\/types\/page"}],"author":[{"embeddable":true,"href":"https:\/\/www.diagnostics.sener\/es\/wp-json\/wp\/v2\/users\/1"}],"replies":[{"embeddable":true,"href":"https:\/\/www.diagnostics.sener\/es\/wp-json\/wp\/v2\/comments?post=1738"}],"version-history":[{"count":23,"href":"https:\/\/www.diagnostics.sener\/es\/wp-json\/wp\/v2\/pages\/1738\/revisions"}],"predecessor-version":[{"id":7273,"href":"https:\/\/www.diagnostics.sener\/es\/wp-json\/wp\/v2\/pages\/1738\/revisions\/7273"}],"wp:attachment":[{"href":"https:\/\/www.diagnostics.sener\/es\/wp-json\/wp\/v2\/media?parent=1738"}],"curies":[{"name":"wp","href":"https:\/\/api.w.org\/{rel}","templated":true}]}}