{"id":3,"date":"2021-02-05T10:42:38","date_gmt":"2021-02-05T10:42:38","guid":{"rendered":"https:\/\/www.diagnostics.sener\/?page_id=3"},"modified":"2022-11-30T15:29:06","modified_gmt":"2022-11-30T15:29:06","slug":"privacy-policy","status":"publish","type":"page","link":"https:\/\/www.diagnostics.sener\/es\/privacy-policy\/","title":{"rendered":"Aviso Legal"},"content":{"rendered":"\n<p>La presente p\u00e1gina web (www.diagnostics.sener) es titularidad de Sener DIAGNOSTICS cuya informaci\u00f3n general es:<\/p>\n\n\n\n<p>\uf0b7 Direcci\u00f3n: Parc de l\u2019Alba, C\/Creu Casas i Sicart, 86-88, 08290 Cerdanyola del<br>Vall\u00e8s , Barcelona&nbsp;(Espa\u00f1a).<br>\uf0b7 NIF: A-65.161.614<br>\uf0b7 Correo electr\u00f3nico: contact@diagnostics.sener<br>\uf0b7 Tel\u00e9fono: +34 932 283 300<br>\uf0b7 Informaci\u00f3n registral: Registro Mercantil de Barcelona, Tomo 43.602, Folio 143,<br>Hoja B-385.762<\/p>\n\n\n\n<h2 class=\"wp-block-heading\">UTILIZACI\u00d3N DE LA P\u00c1GINA WEB<\/h2>\n\n\n\n<p>Sener DIAGNOSTICS pone a disposici\u00f3n de los usuarios la presente p\u00e1gina web, cuyo objetivo principal es informar sobre nuestros servicios y qui\u00e9nes somos, los t\u00e9rminos y condiciones de funcionamiento de la misma. La utilizaci\u00f3n y  navegaci\u00f3n por cualquier persona en esta p\u00e1gina web atribuye a la misma la condici\u00f3n de usuario, lo que supone la aceptaci\u00f3n de los t\u00e9rminos y condiciones de uso de esa p\u00e1gina, publicados en el presente Aviso Legal.<\/p>\n\n\n\n<p>Los usuarios se comprometen a no utilizar la presente p\u00e1gina web ni la informaci\u00f3n publicada en la misma con fines o efectos il\u00edcitos, contrarios a los presentes t\u00e9rminos de uso, con efectos lesivos de derechos o intereses de terceros o que de cualquier otra forma puedan da\u00f1ar, inutilizar, sobrecargar o deteriorar esta p\u00e1gina web o la informaci\u00f3n contenida en la misma.<\/p>\n\n\n\n<p>Los usuarios deber\u00e1n abstenerse de obtener informaciones, mensajes, gr\u00e1ficos, dibujos, archivos de sonido y\/o imagen, software y, en general, cualquier clase de material accesible a trav\u00e9s de esta p\u00e1gina web mediante el uso de medios distintos a los que se hayan puesto a su disposici\u00f3n o, en general, de los empleados habitualmente en Internet. La prestaci\u00f3n de los servicios de esta p\u00e1gina web tiene car\u00e1cter gratuito, sin que se exija previa suscripci\u00f3n o registro.<br>El uso de la informaci\u00f3n personal de los usuarios se regir\u00e1 por lo establecido en la Pol\u00edtica de Privacidad.<\/p>\n\n\n\n<h2 class=\"wp-block-heading\">LINKS<\/h2>\n\n\n\n<p>La presente p\u00e1gina web puede poner a disposici\u00f3n de los usuarios medios t\u00e9cnicos de enlace (links, banners, accesos directos o herramientas de b\u00fasqueda, entre otros) que permiten a los usuarios acceder a otros sitios web pertenecientes y\/o gestionados por terceros. En este sentido, Sener DIAGNOSTICS no ofrece ni comercializa por s\u00ed misma ni por medio de terceros los servicios disponibles en los sitios web enlazados, ni controla o supervisa sobre los productos.<\/p>\n\n\n\n<p>Por consiguiente, Sener DIAGNOSTICS declina cualquier responsabilidad respecto de la informaci\u00f3n que se halle fuera de la presente p\u00e1gina web, as\u00ed como la que no sea gestionada directamente por Sener DIAGNOSTICS. Los usuarios que desean establecer un link, as\u00ed como practicar cualquier tipo de actuaci\u00f3n sobre esta p\u00e1gina web y el contenido alojado en la misma, deber\u00e1n requerir la autorizaci\u00f3n previa de Sener DIAGNOSTICS. Cualquier otro uso, cesi\u00f3n a terceros,<br>comunicaci\u00f3n o divulgaci\u00f3n de los contenidos, ya sea total o parcial, p\u00fablica o privada, queda prohibida. Sener DIAGNOSTICS se reserva el derecho de ejercitar las acciones legales civiles y penales que correspondan para exigir el cumplimiento de esta cl\u00e1usula y la reclamaci\u00f3n de da\u00f1os y perjuicios.<\/p>\n\n\n\n<h2 class=\"wp-block-heading\">DERECHOS DE PROPIEDAD INTELECTUAL E INDUSTRIAL<\/h2>\n\n\n\n<p>Los usuarios reconocen y aceptan que todos los derechos de propiedad industrial e intelectual sobre los contenidos y\/o cualesquiera otros elementos insertados en la presente p\u00e1gina web (incluyendo sin limitaci\u00f3n, marcas, logotipos, nombres comerciales, textos, im\u00e1genes, gr\u00e1ficos, dise\u00f1os, sonidos, bases de datos, software, diagramas de flujo, presentaci\u00f3n, \u201clook-and-feel\u201d, audio y v\u00eddeo), pertenecen a Sener DIAGNOSTICS y\/o a terceros. En ning\u00fan caso el acceso este sitio web implica, por parte de Sener DIAGNOSTICS y\/o terceros propietarios de los contenidos ning\u00fan tipo de renuncia, transmisi\u00f3n, licencia o cesi\u00f3n total ni parcial de dichos derechos, salvo que se establezca expresamente lo contrario.<\/p>\n\n\n\n<h2 class=\"wp-block-heading\">EXCLUSI\u00d3N DE GARANT\u00cdAS Y RESPONSABILIDAD<\/h2>\n\n\n\n<p>Sener DIAGNOSTICS no garantiza la disponibilidad y continuidad del funcionamiento esta p\u00e1gina web y no ser\u00e1, en ning\u00fan caso, responsable de los da\u00f1os y perjuicios que puedan derivarse de:<br>\uf0b7 La falta de disponibilidad o accesibilidad a esta p\u00e1gina web o a aquellos otros sitios con los que se haya establecido un link.<br>\uf0b7 La interrupci\u00f3n en el funcionamiento de esta p\u00e1gina o fallos inform\u00e1ticos, aver\u00edas telef\u00f3nicas, desconexiones, retrasos o bloqueos causados por deficiencias o sobrecargas en las l\u00edneas telef\u00f3nicas, en el sistema de Internet o en otros sistemas<br>electr\u00f3nicos producidos en el curso de su funcionamiento.<br>\uf0b7 La falta de idoneidad del presente sitio web para las necesidades espec\u00edficas de los usuarios.<br>\uf0b7 Otros da\u00f1os que puedan ser causados por terceras personas mediante intromisiones no autorizadas ajenas al control de Sener DIAGNOSTICS.<\/p>\n\n\n\n<p>Sener DIAGNOSTICS no garantiza la ausencia de virus ni de otros elementos malware en esta p\u00e1gina web, introducidos por terceros ajenos que puedan producir alteraciones en los sistemas f\u00edsicos o l\u00f3gicos de los usuarios o en los documentos electr\u00f3nicos y ficheros almacenados en sus sistemas, y no ser\u00e1 en ning\u00fan caso responsable de los da\u00f1os y perjuicios de toda naturaleza que pudieran derivarse de la presencia de virus u otros elementos que puedan producir alteraciones en los sistemas f\u00edsicos o l\u00f3gicos, documentos electr\u00f3nicos o ficheros de los usuarios.<\/p>\n\n\n\n<p>Sener DIAGNOSTICS ha adoptado diversas medidas de protecci\u00f3n para proteger este sitio web y los contenidos alojados en el mismo contra ataques inform\u00e1ticos de terceros. No obstante, Sener DIAGNOSTICS no garantiza que terceros no autorizados no puedan tener acceso al tipo de uso de esta p\u00e1gina web que hace el usuario o las condiciones, caracter\u00edsticas y circunstancias en las cuales se realiza dicho uso. En consecuencia, Sener DIAGNOSTICS no ser\u00e1 en ning\u00fan caso responsable de los da\u00f1os y perjuicios que pudieran derivarse de dicho acceso no autorizado. Adem\u00e1s, Sener DIAGNOSTICS no se har\u00e1 responsable en ning\u00fan caso del uso que los usuarios y\/o terceros pudieran hacer de la presente p\u00e1gina web, ni de los da\u00f1os y perjuicios que pudieran derivarse del mismo.<\/p>\n\n\n\n<p>Adicionalmente, los contenidos de este sitio web son de la exclusiva titularidad de Sener DIAGNOSTICS y se disponen de acuerdo con la buena fe y con los mejores est\u00e1ndares de calidad profesional. No obstante, Sener DIAGNOSTICS excluye cualquier tipo de responsabilidad por los da\u00f1os y perjuicios de toda naturaleza que puedan deberse a la falta de veracidad, exactitud, exhaustividad y\/o actualidad de los contenidos de esta p\u00e1gina web.<\/p>\n\n\n\n<h2 class=\"wp-block-heading\">MODIFICACI\u00d3N DEL AVISO LEGAL<\/h2>\n\n\n\n<p>Sener DIAGNOSTICS se reserva el derecho a modificar el presente Aviso Legal y los t\u00e9rminos de uso de la p\u00e1gina  contenidos en el mismo, siempre de acuerdo con los t\u00e9rminos permitidos por la legislaci\u00f3n espa\u00f1ola vigente y con la correspondiente comunicaci\u00f3n a los usuarios, mediante la publicaci\u00f3n en esta p\u00e1gina web o por cualquier otro medio de<br>comunicaci\u00f3n o difusi\u00f3n que se considere oportuno. <\/p>\n\n\n\n<p><strong>Aviso Legal actualizado con fecha de 23 de Abril 2021.<\/strong><\/p>\n","protected":false},"excerpt":{"rendered":"<p>La presente p\u00e1gina web (www.diagnostics.sener) es titularidad de Sener DIAGNOSTICS cuya informaci\u00f3n general es: \uf0b7 Direcci\u00f3n: Parc de l\u2019Alba, C\/Creu Casas i Sicart, 86-88, 08290 Cerdanyola delVall\u00e8s , Barcelona&nbsp;(Espa\u00f1a).\uf0b7 NIF: A-65.161.614\uf0b7 Correo electr\u00f3nico: contact@diagnostics.sener\uf0b7 Tel\u00e9fono: +34 932 283 300\uf0b7 Informaci\u00f3n registral: Registro Mercantil de Barcelona, Tomo 43.602, Folio 143,Hoja B-385.762 UTILIZACI\u00d3N DE LA P\u00c1GINA WEB [&hellip;]<\/p>\n","protected":false},"author":1,"featured_media":0,"parent":0,"menu_order":20,"comment_status":"closed","ping_status":"closed","template":"","meta":{"_et_pb_use_builder":"","_et_pb_old_content":"","_et_gb_content_width":"1080","footnotes":""},"class_list":["post-3","page","type-page","status-publish","hentry"],"yoast_head":"<!-- This site is optimized with the Yoast SEO plugin v25.9 - https:\/\/yoast.com\/wordpress\/plugins\/seo\/ -->\n<title>Aviso Legal - Sener<\/title>\n<meta name=\"robots\" content=\"index, follow, max-snippet:-1, max-image-preview:large, max-video-preview:-1\" \/>\n<link rel=\"canonical\" href=\"https:\/\/www.diagnostics.sener\/es\/privacy-policy\/\" \/>\n<meta property=\"og:locale\" content=\"es_ES\" \/>\n<meta property=\"og:type\" content=\"article\" \/>\n<meta property=\"og:title\" content=\"Aviso Legal - Sener\" \/>\n<meta property=\"og:description\" content=\"La presente p\u00e1gina web (www.diagnostics.sener) es titularidad de Sener DIAGNOSTICS cuya informaci\u00f3n general es: \uf0b7 Direcci\u00f3n: Parc de l\u2019Alba, C\/Creu Casas i Sicart, 86-88, 08290 Cerdanyola delVall\u00e8s , Barcelona&nbsp;(Espa\u00f1a).\uf0b7 NIF: A-65.161.614\uf0b7 Correo electr\u00f3nico: contact@diagnostics.sener\uf0b7 Tel\u00e9fono: +34 932 283 300\uf0b7 Informaci\u00f3n registral: Registro Mercantil de Barcelona, Tomo 43.602, Folio 143,Hoja B-385.762 UTILIZACI\u00d3N DE LA P\u00c1GINA WEB [&hellip;]\" \/>\n<meta property=\"og:url\" content=\"https:\/\/www.diagnostics.sener\/es\/privacy-policy\/\" \/>\n<meta property=\"og:site_name\" content=\"Sener\" \/>\n<meta property=\"article:modified_time\" content=\"2022-11-30T15:29:06+00:00\" \/>\n<meta name=\"twitter:card\" content=\"summary_large_image\" \/>\n<meta name=\"twitter:label1\" content=\"Tiempo de lectura\" \/>\n\t<meta name=\"twitter:data1\" content=\"6 minutos\" \/>\n<script type=\"application\/ld+json\" class=\"yoast-schema-graph\">{\"@context\":\"https:\/\/schema.org\",\"@graph\":[{\"@type\":\"WebPage\",\"@id\":\"https:\/\/www.diagnostics.sener\/es\/privacy-policy\/\",\"url\":\"https:\/\/www.diagnostics.sener\/es\/privacy-policy\/\",\"name\":\"Aviso Legal - Sener\",\"isPartOf\":{\"@id\":\"https:\/\/www.diagnostics.sener\/es\/#website\"},\"datePublished\":\"2021-02-05T10:42:38+00:00\",\"dateModified\":\"2022-11-30T15:29:06+00:00\",\"breadcrumb\":{\"@id\":\"https:\/\/www.diagnostics.sener\/es\/privacy-policy\/#breadcrumb\"},\"inLanguage\":\"es\",\"potentialAction\":[{\"@type\":\"ReadAction\",\"target\":[\"https:\/\/www.diagnostics.sener\/es\/privacy-policy\/\"]}]},{\"@type\":\"BreadcrumbList\",\"@id\":\"https:\/\/www.diagnostics.sener\/es\/privacy-policy\/#breadcrumb\",\"itemListElement\":[{\"@type\":\"ListItem\",\"position\":1,\"name\":\"Portada\",\"item\":\"https:\/\/www.diagnostics.sener\/es\/\"},{\"@type\":\"ListItem\",\"position\":2,\"name\":\"Aviso Legal\"}]},{\"@type\":\"WebSite\",\"@id\":\"https:\/\/www.diagnostics.sener\/es\/#website\",\"url\":\"https:\/\/www.diagnostics.sener\/es\/\",\"name\":\"Sener\",\"description\":\"Diagnostics\",\"potentialAction\":[{\"@type\":\"SearchAction\",\"target\":{\"@type\":\"EntryPoint\",\"urlTemplate\":\"https:\/\/www.diagnostics.sener\/es\/?s={search_term_string}\"},\"query-input\":{\"@type\":\"PropertyValueSpecification\",\"valueRequired\":true,\"valueName\":\"search_term_string\"}}],\"inLanguage\":\"es\"}]}<\/script>\n<!-- \/ Yoast SEO plugin. -->","yoast_head_json":{"title":"Aviso Legal - Sener","robots":{"index":"index","follow":"follow","max-snippet":"max-snippet:-1","max-image-preview":"max-image-preview:large","max-video-preview":"max-video-preview:-1"},"canonical":"https:\/\/www.diagnostics.sener\/es\/privacy-policy\/","og_locale":"es_ES","og_type":"article","og_title":"Aviso Legal - Sener","og_description":"La presente p\u00e1gina web (www.diagnostics.sener) es titularidad de Sener DIAGNOSTICS cuya informaci\u00f3n general es: \uf0b7 Direcci\u00f3n: Parc de l\u2019Alba, C\/Creu Casas i Sicart, 86-88, 08290 Cerdanyola delVall\u00e8s , Barcelona&nbsp;(Espa\u00f1a).\uf0b7 NIF: A-65.161.614\uf0b7 Correo electr\u00f3nico: contact@diagnostics.sener\uf0b7 Tel\u00e9fono: +34 932 283 300\uf0b7 Informaci\u00f3n registral: Registro Mercantil de Barcelona, Tomo 43.602, Folio 143,Hoja B-385.762 UTILIZACI\u00d3N DE LA P\u00c1GINA WEB [&hellip;]","og_url":"https:\/\/www.diagnostics.sener\/es\/privacy-policy\/","og_site_name":"Sener","article_modified_time":"2022-11-30T15:29:06+00:00","twitter_card":"summary_large_image","twitter_misc":{"Tiempo de lectura":"6 minutos"},"schema":{"@context":"https:\/\/schema.org","@graph":[{"@type":"WebPage","@id":"https:\/\/www.diagnostics.sener\/es\/privacy-policy\/","url":"https:\/\/www.diagnostics.sener\/es\/privacy-policy\/","name":"Aviso Legal - Sener","isPartOf":{"@id":"https:\/\/www.diagnostics.sener\/es\/#website"},"datePublished":"2021-02-05T10:42:38+00:00","dateModified":"2022-11-30T15:29:06+00:00","breadcrumb":{"@id":"https:\/\/www.diagnostics.sener\/es\/privacy-policy\/#breadcrumb"},"inLanguage":"es","potentialAction":[{"@type":"ReadAction","target":["https:\/\/www.diagnostics.sener\/es\/privacy-policy\/"]}]},{"@type":"BreadcrumbList","@id":"https:\/\/www.diagnostics.sener\/es\/privacy-policy\/#breadcrumb","itemListElement":[{"@type":"ListItem","position":1,"name":"Portada","item":"https:\/\/www.diagnostics.sener\/es\/"},{"@type":"ListItem","position":2,"name":"Aviso Legal"}]},{"@type":"WebSite","@id":"https:\/\/www.diagnostics.sener\/es\/#website","url":"https:\/\/www.diagnostics.sener\/es\/","name":"Sener","description":"Diagnostics","potentialAction":[{"@type":"SearchAction","target":{"@type":"EntryPoint","urlTemplate":"https:\/\/www.diagnostics.sener\/es\/?s={search_term_string}"},"query-input":{"@type":"PropertyValueSpecification","valueRequired":true,"valueName":"search_term_string"}}],"inLanguage":"es"}]}},"_links":{"self":[{"href":"https:\/\/www.diagnostics.sener\/es\/wp-json\/wp\/v2\/pages\/3","targetHints":{"allow":["GET"]}}],"collection":[{"href":"https:\/\/www.diagnostics.sener\/es\/wp-json\/wp\/v2\/pages"}],"about":[{"href":"https:\/\/www.diagnostics.sener\/es\/wp-json\/wp\/v2\/types\/page"}],"author":[{"embeddable":true,"href":"https:\/\/www.diagnostics.sener\/es\/wp-json\/wp\/v2\/users\/1"}],"replies":[{"embeddable":true,"href":"https:\/\/www.diagnostics.sener\/es\/wp-json\/wp\/v2\/comments?post=3"}],"version-history":[{"count":3,"href":"https:\/\/www.diagnostics.sener\/es\/wp-json\/wp\/v2\/pages\/3\/revisions"}],"predecessor-version":[{"id":3701,"href":"https:\/\/www.diagnostics.sener\/es\/wp-json\/wp\/v2\/pages\/3\/revisions\/3701"}],"wp:attachment":[{"href":"https:\/\/www.diagnostics.sener\/es\/wp-json\/wp\/v2\/media?parent=3"}],"curies":[{"name":"wp","href":"https:\/\/api.w.org\/{rel}","templated":true}]}}