{"id":3687,"date":"2021-04-14T08:38:18","date_gmt":"2021-04-14T08:38:18","guid":{"rendered":"https:\/\/www.diagnostics.sener\/?page_id=3687"},"modified":"2022-11-30T15:29:18","modified_gmt":"2022-11-30T15:29:18","slug":"politica-de-cookies","status":"publish","type":"page","link":"https:\/\/www.diagnostics.sener\/es\/politica-de-cookies\/","title":{"rendered":"Pol\u00edtica de cookies"},"content":{"rendered":"\n<h2 class=\"wp-block-heading\">QU\u00c9 ES UNA COOKIE Y C\u00d3MO LAS UTILIZAMOS<\/h2>\n\n\n\n<p>Una \u00abcookie\u00bb es un peque\u00f1o archivo que solicita permiso para alojarse en su disco duro. Una vez el usuario ha aceptado, el archivo es a\u00f1adido y ayuda a analizar el tr\u00e1fico web o le permite detectar cu\u00e1ndo dicho usuario visita una web en particular. La ley vigente permite que almacenemos cookies en su dispositivo, si estas son estrictamente necesarias para el funcionamiento de nuestra p\u00e1gina web, en base al inter\u00e9s leg\u00edtimo de Sener DIAGNOSTICS. As\u00ed, para el resto de cookies necesitamos su consentimiento, por lo que a continuaci\u00f3n le informamos de los diferentes tipos de cookies que utilizamos en nuestra p\u00e1gina web.<\/p>\n\n\n\n<p>Seg\u00fan su finalidad:<\/p>\n\n\n\n<p>\uf0b7 Cookies t\u00e9cnicas o necesarias: aquellas estrictamente necesarias para la correcta funcionalidad de nuestra p\u00e1gina web. No pueden desactivarse ya que, sin ellas, ciertas partes o funcionalidades de la web pueden no estar disponibles.<br>\uf0b7 Cookies de preferencias o personalizaci\u00f3n: permiten recordar informaci\u00f3n que cambia el aspecto o comportamiento del sitio web seg\u00fan las configuraciones del usuario, como el idioma, modo de visualizar los productos o adaptar la web al tipo de navegador a trav\u00e9s del cual se accede.<br>\uf0b7 Cookies de an\u00e1lisis y estad\u00edsticas: ayudan a comprender c\u00f3mo interact\u00faan los visitantes con la p\u00e1gina web, reuniendo y proporcionando informaci\u00f3n de forma an\u00f3nima como, por ejemplo, las visitas y vistas en la p\u00e1gina. Adem\u00e1s, permiten identificar problemas t\u00e9cnicos y encontrar la forma de optimizarlo. <br>\uf0b7 Cookies de marketing: se utilizan para personalizar el sitio web, mostrando recomendaciones personalizadas de productos o informaci\u00f3n al usuario en este u otros sitios web.<\/p>\n\n\n\n<p>Seg\u00fan el tiempo que permanecen activadas:<br><br>\uf0b7 Cookies de sesi\u00f3n: aquellas que guardan exclusivamente informaci\u00f3n del usuario durante el tiempo que dura su visita a nuestra p\u00e1gina web.<br>\uf0b7 Cookies persistentes: aquellas que retienen informaci\u00f3n de usuarios que acceden repetidas veces a nuestra p\u00e1gina web, recordando las preferencias seleccionadas durante un periodo de tiempo definido.<\/p>\n\n\n\n<p>Seg\u00fan la entidad que las gestiona:<\/p>\n\n\n\n<p>\uf0b7 Cookies propias: aquellas enviadas al terminal del usuario desde un dominio del sitio web gestionado por Sener DIAGNOSTICS y al que el usuario accede y solicita su servicio.<br>\uf0b7 Cookies de terceros: aquellas enviadas al equipo del usuario desde un dominio externo y no gestionado por Sener DIAGNOSTICS (como Google, YouTube o Twitter).<\/p>\n\n\n\n<p>Si desea obtener m\u00e1s informaci\u00f3n sobre qui\u00e9nes somos, c\u00f3mo puede contactarnos y c\u00f3mo tratamos sus datos personales, consulte nuestra&nbsp;Pol\u00edtica de Privacidad. Asimismo, informamos a nuestros usuarios que los datos personales tratados a trav\u00e9s de las cookies de terceros ser\u00e1n transferidos a Estados Unidos, existiendo las garant\u00edas de seguridad y protecci\u00f3n de datos necesarias para realizar dichas transferencias internacionales, a trav\u00e9s de su adhesi\u00f3n al Privacy Shield.<\/p>\n\n\n\n<h2 class=\"wp-block-heading\">LISTA DE COOKIES QUE UTILIZAMOS<\/h2>\n\n\n\n<p>En la tabla a continuaci\u00f3n se recoge un listado de las cookies utilizadas en la p\u00e1gina de Sener DIAGNOSTICS:<\/p>\n\n\n\n<p>Nombre: _ga_0J3XZNP3FR<br>Tipo: Anal\u00edtica<br>Objeto: Generar un identificador de usuario \u00fanico, que es el que se utiliza para hacer recuento de cu\u00e1ntas veces visita el sitio un usuario, as\u00ed como la fecha de la primera y la \u00faltima vez que visit\u00f3 la web. Registrar la fecha y hora de acceso a cualquiera de las p\u00e1ginas del Sitio. Comprobar la necesidad de mantener la sesi\u00f3n de un usuario abierta o crear una nueva. Identificar la sesi\u00f3n del usuario, para recoger la ubicaci\u00f3n geogr\u00e1fica aproximada del ordenador que accede al Sitio con efectos estad\u00edsticos.<br>Titularidad: Google<br>Dominio: .diagnostics.sener<br>Duraci\u00f3n: 2 a\u00f1os<\/p>\n\n\n\n<p>Nombre: wordpress_sec_1736dc470e4d159fbe943ac368e385cd<br>Tipo: Funcional<br>Objeto: Protecci\u00f3n contra hackers, almacenar detalles de cuentas.<br>Titularidad: WordPress<br>Dominio: www.diagnostics.sener<br>Duraci\u00f3n: Sesi\u00f3n<\/p>\n\n\n\n<p>Nombre: wp-wpml_current_language<br>Tipo: Funcional<br>Objeto: Almacenar preferencias de idioma<br>Titularidad: WPML<br>Dominio: www.diagnostics.sener<br>Duraci\u00f3n: 1 d\u00eda<\/p>\n\n\n\n<p>Nombre: _ga<br>Tipo: Anal\u00edtica<br>Objeto: Generar un identificador de usuario \u00fanico, que es el que se utiliza para hacer recuento de cu\u00e1ntas veces visita el sitio un usuario, as\u00ed como la fecha de la primera y la \u00faltima vez que visit\u00f3 la web. Registrar la fecha y hora de acceso a cualquiera de las p\u00e1ginas del Sitio. Comprobar la necesidad de mantener la sesi\u00f3n de un usuario abierta o crear una nueva. Identificar la sesi\u00f3n del usuario, para recoger la ubicaci\u00f3n geogr\u00e1fica aproximada del ordenador que accede al Sitio con efectos estad\u00edsticos.<br>Titularidad: Google<br>Dominio: .diagnostics.sener<br>Duraci\u00f3n: 2 a\u00f1os<\/p>\n\n\n\n<p>Nombre: et-pb-recent-items-colors<br>Tipo: Personalizaci\u00f3n<br>Objeto: Sirve para personalizar la Interfaz de Usuario.<br>Titularidad: Divi (Elegant themes)<br>Dominio: www.diagnostics.sener<br>Duraci\u00f3n: Indefinida<\/p>\n\n\n\n<p>Nombre: _pk_ref.23.f45b<br>Tipo: Estad\u00edstica<br>Objeto: Almacenar IDs de referencia<br>Titularidad: Matomo &#8211; Piwik<br>Dominio: .diagnostics.sener<br>Duraci\u00f3n: 6 meses<\/p>\n\n\n\n<p>Nombre: wp-settings-1<br>Tipo: Personalizaci\u00f3n<br>Objeto: Identifica al usuario con un n\u00famero coincidente al que posee en la base de datos de usuarios de la web.<br>Titularidad: WordPress<br>Dominio: www.diagnostics.sener<br>Duraci\u00f3n: 1 a\u00f1o<\/p>\n\n\n\n<p>Nombre: wfwaf-authcookie-d92c5725674df91052394b0061e49802<br>Tipo: Funcionalidad<br>Objeto: Se utiliza para autenticar la solicitud de inicio de sesi\u00f3n del usuario.<br>Titularidad: Wordfence (plugin WordPress)<br>Dominio: www.diagnostics.sener<br>Duraci\u00f3n: 1 d\u00eda<\/p>\n\n\n\n<p>Nombre: allowCookies<br>Tipo: Necesaria<br>Objeto: Permite cookies de usuario<br>Titularidad: Cookie Notice de Hu-manity.co para WordPress<br>Dominio: www.diagnostics.sener<br>Duraci\u00f3n: 1 a\u00f1o<\/p>\n\n\n\n<p>Nombre: wordpress_logged_in_1736dc470e4d159fbe943ac368e385cd<br>Tipo: Necesaria<br>Objeto: Despu\u00e9s del login, WordPress activa la cookie wordpress_logged_in [hash], que indica cuando te has conectado y qui\u00e9n eres, siendo usado para la interfaz de WordPress.<br>Titularidad: WordPress<br>Dominio: www.diagnostics.sener<br>Duraci\u00f3n: Sesi\u00f3n<\/p>\n\n\n\n<p>Nombre: wordpress_test_cookie<br>Tipo: Necesaria<br>Objeto: Esta cookie se utiliza para comprobar si el navegador del usuario admite cookies.<br>Titularidad: WordPress<br>Dominio: www.diagnostics.sener<br>Duraci\u00f3n: Sesi\u00f3n<\/p>\n\n\n\n<p>Nombre: wp-wpml_current_admin_language_d41d8cd98f00b204e9800998ecf8427e<br>Tipo: Funcional<br>Objeto:Almacena el idioma actual del \u00e1rea de administraci\u00f3n<br>Titularidad: WPML<br>Dominio: www.diagnostics.sener<br>Duraci\u00f3n: 12 horas<\/p>\n\n\n\n<p>Nombre: cookie_notice_accepted<br>Tipo: Funcional<br>Objeto: Cookie de uso interno necesaria para el funcionamiento de la visualizaci\u00f3n de la pol\u00edtica de cookies de la web. Esta cookie t\u00e9cnica nos permite conocer si ya se le ha mostrado el aviso de pol\u00edtica de cookies de nuestro Sitio Web para no mostrarlo de nuevo.<br>Titularidad: Cookie Notice de Hu-manity.co para WordPress<br>Dominio: www.diagnostics.sener<br>Duraci\u00f3n: 1 mes<\/p>\n\n\n\n<p>Nombre: _pk_id.23.f45b<br>Tipo: Estad\u00edstica<br>Objeto: Almacena un ID \u00fanico de usuario<br>Titular: Matomo &#8211; Piwik<br>Dominio: .diagnostics.sener<br>Duraci\u00f3n: 11 meses<\/p>\n\n\n\n<p>Nombre: wp-settings-time-1<br>Tipo: Personalizaci\u00f3n<br>Objeto: Estas cookies son utilizadas por WordPress para personalizar la Interfaz de Usuario. Guarda el ID de usuario individual de la tabla en la base de datos de usuarios. Se utiliza para personalizar la vista de interfaz de administraci\u00f3n y la interfaz principal del sitio.<br>Titularidad: WordPress<br>Dominio: www.diagnostics.sener<br>Duraci\u00f3n: 1 a\u00f1o<\/p>\n\n\n\n<h2 class=\"wp-block-heading\">MODIFICACI\u00d3N DE LA POL\u00cdTICA DE COOKIES<\/h2>\n\n\n\n<p>Sener DIAGNOSTICS se reserva el derecho a modificar la presente Pol\u00edtica de Cookies, siempre de acuerdo con los t\u00e9rminos permitidos por la legislaci\u00f3n espa\u00f1ola vigente y con la correspondiente comunicaci\u00f3n a los usuarios, mediante la<br>publicaci\u00f3n en esta p\u00e1gina web o por cualquier otro medio de comunicaci\u00f3n o difusi\u00f3n que se considere oportuno.<\/p>\n\n\n\n<p><strong>Pol\u00edtica de Cookies actualizada con fecha de 23 de Abril de 2021.<\/strong><\/p>\n","protected":false},"excerpt":{"rendered":"<p>QU\u00c9 ES UNA COOKIE Y C\u00d3MO LAS UTILIZAMOS Una \u00abcookie\u00bb es un peque\u00f1o archivo que solicita permiso para alojarse en su disco duro. Una vez el usuario ha aceptado, el archivo es a\u00f1adido y ayuda a analizar el tr\u00e1fico web o le permite detectar cu\u00e1ndo dicho usuario visita una web en particular. La ley vigente [&hellip;]<\/p>\n","protected":false},"author":1,"featured_media":0,"parent":0,"menu_order":40,"comment_status":"closed","ping_status":"closed","template":"","meta":{"_et_pb_use_builder":"off","_et_pb_old_content":"<!-- wp:heading -->\n<h2>QU\u00c9 ES UNA COOKIE Y C\u00d3MO LAS UTILIZAMOS<\/h2>\n<!-- \/wp:heading -->\n\n<!-- wp:paragraph -->\n<p>Una \"cookie\" es un peque\u00f1o archivo que solicita permiso para alojarse en su disco duro. Una vez el usuario ha aceptado, el archivo es a\u00f1adido y ayuda a analizar el tr\u00e1fico web o le permite detectar cu\u00e1ndo dicho usuario visita una web en particular. La ley vigente permite que almacenemos cookies en su dispositivo, si estas son estrictamente necesarias para el funcionamiento de nuestra p\u00e1gina web, en base al inter\u00e9s leg\u00edtimo de SENER DIAGNOSTICS. As\u00ed, para el resto de cookies necesitamos su consentimiento, por lo que a continuaci\u00f3n le informamos de los diferentes tipos de cookies que utilizamos en nuestra p\u00e1gina web.<\/p>\n<!-- \/wp:paragraph -->\n\n<!-- wp:paragraph -->\n<p>Seg\u00fan su finalidad:<\/p>\n<!-- \/wp:paragraph -->\n\n<!-- wp:paragraph -->\n<p>\uf0b7 Cookies t\u00e9cnicas o necesarias: aquellas estrictamente necesarias para la correcta funcionalidad de nuestra p\u00e1gina web. No pueden desactivarse ya que, sin ellas, ciertas partes o funcionalidades de la web pueden no estar disponibles.<br>\uf0b7 Cookies de preferencias o personalizaci\u00f3n: permiten recordar informaci\u00f3n que cambia el aspecto o comportamiento del sitio web seg\u00fan las configuraciones del usuario, como el idioma, modo de visualizar los productos o adaptar la web al tipo de navegador a trav\u00e9s del cual se accede.<br>\uf0b7 Cookies de an\u00e1lisis y estad\u00edsticas: ayudan a comprender c\u00f3mo interact\u00faan los visitantes con la p\u00e1gina web, reuniendo y proporcionando informaci\u00f3n de forma an\u00f3nima como, por ejemplo, las visitas y vistas en la p\u00e1gina. Adem\u00e1s, permiten identificar problemas t\u00e9cnicos y encontrar la forma de optimizarlo. <br>\uf0b7 Cookies de marketing: se utilizan para personalizar el sitio web, mostrando recomendaciones personalizadas de productos o informaci\u00f3n al usuario en este u otros sitios web.<\/p>\n<!-- \/wp:paragraph -->\n\n<!-- wp:paragraph -->\n<p>Seg\u00fan el tiempo que permanecen activadas:<br><br>\uf0b7 Cookies de sesi\u00f3n: aquellas que guardan exclusivamente informaci\u00f3n del usuario durante el tiempo que dura su visita a nuestra p\u00e1gina web.<br>\uf0b7 Cookies persistentes: aquellas que retienen informaci\u00f3n de usuarios que acceden repetidas veces a nuestra p\u00e1gina web, recordando las preferencias seleccionadas durante un periodo de tiempo definido.<\/p>\n<!-- \/wp:paragraph -->\n\n<!-- wp:paragraph -->\n<p>Seg\u00fan la entidad que las gestiona:<\/p>\n<!-- \/wp:paragraph -->\n\n<!-- wp:paragraph -->\n<p>\uf0b7 Cookies propias: aquellas enviadas al terminal del usuario desde un dominio del sitio web gestionado por SENER DIAGNOSTICS y al que el usuario accede y solicita su servicio.<br>\uf0b7 Cookies de terceros: aquellas enviadas al equipo del usuario desde un dominio externo y no gestionado por SENER DIAGNOSTICS (como Google, YouTube o Twitter).<\/p>\n<!-- \/wp:paragraph -->\n\n<!-- wp:paragraph -->\n<p>Si desea obtener m\u00e1s informaci\u00f3n sobre qui\u00e9nes somos, c\u00f3mo puede contactarnos y c\u00f3mo tratamos sus datos personales, consulte nuestra&nbsp;Pol\u00edtica de Privacidad. Asimismo, informamos a nuestros usuarios que los datos personales tratados a trav\u00e9s de las cookies de terceros ser\u00e1n transferidos a Estados Unidos, existiendo las garant\u00edas de seguridad y protecci\u00f3n de datos necesarias para realizar dichas transferencias internacionales, a trav\u00e9s de su adhesi\u00f3n al Privacy Shield.<\/p>\n<!-- \/wp:paragraph -->\n\n<!-- wp:heading -->\n<h2>LISTA DE COOKIES QUE UTILIZAMOS<\/h2>\n<!-- \/wp:heading -->\n\n<!-- wp:paragraph -->\n<p>En la tabla a continuaci\u00f3n se recoge un listado de las cookies utilizadas en la p\u00e1gina de SENER DIAGNOSTICS:<\/p>\n<!-- \/wp:paragraph -->\n\n<!-- wp:heading -->\n<h2>MODIFICACI\u00d3N DE LA POL\u00cdTICA DE COOKIES<\/h2>\n<!-- \/wp:heading -->\n\n<!-- wp:paragraph -->\n<p>SENER DIAGNOSTICS se reserva el derecho a modificar la presente Pol\u00edtica de Cookies, siempre de acuerdo con los t\u00e9rminos permitidos por la legislaci\u00f3n espa\u00f1ola vigente y con la correspondiente comunicaci\u00f3n a los usuarios, mediante la<br>publicaci\u00f3n en esta p\u00e1gina web o por cualquier otro medio de comunicaci\u00f3n o difusi\u00f3n que se considere oportuno.<\/p>\n<!-- \/wp:paragraph -->\n\n<!-- wp:paragraph -->\n<p><strong>Pol\u00edtica de Cookies actualizada con fecha de 23 de Abril de 2021.<\/strong><\/p>\n<!-- \/wp:paragraph -->","_et_gb_content_width":"1080","footnotes":""},"class_list":["post-3687","page","type-page","status-publish","hentry"],"yoast_head":"<!-- This site is optimized with the Yoast SEO plugin v25.9 - https:\/\/yoast.com\/wordpress\/plugins\/seo\/ -->\n<title>Pol\u00edtica de cookies - Sener<\/title>\n<meta name=\"robots\" content=\"index, follow, max-snippet:-1, max-image-preview:large, max-video-preview:-1\" \/>\n<link rel=\"canonical\" href=\"https:\/\/www.diagnostics.sener\/es\/politica-de-cookies\/\" \/>\n<meta property=\"og:locale\" content=\"es_ES\" \/>\n<meta property=\"og:type\" content=\"article\" \/>\n<meta property=\"og:title\" content=\"Pol\u00edtica de cookies - Sener\" \/>\n<meta property=\"og:description\" content=\"QU\u00c9 ES UNA COOKIE Y C\u00d3MO LAS UTILIZAMOS Una \u00abcookie\u00bb es un peque\u00f1o archivo que solicita permiso para alojarse en su disco duro. Una vez el usuario ha aceptado, el archivo es a\u00f1adido y ayuda a analizar el tr\u00e1fico web o le permite detectar cu\u00e1ndo dicho usuario visita una web en particular. La ley vigente [&hellip;]\" \/>\n<meta property=\"og:url\" content=\"https:\/\/www.diagnostics.sener\/es\/politica-de-cookies\/\" \/>\n<meta property=\"og:site_name\" content=\"Sener\" \/>\n<meta property=\"article:modified_time\" content=\"2022-11-30T15:29:18+00:00\" \/>\n<meta name=\"twitter:card\" content=\"summary_large_image\" \/>\n<meta name=\"twitter:label1\" content=\"Tiempo de lectura\" \/>\n\t<meta name=\"twitter:data1\" content=\"5 minutos\" \/>\n<script type=\"application\/ld+json\" class=\"yoast-schema-graph\">{\"@context\":\"https:\/\/schema.org\",\"@graph\":[{\"@type\":\"WebPage\",\"@id\":\"https:\/\/www.diagnostics.sener\/es\/politica-de-cookies\/\",\"url\":\"https:\/\/www.diagnostics.sener\/es\/politica-de-cookies\/\",\"name\":\"Pol\u00edtica de cookies - Sener\",\"isPartOf\":{\"@id\":\"https:\/\/www.diagnostics.sener\/es\/#website\"},\"datePublished\":\"2021-04-14T08:38:18+00:00\",\"dateModified\":\"2022-11-30T15:29:18+00:00\",\"breadcrumb\":{\"@id\":\"https:\/\/www.diagnostics.sener\/es\/politica-de-cookies\/#breadcrumb\"},\"inLanguage\":\"es\",\"potentialAction\":[{\"@type\":\"ReadAction\",\"target\":[\"https:\/\/www.diagnostics.sener\/es\/politica-de-cookies\/\"]}]},{\"@type\":\"BreadcrumbList\",\"@id\":\"https:\/\/www.diagnostics.sener\/es\/politica-de-cookies\/#breadcrumb\",\"itemListElement\":[{\"@type\":\"ListItem\",\"position\":1,\"name\":\"Portada\",\"item\":\"https:\/\/www.diagnostics.sener\/es\/\"},{\"@type\":\"ListItem\",\"position\":2,\"name\":\"Pol\u00edtica de cookies\"}]},{\"@type\":\"WebSite\",\"@id\":\"https:\/\/www.diagnostics.sener\/es\/#website\",\"url\":\"https:\/\/www.diagnostics.sener\/es\/\",\"name\":\"Sener\",\"description\":\"Diagnostics\",\"potentialAction\":[{\"@type\":\"SearchAction\",\"target\":{\"@type\":\"EntryPoint\",\"urlTemplate\":\"https:\/\/www.diagnostics.sener\/es\/?s={search_term_string}\"},\"query-input\":{\"@type\":\"PropertyValueSpecification\",\"valueRequired\":true,\"valueName\":\"search_term_string\"}}],\"inLanguage\":\"es\"}]}<\/script>\n<!-- \/ Yoast SEO plugin. -->","yoast_head_json":{"title":"Pol\u00edtica de cookies - Sener","robots":{"index":"index","follow":"follow","max-snippet":"max-snippet:-1","max-image-preview":"max-image-preview:large","max-video-preview":"max-video-preview:-1"},"canonical":"https:\/\/www.diagnostics.sener\/es\/politica-de-cookies\/","og_locale":"es_ES","og_type":"article","og_title":"Pol\u00edtica de cookies - Sener","og_description":"QU\u00c9 ES UNA COOKIE Y C\u00d3MO LAS UTILIZAMOS Una \u00abcookie\u00bb es un peque\u00f1o archivo que solicita permiso para alojarse en su disco duro. Una vez el usuario ha aceptado, el archivo es a\u00f1adido y ayuda a analizar el tr\u00e1fico web o le permite detectar cu\u00e1ndo dicho usuario visita una web en particular. La ley vigente [&hellip;]","og_url":"https:\/\/www.diagnostics.sener\/es\/politica-de-cookies\/","og_site_name":"Sener","article_modified_time":"2022-11-30T15:29:18+00:00","twitter_card":"summary_large_image","twitter_misc":{"Tiempo de lectura":"5 minutos"},"schema":{"@context":"https:\/\/schema.org","@graph":[{"@type":"WebPage","@id":"https:\/\/www.diagnostics.sener\/es\/politica-de-cookies\/","url":"https:\/\/www.diagnostics.sener\/es\/politica-de-cookies\/","name":"Pol\u00edtica de cookies - Sener","isPartOf":{"@id":"https:\/\/www.diagnostics.sener\/es\/#website"},"datePublished":"2021-04-14T08:38:18+00:00","dateModified":"2022-11-30T15:29:18+00:00","breadcrumb":{"@id":"https:\/\/www.diagnostics.sener\/es\/politica-de-cookies\/#breadcrumb"},"inLanguage":"es","potentialAction":[{"@type":"ReadAction","target":["https:\/\/www.diagnostics.sener\/es\/politica-de-cookies\/"]}]},{"@type":"BreadcrumbList","@id":"https:\/\/www.diagnostics.sener\/es\/politica-de-cookies\/#breadcrumb","itemListElement":[{"@type":"ListItem","position":1,"name":"Portada","item":"https:\/\/www.diagnostics.sener\/es\/"},{"@type":"ListItem","position":2,"name":"Pol\u00edtica de cookies"}]},{"@type":"WebSite","@id":"https:\/\/www.diagnostics.sener\/es\/#website","url":"https:\/\/www.diagnostics.sener\/es\/","name":"Sener","description":"Diagnostics","potentialAction":[{"@type":"SearchAction","target":{"@type":"EntryPoint","urlTemplate":"https:\/\/www.diagnostics.sener\/es\/?s={search_term_string}"},"query-input":{"@type":"PropertyValueSpecification","valueRequired":true,"valueName":"search_term_string"}}],"inLanguage":"es"}]}},"_links":{"self":[{"href":"https:\/\/www.diagnostics.sener\/es\/wp-json\/wp\/v2\/pages\/3687","targetHints":{"allow":["GET"]}}],"collection":[{"href":"https:\/\/www.diagnostics.sener\/es\/wp-json\/wp\/v2\/pages"}],"about":[{"href":"https:\/\/www.diagnostics.sener\/es\/wp-json\/wp\/v2\/types\/page"}],"author":[{"embeddable":true,"href":"https:\/\/www.diagnostics.sener\/es\/wp-json\/wp\/v2\/users\/1"}],"replies":[{"embeddable":true,"href":"https:\/\/www.diagnostics.sener\/es\/wp-json\/wp\/v2\/comments?post=3687"}],"version-history":[{"count":4,"href":"https:\/\/www.diagnostics.sener\/es\/wp-json\/wp\/v2\/pages\/3687\/revisions"}],"predecessor-version":[{"id":4492,"href":"https:\/\/www.diagnostics.sener\/es\/wp-json\/wp\/v2\/pages\/3687\/revisions\/4492"}],"wp:attachment":[{"href":"https:\/\/www.diagnostics.sener\/es\/wp-json\/wp\/v2\/media?parent=3687"}],"curies":[{"name":"wp","href":"https:\/\/api.w.org\/{rel}","templated":true}]}}