{"id":3693,"date":"2021-04-14T08:51:58","date_gmt":"2021-04-14T08:51:58","guid":{"rendered":"https:\/\/www.diagnostics.sener\/?page_id=3693"},"modified":"2022-11-30T15:29:12","modified_gmt":"2022-11-30T15:29:12","slug":"politica-de-privacidad","status":"publish","type":"page","link":"https:\/\/www.diagnostics.sener\/es\/politica-de-privacidad\/","title":{"rendered":"Pol\u00edtica de privacidad"},"content":{"rendered":"\n<h2 class=\"wp-block-heading\">RESPONSABLE DEL TRATAMIENTO Y DATOS DE CONTACTO<\/h2>\n\n\n\n<p>\uf0b7 Sener DIAGNOSTICS<br>\uf0b7 Direcci\u00f3n: Carrer Creu Casas i Sicart, 86-88, Parc de l\u2019Alba 08290 Cerdanyola del Vall\u00e8s, Barcelona (Espa\u00f1a)<br>\uf0b7 Correo electr\u00f3nico de contacto: contact@diagnostics.sener<br>\uf0b7 Correo electr\u00f3nico del Delegado de Protecci\u00f3n de Datos del Grupo Sener: dpd@sener.es<\/p>\n\n\n\n<h2 class=\"wp-block-heading\">DATOS OBJETO DE TRATAMIENTO<\/h2>\n\n\n\n<p>Sener DIAGNOSTICS tratar\u00e1 los datos identificativos y de contacto, datos laborales y otra informaci\u00f3n incluida en los formularios web facilitados por los usuarios, necesarios para contactar con nosotros, gestionar su participaci\u00f3n en nuestra L\u00ednea \u00c9tica o remitirnos su informaci\u00f3n personal y profesional a trav\u00e9s del Formulario de Trabaja con Nosotros.<\/p>\n\n\n\n<p>Adem\u00e1s, por el hecho de navegar en esta p\u00e1gina web y mediante el uso de cookies, Sener DIAGNOSTICS recaba datos de los usuarios (como el tipo de navegador utilizado, el sistema operativo o la direcci\u00f3n IP), con el objeto de mejorar su navegaci\u00f3n y gestionar de manera efectiva el portal. Si desea obtener m\u00e1s informaci\u00f3n respecto al uso de las cookies, consulte nuestra Pol\u00edtica de Cookies.<\/p>\n\n\n\n<h2 class=\"wp-block-heading\">FINALIDADES Y LEGITIMACI\u00d3N DEL TRATAMIENTO<\/h2>\n\n\n\n<p>Sener DIAGNOSTICS tratar\u00e1 sus datos personales para las finalidades indicadas a continuaci\u00f3n:<\/p>\n\n\n\n<p>\uf0b7 Garantizar el funcionamiento de la p\u00e1gina web, basado en el inter\u00e9s leg\u00edtimo de Sener DIAGNOSTICS, as\u00ed como otros datos personales recabados a trav\u00e9s de otros tipos de cookies, en base al consentimiento mostrado con la aceptaci\u00f3n de las<br>mismas.<br>\uf0b7 FORMULARIO DE CONTACTO: Gestionar su solicitud de contacto, a trav\u00e9s de nuestro formulario web habilitado a tal efecto, en base al consentimiento otorgado al remitirnos dicho formulario. Asimismo, se informa a los usuarios de nuestra p\u00e1gina&nbsp;web&nbsp;de la necesidad de facilitar todos los datos de car\u00e1cter obligatorio para poder cumplir con las finalidades<br>anteriormente indicadas. En caso de que no nos facilite dichos datos, ello podr\u00e1 dar lugar a la imposibilidad por parte de Sener DIAGNOSTICS de cumplir con tales finalidades.<\/p>\n\n\n\n<h2 class=\"wp-block-heading\">CONSERVACI\u00d3N DE LOS DATOS<\/h2>\n\n\n\n<p>Los datos personales proporcionados por los usuarios ser\u00e1n conservados durante el tiempo necesario para cumplir de manera efectiva con las finalidades anteriormente indicadas. Una vez se haya alcanzado el fin perseguido, los datos se conservar\u00e1n por los siguientes plazos:<\/p>\n\n\n\n<p>\uf0b7 Informaci\u00f3n recabada a trav\u00e9s de nuestro Formulario de Contacto: 1 a\u00f1o. En cuanto a la conservaci\u00f3n de la informaci\u00f3n relativa a los datos de navegaci\u00f3n y cookies, puede obtener m\u00e1s informaci\u00f3n en nuestra Pol\u00edtica de Cookies.<\/p>\n\n\n\n<h2 class=\"wp-block-heading\">DESTINATARIOS DE LOS DATOS<\/h2>\n\n\n\n<p>Sener DIAGNOSTICS no comunicar\u00e1 datos personales de los usuarios a terceras empresas, salvo casos de obligaci\u00f3n legal o de existir el consentimiento del interesado en tal sentido. No obstante, los datos personales podr\u00e1n ser comunicados a empresas del Grupo Sener, en base al inter\u00e9s leg\u00edtimo existente en gestionar de forma coordinada determinadas prestaciones o tr\u00e1mites.<\/p>\n\n\n\n<p>En determinados casos y dado que el Grupo Sener opera internacionalmente, los datos personales recogidos a trav\u00e9s de esta p\u00e1gina web podr\u00e1n ser objeto de transferencias internacionales de datos a otras entidades del Grupo establecidas en el extranjero. En relaci\u00f3n con estas operaciones, se garantiza la existencia de medidas de protecci\u00f3n de la informaci\u00f3n adecuadas. En relaci\u00f3n con las cookies de terceros, la informaci\u00f3n recaba puede ser objeto de transferencias internacionales de datos, tal y como se indica en nuestra Pol\u00edtica de Cookies.<\/p>\n\n\n\n<h2 class=\"wp-block-heading\">DERECHOS<\/h2>\n\n\n\n<p>En cualquier momento, los usuarios podr\u00e1n ejercer los siguientes derechos reconocidos por la normativa vigente de protecci\u00f3n de datos:&nbsp;<br>\uf0b7 Derecho de Acceso: permite al usuario conocer qu\u00e9 informaci\u00f3n se tiene, de d\u00f3nde se ha obtenido, a qui\u00e9n se ha facilitado y con qu\u00e9 usos se ha tratado. <br>\uf0b7 Derecho de Rectificaci\u00f3n: permite al usuario rectificar alg\u00fan dato err\u00f3neo o desactualizado.&nbsp;<br>\uf0b7 Derecho de Supresi\u00f3n:&nbsp;permite al usuario solicitar que se dejen de tratar sus datos.&nbsp;<br>\uf0b7 Derecho de Limitaci\u00f3n:&nbsp;permite al usuario restringir el tratamiento de sus datos, pero de forma que sean conservados para alguna finalidad posterior (una reclamaci\u00f3n judicial, por ejemplo).<br>\uf0b7 Derecho de Portabilidad:&nbsp;permite al usuario obtener una copia de sus datos en forma electr\u00f3nica y, en determinadas circunstancias, solicitar que sean comunicados a otro prestador de servicios.<br>\uf0b7 Derecho de Oposici\u00f3n:&nbsp;permite al usuario oponerse al inter\u00e9s leg\u00edtimo de Sener DIAGNOSTICS para solicitar el cese del tratamiento de sus datos.&nbsp;<br>\uf0b7 Derecho a Retirar el Consentimiento,&nbsp;en cualquier momento, respecto de tratamiento de sus datos personales, sin que ello afecte a la licitud&nbsp;del mismo.&nbsp;&nbsp;&nbsp;<br><br>Podr\u00e1 ejercer estos derechos mediante&nbsp;a trav\u00e9s de la direcci\u00f3n de correo electr\u00f3nico&nbsp;protecciondatos@sener.es, indicando qu\u00e9 derecho desea ejercitar y aportando su&nbsp;DNI o documento acreditativo de su identidad similar.&nbsp;&nbsp;En caso de no haber obtenido una respuesta satisfactoria a su ejercicio de derechos, se le informa de que puede&nbsp;contactar con nuestro Delegado de Protecci\u00f3n de Datos&nbsp;en el correo electr\u00f3nico&nbsp;dpd@sener.es, as\u00ed como&nbsp;presentar una reclamaci\u00f3n ante la Agencia<br>Espa\u00f1ola de Protecci\u00f3n de Datos, a trav\u00e9s de su&nbsp;p\u00e1gina web.&nbsp;&nbsp;<\/p>\n\n\n\n<h2 class=\"wp-block-heading\">MODIFICACI\u00d3N DE LA POL\u00cdTICA DE PRIVACIDAD<\/h2>\n\n\n\n<p>Sener DIAGNOSTICS se reserva el derecho a modificar la presente Pol\u00edtica de Privacidad, siempre de acuerdo con los t\u00e9rminos permitidos por la legislaci\u00f3n espa\u00f1ola vigente y con la correspondiente comunicaci\u00f3n a los usuarios, mediante la publicaci\u00f3n en esta p\u00e1gina web o por cualquier otro medio de comunicaci\u00f3n o difusi\u00f3n que se considere oportuno.<\/p>\n\n\n\n<p><strong>Pol\u00edtica de Privacidad actualizada con fecha de 23 de Abril de 2021.<\/strong><\/p>\n","protected":false},"excerpt":{"rendered":"<p>RESPONSABLE DEL TRATAMIENTO Y DATOS DE CONTACTO \uf0b7 Sener DIAGNOSTICS\uf0b7 Direcci\u00f3n: Carrer Creu Casas i Sicart, 86-88, Parc de l\u2019Alba 08290 Cerdanyola del Vall\u00e8s, Barcelona (Espa\u00f1a)\uf0b7 Correo electr\u00f3nico de contacto: contact@diagnostics.sener\uf0b7 Correo electr\u00f3nico del Delegado de Protecci\u00f3n de Datos del Grupo Sener: dpd@sener.es DATOS OBJETO DE TRATAMIENTO Sener DIAGNOSTICS tratar\u00e1 los datos identificativos y de [&hellip;]<\/p>\n","protected":false},"author":1,"featured_media":0,"parent":0,"menu_order":30,"comment_status":"closed","ping_status":"closed","template":"","meta":{"_et_pb_use_builder":"off","_et_pb_old_content":"","_et_gb_content_width":"1080","footnotes":""},"class_list":["post-3693","page","type-page","status-publish","hentry"],"yoast_head":"<!-- This site is optimized with the Yoast SEO plugin v25.9 - https:\/\/yoast.com\/wordpress\/plugins\/seo\/ -->\n<title>Pol\u00edtica de privacidad - Sener<\/title>\n<meta name=\"robots\" content=\"index, follow, max-snippet:-1, max-image-preview:large, max-video-preview:-1\" \/>\n<link rel=\"canonical\" href=\"https:\/\/www.diagnostics.sener\/es\/politica-de-privacidad\/\" \/>\n<meta property=\"og:locale\" content=\"es_ES\" \/>\n<meta property=\"og:type\" content=\"article\" \/>\n<meta property=\"og:title\" content=\"Pol\u00edtica de privacidad - Sener\" \/>\n<meta property=\"og:description\" content=\"RESPONSABLE DEL TRATAMIENTO Y DATOS DE CONTACTO \uf0b7 Sener DIAGNOSTICS\uf0b7 Direcci\u00f3n: Carrer Creu Casas i Sicart, 86-88, Parc de l\u2019Alba 08290 Cerdanyola del Vall\u00e8s, Barcelona (Espa\u00f1a)\uf0b7 Correo electr\u00f3nico de contacto: contact@diagnostics.sener\uf0b7 Correo electr\u00f3nico del Delegado de Protecci\u00f3n de Datos del Grupo Sener: dpd@sener.es DATOS OBJETO DE TRATAMIENTO Sener DIAGNOSTICS tratar\u00e1 los datos identificativos y de [&hellip;]\" \/>\n<meta property=\"og:url\" content=\"https:\/\/www.diagnostics.sener\/es\/politica-de-privacidad\/\" \/>\n<meta property=\"og:site_name\" content=\"Sener\" \/>\n<meta property=\"article:modified_time\" content=\"2022-11-30T15:29:12+00:00\" \/>\n<meta name=\"twitter:card\" content=\"summary_large_image\" \/>\n<meta name=\"twitter:label1\" content=\"Tiempo de lectura\" \/>\n\t<meta name=\"twitter:data1\" content=\"5 minutos\" \/>\n<script type=\"application\/ld+json\" class=\"yoast-schema-graph\">{\"@context\":\"https:\/\/schema.org\",\"@graph\":[{\"@type\":\"WebPage\",\"@id\":\"https:\/\/www.diagnostics.sener\/es\/politica-de-privacidad\/\",\"url\":\"https:\/\/www.diagnostics.sener\/es\/politica-de-privacidad\/\",\"name\":\"Pol\u00edtica de privacidad - Sener\",\"isPartOf\":{\"@id\":\"https:\/\/www.diagnostics.sener\/es\/#website\"},\"datePublished\":\"2021-04-14T08:51:58+00:00\",\"dateModified\":\"2022-11-30T15:29:12+00:00\",\"breadcrumb\":{\"@id\":\"https:\/\/www.diagnostics.sener\/es\/politica-de-privacidad\/#breadcrumb\"},\"inLanguage\":\"es\",\"potentialAction\":[{\"@type\":\"ReadAction\",\"target\":[\"https:\/\/www.diagnostics.sener\/es\/politica-de-privacidad\/\"]}]},{\"@type\":\"BreadcrumbList\",\"@id\":\"https:\/\/www.diagnostics.sener\/es\/politica-de-privacidad\/#breadcrumb\",\"itemListElement\":[{\"@type\":\"ListItem\",\"position\":1,\"name\":\"Portada\",\"item\":\"https:\/\/www.diagnostics.sener\/es\/\"},{\"@type\":\"ListItem\",\"position\":2,\"name\":\"Pol\u00edtica de privacidad\"}]},{\"@type\":\"WebSite\",\"@id\":\"https:\/\/www.diagnostics.sener\/es\/#website\",\"url\":\"https:\/\/www.diagnostics.sener\/es\/\",\"name\":\"Sener\",\"description\":\"Diagnostics\",\"potentialAction\":[{\"@type\":\"SearchAction\",\"target\":{\"@type\":\"EntryPoint\",\"urlTemplate\":\"https:\/\/www.diagnostics.sener\/es\/?s={search_term_string}\"},\"query-input\":{\"@type\":\"PropertyValueSpecification\",\"valueRequired\":true,\"valueName\":\"search_term_string\"}}],\"inLanguage\":\"es\"}]}<\/script>\n<!-- \/ Yoast SEO plugin. -->","yoast_head_json":{"title":"Pol\u00edtica de privacidad - Sener","robots":{"index":"index","follow":"follow","max-snippet":"max-snippet:-1","max-image-preview":"max-image-preview:large","max-video-preview":"max-video-preview:-1"},"canonical":"https:\/\/www.diagnostics.sener\/es\/politica-de-privacidad\/","og_locale":"es_ES","og_type":"article","og_title":"Pol\u00edtica de privacidad - Sener","og_description":"RESPONSABLE DEL TRATAMIENTO Y DATOS DE CONTACTO \uf0b7 Sener DIAGNOSTICS\uf0b7 Direcci\u00f3n: Carrer Creu Casas i Sicart, 86-88, Parc de l\u2019Alba 08290 Cerdanyola del Vall\u00e8s, Barcelona (Espa\u00f1a)\uf0b7 Correo electr\u00f3nico de contacto: contact@diagnostics.sener\uf0b7 Correo electr\u00f3nico del Delegado de Protecci\u00f3n de Datos del Grupo Sener: dpd@sener.es DATOS OBJETO DE TRATAMIENTO Sener DIAGNOSTICS tratar\u00e1 los datos identificativos y de [&hellip;]","og_url":"https:\/\/www.diagnostics.sener\/es\/politica-de-privacidad\/","og_site_name":"Sener","article_modified_time":"2022-11-30T15:29:12+00:00","twitter_card":"summary_large_image","twitter_misc":{"Tiempo de lectura":"5 minutos"},"schema":{"@context":"https:\/\/schema.org","@graph":[{"@type":"WebPage","@id":"https:\/\/www.diagnostics.sener\/es\/politica-de-privacidad\/","url":"https:\/\/www.diagnostics.sener\/es\/politica-de-privacidad\/","name":"Pol\u00edtica de privacidad - Sener","isPartOf":{"@id":"https:\/\/www.diagnostics.sener\/es\/#website"},"datePublished":"2021-04-14T08:51:58+00:00","dateModified":"2022-11-30T15:29:12+00:00","breadcrumb":{"@id":"https:\/\/www.diagnostics.sener\/es\/politica-de-privacidad\/#breadcrumb"},"inLanguage":"es","potentialAction":[{"@type":"ReadAction","target":["https:\/\/www.diagnostics.sener\/es\/politica-de-privacidad\/"]}]},{"@type":"BreadcrumbList","@id":"https:\/\/www.diagnostics.sener\/es\/politica-de-privacidad\/#breadcrumb","itemListElement":[{"@type":"ListItem","position":1,"name":"Portada","item":"https:\/\/www.diagnostics.sener\/es\/"},{"@type":"ListItem","position":2,"name":"Pol\u00edtica de privacidad"}]},{"@type":"WebSite","@id":"https:\/\/www.diagnostics.sener\/es\/#website","url":"https:\/\/www.diagnostics.sener\/es\/","name":"Sener","description":"Diagnostics","potentialAction":[{"@type":"SearchAction","target":{"@type":"EntryPoint","urlTemplate":"https:\/\/www.diagnostics.sener\/es\/?s={search_term_string}"},"query-input":{"@type":"PropertyValueSpecification","valueRequired":true,"valueName":"search_term_string"}}],"inLanguage":"es"}]}},"_links":{"self":[{"href":"https:\/\/www.diagnostics.sener\/es\/wp-json\/wp\/v2\/pages\/3693","targetHints":{"allow":["GET"]}}],"collection":[{"href":"https:\/\/www.diagnostics.sener\/es\/wp-json\/wp\/v2\/pages"}],"about":[{"href":"https:\/\/www.diagnostics.sener\/es\/wp-json\/wp\/v2\/types\/page"}],"author":[{"embeddable":true,"href":"https:\/\/www.diagnostics.sener\/es\/wp-json\/wp\/v2\/users\/1"}],"replies":[{"embeddable":true,"href":"https:\/\/www.diagnostics.sener\/es\/wp-json\/wp\/v2\/comments?post=3693"}],"version-history":[{"count":2,"href":"https:\/\/www.diagnostics.sener\/es\/wp-json\/wp\/v2\/pages\/3693\/revisions"}],"predecessor-version":[{"id":3703,"href":"https:\/\/www.diagnostics.sener\/es\/wp-json\/wp\/v2\/pages\/3693\/revisions\/3703"}],"wp:attachment":[{"href":"https:\/\/www.diagnostics.sener\/es\/wp-json\/wp\/v2\/media?parent=3693"}],"curies":[{"name":"wp","href":"https:\/\/api.w.org\/{rel}","templated":true}]}}