{"id":7599,"date":"2023-07-04T13:33:24","date_gmt":"2023-07-04T13:33:24","guid":{"rendered":"https:\/\/www.diagnostics.sener\/?page_id=7599"},"modified":"2024-07-22T09:05:24","modified_gmt":"2024-07-22T09:05:24","slug":"trabaja-con-nosotros","status":"publish","type":"page","link":"https:\/\/www.diagnostics.sener\/es\/trabaja-con-nosotros\/","title":{"rendered":"Trabaja con nosotros"},"content":{"rendered":"<p>[et_pb_section fb_built=\u00bb1&#8243; custom_padding_last_edited=\u00bboff|desktop\u00bb admin_label=\u00bbHero\u00bb _builder_version=\u00bb4.21.0&#8243; background_enable_color=\u00bboff\u00bb background_image=\u00bbhttps:\/\/www.diagnostics.sener\/wp-content\/uploads\/2023\/07\/team_2.jpg\u00bb background_enable_video_mp4=\u00bboff\u00bb background_enable_video_webm=\u00bboff\u00bb background_video_width=\u00bb1920&#8243; background_video_height=\u00bb1080&#8243; transform_translate_linked=\u00bboff\u00bb max_height=\u00bb450px\u00bb custom_margin=\u00bb0px||||false|false\u00bb custom_margin_last_edited=\u00bboff|tablet\u00bb custom_padding=\u00bb237px||0px|0vw|false|false\u00bb custom_padding_tablet=\u00bb||||false|true\u00bb bottom_divider_color=\u00bb#FFFFFF\u00bb locked=\u00bboff\u00bb global_colors_info=\u00bb{}\u00bb custom_css_main_element_last_edited=\u00bbon|desktop\u00bb][et_pb_row column_structure=\u00bb3_4,1_4&#8243; _builder_version=\u00bb4.16&#8243; _module_preset=\u00bbdefault\u00bb z_index=\u00bb20&#8243; custom_margin=\u00bb|||auto|false|false\u00bb custom_margin_tablet=\u00bb|13%|||false|false\u00bb custom_margin_phone=\u00bb|10%|||false|false\u00bb custom_margin_last_edited=\u00bbon|tablet\u00bb global_colors_info=\u00bb{}\u00bb][et_pb_column type=\u00bb3_4&#8243; _builder_version=\u00bb4.16&#8243; _module_preset=\u00bbdefault\u00bb global_colors_info=\u00bb{}\u00bb][et_pb_text content_tablet=\u00bb<\/p>\n<h1>We add value<br \/> through<br \/> automation.<\/h1>\n<h2><\/h2>\n<h2><\/h2>\n<h2><\/h2>\n<h2><\/h2>\n<h2>We are our clients&apos; first choice for the development of new instruments for the automation of microbiology and molecular biology laboratories.<\/h2>\n<p>\u00bb content_phone=\u00bb<\/p>\n<h1>We add value<br \/>through<br \/>automation.<\/h1>\n<h2><\/h2>\n<h2><\/h2>\n<h2><\/h2>\n<h2><\/h2>\n<h2>We are our clients&apos; first choice for the<br \/>development of new instruments for the automation of microbiology and molecular biology laboratories.<\/h2>\n<p>\u00bb content_last_edited=\u00bboff|desktop\u00bb _builder_version=\u00bb4.18.1&#8243; header_font=\u00bbNoto Sans|700|||||||\u00bb header_text_color=\u00bb#FFFFFF\u00bb header_font_size=\u00bb43px\u00bb header_line_height=\u00bb53px\u00bb header_2_font=\u00bbNoto Serif||||||||\u00bb header_2_text_align=\u00bbleft\u00bb header_2_text_color=\u00bb#625398&#8243; header_2_font_size=\u00bb16px\u00bb header_2_line_height=\u00bb1.6em\u00bb background_color=\u00bb#00205b\u00bb width_tablet=\u00bb90%\u00bb width_phone=\u00bb100%\u00bb width_last_edited=\u00bbon|phone\u00bb module_alignment=\u00bbcenter\u00bb custom_margin=\u00bb56px|||9px|false|false\u00bb custom_margin_tablet=\u00bb56px|||0px|false|false\u00bb custom_margin_phone=\u00bb\u00bb custom_margin_last_edited=\u00bbon|tablet\u00bb custom_padding=\u00bb40px|10%|40px|10%|true|true\u00bb animation_style=\u00bbslide\u00bb animation_direction=\u00bbright\u00bb hover_transition_speed_curve=\u00bbease-in-out\u00bb header_font_size_tablet=\u00bb43px\u00bb header_font_size_phone=\u00bb29px\u00bb header_font_size_last_edited=\u00bbon|phone\u00bb header_2_font_size_tablet=\u00bb24px\u00bb header_2_font_size_phone=\u00bb16px\u00bb header_2_font_size_last_edited=\u00bbon|phone\u00bb box_shadow_style=\u00bbpreset1&#8243; box_shadow_blur=\u00bb5px\u00bb box_shadow_color=\u00bb#cbcbcd\u00bb global_colors_info=\u00bb{}\u00bb]<\/p>\n<h1 style=\"text-align: left;\"><span class=\"texto-destacado\">Trabajar<\/span> en<br \/>\nSener Diagnostics<\/h1>\n<p>[\/et_pb_text][\/et_pb_column][et_pb_column type=\u00bb1_4&#8243; _builder_version=\u00bb4.16&#8243; _module_preset=\u00bbdefault\u00bb global_colors_info=\u00bb{}\u00bb][\/et_pb_column][\/et_pb_row][\/et_pb_section][et_pb_section fb_built=\u00bb1&#8243; _builder_version=\u00bb4.18.1&#8243; _module_preset=\u00bbdefault\u00bb background_color=\u00bb#ebf8f6&#8243; max_height=\u00bb746px\u00bb custom_margin_phone=\u00bb0px||||false|false\u00bb custom_margin_last_edited=\u00bboff|desktop\u00bb custom_padding=\u00bb0px||51px|||\u00bb global_colors_info=\u00bb{}\u00bb][et_pb_row _builder_version=\u00bb4.16&#8243; _module_preset=\u00bbdefault\u00bb global_colors_info=\u00bb{}\u00bb][et_pb_column type=\u00bb4_4&#8243; _builder_version=\u00bb4.16&#8243; _module_preset=\u00bbdefault\u00bb global_colors_info=\u00bb{}\u00bb][et_pb_text _builder_version=\u00bb4.18.1&#8243; header_font=\u00bbNoto Sans|700|||||||\u00bb header_text_color=\u00bb#625398&#8243; header_font_size=\u00bb43px\u00bb header_line_height=\u00bb1.3em\u00bb header_2_font=\u00bbNoto Sans|700|||||||\u00bb header_2_text_align=\u00bbleft\u00bb header_2_text_color=\u00bb#00205b\u00bb header_2_font_size=\u00bb31px\u00bb header_2_line_height=\u00bb40px\u00bb background_enable_color=\u00bboff\u00bb module_alignment=\u00bbcenter\u00bb custom_margin=\u00bb34px||-49px|0px|false|false\u00bb custom_margin_tablet=\u00bb-130px||||false|false\u00bb custom_margin_phone=\u00bb0px||||false|false\u00bb custom_margin_last_edited=\u00bbon|tablet\u00bb custom_padding=\u00bb20px|10%|20px|10%|true|false\u00bb animation_style=\u00bbslide\u00bb animation_direction=\u00bbright\u00bb hover_transition_speed_curve=\u00bbease-in-out\u00bb header_2_font_size_tablet=\u00bb32px\u00bb header_2_font_size_phone=\u00bb20px\u00bb header_2_font_size_last_edited=\u00bbon|phone\u00bb global_colors_info=\u00bb{}\u00bb]<\/p>\n<h2 style=\"text-align: center;\">Si compartes nuestra <span class=\"texto-destacado\">pasi\u00f3n<\/span> por la ciencia, la tecnolog\u00eda y la ingenier\u00eda, y quieres crecer como profesional en un sector atractivo y disruptivo como el de la automatizaci\u00f3n de laboratorios, Sener Diagnostics es el lugar para ti.<\/h2>\n<p>[\/et_pb_text][\/et_pb_column][\/et_pb_row][\/et_pb_section][et_pb_section fb_built=\u00bb1&#8243; _builder_version=\u00bb4.16&#8243; _module_preset=\u00bbdefault\u00bb global_colors_info=\u00bb{}\u00bb][et_pb_row column_structure=\u00bb1_4,1_4,1_4,1_4&#8243; use_custom_gutter=\u00bbon\u00bb gutter_width=\u00bb2&#8243; make_equal=\u00bbon\u00bb module_class=\u00bbcustom-testimonial\u00bb _builder_version=\u00bb4.16&#8243; _module_preset=\u00bbdefault\u00bb custom_css_main_element=\u00bb||\u00bb global_colors_info=\u00bb{}\u00bb][et_pb_column type=\u00bb1_4&#8243; _builder_version=\u00bb4.16&#8243; _module_preset=\u00bbdefault\u00bb global_colors_info=\u00bb{}\u00bb][et_pb_testimonial author=\u00bbVictor Belenguer\u00bb portrait_url=\u00bbhttps:\/\/www.diagnostics.sener\/wp-content\/uploads\/2022\/09\/victor.jpg\u00bb _builder_version=\u00bb4.18.1&#8243; _module_preset=\u00bbdefault\u00bb background_color=\u00bbrgba(243,243,248,0.92)\u00bb custom_padding=\u00bb||||false|false\u00bb custom_css_main_element=\u00bbmargin: 0 auto auto;\u00bb global_colors_info=\u00bb{}\u00bb]<\/p>\n<p>Si sue\u00f1as con volar, aprender y, sobre todo, crecer, Sener Diagnostics es el lugar para ti.<\/p>\n<p>[\/et_pb_testimonial][\/et_pb_column][et_pb_column type=\u00bb1_4&#8243; _builder_version=\u00bb4.16&#8243; _module_preset=\u00bbdefault\u00bb global_colors_info=\u00bb{}\u00bb][et_pb_testimonial author=\u00bbQueralt Gallardo\u00bb portrait_url=\u00bbhttps:\/\/www.diagnostics.sener\/wp-content\/uploads\/2022\/10\/queralt.png\u00bb _builder_version=\u00bb4.18.1&#8243; _module_preset=\u00bbdefault\u00bb background_color=\u00bbrgba(243,243,248,0.92)\u00bb vertical_offset=\u00bb-1px\u00bb custom_padding=\u00bb||30px||false|false\u00bb global_colors_info=\u00bb{}\u00bb]<\/p>\n<p>Sener Diagnostics es una empresa muy acogedora, con muy buen ambiente de trabajo y proyectos de ingenier\u00eda muy desafiantes que te permiten aprender mucho como profesional.<\/p>\n<p>[\/et_pb_testimonial][\/et_pb_column][et_pb_column type=\u00bb1_4&#8243; _builder_version=\u00bb4.16&#8243; _module_preset=\u00bbdefault\u00bb global_colors_info=\u00bb{}\u00bb][et_pb_testimonial author=\u00bbI\u00f1igo Gurrea\u00bb portrait_url=\u00bbhttps:\/\/www.diagnostics.sener\/wp-content\/uploads\/2022\/09\/in\u0303igo.jpg\u00bb _builder_version=\u00bb4.18.1&#8243; _module_preset=\u00bbdefault\u00bb background_color=\u00bbrgba(243,243,248,0.92)\u00bb custom_padding=\u00bb||||false|false\u00bb custom_css_testimonial_author=\u00bb vertical-align: bottom;\u00bb global_colors_info=\u00bb{}\u00bb]<\/p>\n<p>Sener Diagnostics me ofrece la oportunidad de desarrollar una carrera con un enfoque constante en las personas y el avance de la sociedad.<\/p>\n<p>[\/et_pb_testimonial][\/et_pb_column][et_pb_column type=\u00bb1_4&#8243; _builder_version=\u00bb4.16&#8243; _module_preset=\u00bbdefault\u00bb global_colors_info=\u00bb{}\u00bb][et_pb_testimonial author=\u00bbIrene Solana\u00bb portrait_url=\u00bbhttps:\/\/www.diagnostics.sener\/wp-content\/uploads\/2023\/06\/irene.jpg\u00bb _builder_version=\u00bb4.21.0&#8243; _module_preset=\u00bbdefault\u00bb background_color=\u00bbrgba(243,243,248,0.92)\u00bb custom_padding=\u00bb||||false|false\u00bb global_colors_info=\u00bb{}\u00bb]<\/p>\n<p>Despu\u00e9s de m\u00e1s de 10 a\u00f1os trabajando en Sener Diagnostics y aunque suene a t\u00f3pico, solo puedo decir que estoy muy orgullosa de poder trabajar rodeada de gente incre\u00edble. Somos un gran equipo con la oportunidad de desarrollar proyectos que mejorar\u00e1n la vida de las personas.<\/p>\n<p>[\/et_pb_testimonial][\/et_pb_column][\/et_pb_row][\/et_pb_section][et_pb_section fb_built=\u00bb1&#8243; custom_padding_last_edited=\u00bbon|phone\u00bb admin_label=\u00bbFeatures\u00bb _builder_version=\u00bb4.16&#8243; background_enable_image=\u00bboff\u00bb background_position=\u00bbtop_center\u00bb background_video_mp4=\u00bbhttps:\/\/www.diagnostics.sener\/wp-content\/uploads\/2022\/07\/work-with-us.mp4&#8243; background_video_webm=\u00bbhttps:\/\/www.diagnostics.sener\/wp-content\/uploads\/2022\/07\/work-with-us.webm\u00bb module_alignment=\u00bbcenter\u00bb min_height=\u00bb684px\u00bb custom_padding=\u00bb39px||39px||true|false\u00bb custom_padding_tablet=\u00bb|0vw|||false|false\u00bb custom_padding_phone=\u00bb|0vw|||false|false\u00bb filter_brightness=\u00bb80%\u00bb filter_contrast=\u00bb160%\u00bb filter_invert=\u00bb1%\u00bb top_divider_color=\u00bb#0C71C3&#8243; locked=\u00bboff\u00bb global_colors_info=\u00bb{}\u00bb][et_pb_row column_structure=\u00bb2_5,3_5&#8243; _builder_version=\u00bb4.16&#8243; _module_preset=\u00bbdefault\u00bb custom_margin=\u00bb179px|auto||auto||\u00bb custom_padding=\u00bb0px|||||\u00bb global_colors_info=\u00bb{}\u00bb][et_pb_column type=\u00bb2_5&#8243; _builder_version=\u00bb4.16&#8243; _module_preset=\u00bbdefault\u00bb global_colors_info=\u00bb{}\u00bb][et_pb_text content_tablet=\u00bb<\/p>\n<h2>Sener GROUP<\/h2>\n<p><span>Sener Diagnostics belongs to Sener, the private engineering and technology group founded in 1956. The group seeks to offer the most advanced technological solutions and enjoys international recognition thanks to its independence and its commitment to innovation and quality. Sener is a world leader in the development of high-tech projects in four large sectors: Aerospace\/Science\/Diagnostics, Infrastructures, Energy and Marine engineering.<\/span><\/p>\n<p>\u00bb content_phone=\u00bb<\/p>\n<h2>Sener GROUP<\/h2>\n<p><span>Sener Diagnostics belongs to Sener, the private engineering and technology group founded in 1956. The group seeks to offer the most advanced technological solutions and enjoys international recognition thanks to its independence and its commitment to innovation and quality. Sener is a world leader in the development of high-tech projects in four large sectors: Aerospace\/Science\/Diagnostics, Infrastructures, Energy and Marine engineering.<\/span><\/p>\n<p>\u00bb content_last_edited=\u00bboff|desktop\u00bb _builder_version=\u00bb4.18.1&#8243; text_font=\u00bbNoto Serif|700|||||||\u00bb text_text_color=\u00bb#f5f5f5&#8243; text_font_size=\u00bb16px\u00bb text_line_height=\u00bb1.3em\u00bb header_font=\u00bbNoto Sans|700|||||||\u00bb header_text_color=\u00bb#625398&#8243; header_font_size=\u00bb51px\u00bb header_2_font=\u00bbNoto Sans|700|||||||\u00bb header_2_text_align=\u00bbleft\u00bb header_2_text_color=\u00bb#FFFFFF\u00bb header_2_font_size=\u00bb43px\u00bb header_2_line_height=\u00bb53px\u00bb background_enable_color=\u00bboff\u00bb module_alignment=\u00bbcenter\u00bb custom_margin=\u00bb56px|||0px|false|false\u00bb custom_padding=\u00bb0px|0%|0px|0%|true|true\u00bb custom_padding_tablet=\u00bb0px|35%|0px|0%|true|false\u00bb custom_padding_phone=\u00bb|0%||0%|true|true\u00bb custom_padding_last_edited=\u00bbon|phone\u00bb animation_style=\u00bbslide\u00bb animation_direction=\u00bbright\u00bb hover_transition_speed_curve=\u00bbease-in-out\u00bb header_font_size_tablet=\u00bb\u00bb header_font_size_phone=\u00bb25px\u00bb header_font_size_last_edited=\u00bbon|phone\u00bb header_2_font_size_tablet=\u00bb32px\u00bb header_2_font_size_phone=\u00bb35px\u00bb header_2_font_size_last_edited=\u00bbon|phone\u00bb global_colors_info=\u00bb{}\u00bb]<\/p>\n<h2 style=\"text-align: left;\">Ofertas de trabajo<\/h2>\n<p style=\"text-align: left;\">[\/et_pb_text][\/et_pb_column][et_pb_column type=\u00bb3_5&#8243; _builder_version=\u00bb4.16&#8243; _module_preset=\u00bbdefault\u00bb global_colors_info=\u00bb{}\u00bb][et_pb_image src=\u00bbhttps:\/\/www.diagnostics.sener\/wp-content\/uploads\/2022\/07\/ln_ok-1.png\u00bb title_text=\u00bbln_ok\u00bb url=\u00bbhttps:\/\/www.linkedin.com\/company\/sener\/jobs\/\u00bb url_new_window=\u00bbon\u00bb align=\u00bbcenter\u00bb _builder_version=\u00bb4.25.2&#8243; _module_preset=\u00bbdefault\u00bb background_color=\u00bbrgba(255,255,255,0.42)\u00bb width=\u00bb60%\u00bb custom_padding=\u00bb49px|45px|49px|45px|true|true\u00bb hover_enabled=\u00bb0&#8243; global_colors_info=\u00bb{}\u00bb sticky_enabled=\u00bb0&#8243;][\/et_pb_image][et_pb_image src=\u00bbhttps:\/\/www.diagnostics.sener\/wp-content\/uploads\/2022\/07\/Infojobs-Spain.png\u00bb title_text=\u00bbInfojobs-Spain\u00bb url=\u00bbhttps:\/\/sener.ofertas-trabajo.infojobs.net\/ofertas\u00bb url_new_window=\u00bbon\u00bb align=\u00bbcenter\u00bb _builder_version=\u00bb4.25.2&#8243; _module_preset=\u00bbdefault\u00bb background_color=\u00bbrgba(255,255,255,0.42)\u00bb width=\u00bb60%\u00bb custom_padding=\u00bb10px|10px|10px|10px|true|true\u00bb hover_enabled=\u00bb0&#8243; global_colors_info=\u00bb{}\u00bb sticky_enabled=\u00bb0&#8243;][\/et_pb_image][\/et_pb_column][\/et_pb_row][\/et_pb_section][et_pb_section fb_built=\u00bb1&#8243; admin_label=\u00bbMission\u00bb _builder_version=\u00bb4.16&#8243; background_enable_color=\u00bboff\u00bb background_enable_image=\u00bboff\u00bb background_position=\u00bbbottom_center\u00bb background_blend=\u00bbluminosity\u00bb custom_margin_tablet=\u00bb0px||||false|false\u00bb custom_margin_phone=\u00bb\u00bb custom_margin_last_edited=\u00bbon|tablet\u00bb custom_padding=\u00bb0%||0%||true|false\u00bb bottom_divider_style=\u00bbcurve\u00bb bottom_divider_color=\u00bb#FFFFFF\u00bb global_colors_info=\u00bb{}\u00bb][et_pb_row _builder_version=\u00bb4.16&#8243; custom_padding=\u00bb73px||0px|||\u00bb global_colors_info=\u00bb{}\u00bb][et_pb_column type=\u00bb4_4&#8243; _builder_version=\u00bb4.16&#8243; global_colors_info=\u00bb{}\u00bb][et_pb_text _builder_version=\u00bb4.18.1&#8243; header_2_font=\u00bbNoto Sans|700|||||||\u00bb header_2_text_align=\u00bbleft\u00bb header_2_text_color=\u00bb#00205b\u00bb header_2_font_size=\u00bb36px\u00bb header_2_line_height=\u00bb43px\u00bb module_alignment=\u00bbcenter\u00bb custom_margin=\u00bb||||false|false\u00bb custom_margin_tablet=\u00bb||||false|false\u00bb custom_margin_phone=\u00bb-240px||||false|false\u00bb custom_margin_last_edited=\u00bboff|desktop\u00bb custom_padding=\u00bb|||10px|false|false\u00bb header_2_font_size_tablet=\u00bb32px\u00bb header_2_font_size_phone=\u00bb20px\u00bb header_2_font_size_last_edited=\u00bboff|desktop\u00bb locked=\u00bboff\u00bb global_colors_info=\u00bb{}\u00bb]<\/p>\n<h2>Entradas relacionadas<\/h2>\n<p>[\/et_pb_text][\/et_pb_column][\/et_pb_row][\/et_pb_section][et_pb_section fb_built=\u00bb1&#8243; _builder_version=\u00bb4.16&#8243; _module_preset=\u00bbdefault\u00bb background_color=\u00bb#FFFFFF\u00bb custom_padding=\u00bb21px||27px|||\u00bb global_colors_info=\u00bb{}\u00bb][et_pb_row disabled_on=\u00bbon|off|off\u00bb _builder_version=\u00bb4.16&#8243; _module_preset=\u00bbdefault\u00bb global_colors_info=\u00bb{}\u00bb][et_pb_column type=\u00bb4_4&#8243; _builder_version=\u00bb4.16&#8243; _module_preset=\u00bbdefault\u00bb global_colors_info=\u00bb{}\u00bb][et_pb_blog posts_number=\u00bb18&#8243; include_categories=\u00bb25&#8243; show_more=\u00bbon\u00bb show_author=\u00bboff\u00bb show_categories=\u00bboff\u00bb module_class=\u00bbpa-blog-image-1-1 pa-blog-equal-height\u00bb _builder_version=\u00bb4.18.1&#8243; header_font=\u00bbNoto Sans|600|||||||\u00bb header_text_color=\u00bb#00205b\u00bb header_font_size=\u00bb20px\u00bb header_line_height=\u00bb26px\u00bb body_font=\u00bbNoto Serif||||||||\u00bb body_text_align=\u00bbleft\u00bb body_text_color=\u00bb#76777b\u00bb body_font_size=\u00bb16px\u00bb body_line_height=\u00bb26px\u00bb meta_font=\u00bbNoto Serif||||||||\u00bb meta_text_color=\u00bb#bababa\u00bb meta_font_size=\u00bb16px\u00bb meta_line_height=\u00bb26px\u00bb read_more_font=\u00bbNoto Serif|700|||on|||#3cbfae|\u00bb read_more_text_color=\u00bb#3cbfae\u00bb read_more_font_size=\u00bb16px\u00bb read_more_line_height=\u00bb26px\u00bb text_orientation=\u00bbleft\u00bb animation_style=\u00bbslide\u00bb border_width_all=\u00bb0px\u00bb global_colors_info=\u00bb{}\u00bb][\/et_pb_blog][\/et_pb_column][\/et_pb_row][et_pb_row disabled_on=\u00bboff|on|on\u00bb _builder_version=\u00bb4.16&#8243; _module_preset=\u00bbdefault\u00bb global_colors_info=\u00bb{}\u00bb][et_pb_column type=\u00bb4_4&#8243; _builder_version=\u00bb4.16&#8243; _module_preset=\u00bbdefault\u00bb global_colors_info=\u00bb{}\u00bb][et_pb_blog fullwidth=\u00bboff\u00bb posts_number=\u00bb18&#8243; include_categories=\u00bb25&#8243; show_more=\u00bbon\u00bb show_author=\u00bboff\u00bb show_categories=\u00bboff\u00bb module_class=\u00bbpa-blog-image-1-1 pa-blog-equal-height\u00bb _builder_version=\u00bb4.18.1&#8243; header_font=\u00bbNoto Sans|600|||||||\u00bb header_text_color=\u00bb#00205b\u00bb header_font_size=\u00bb20px\u00bb header_line_height=\u00bb1.6em\u00bb body_font=\u00bbNoto Serif||||||||\u00bb body_text_align=\u00bbleft\u00bb body_text_color=\u00bb#76777b\u00bb body_font_size=\u00bb16px\u00bb body_line_height=\u00bb26px\u00bb meta_font=\u00bbNoto Serif||||||||\u00bb meta_text_color=\u00bb#bababa\u00bb meta_font_size=\u00bb16px\u00bb meta_line_height=\u00bb26px\u00bb read_more_font=\u00bbNoto Sans|700|||on|||#3cbfae|\u00bb read_more_text_color=\u00bb#3cbfae\u00bb read_more_font_size=\u00bb16px\u00bb read_more_line_height=\u00bb26px\u00bb text_orientation=\u00bbleft\u00bb animation_style=\u00bbslide\u00bb border_width_all=\u00bb0px\u00bb global_colors_info=\u00bb{}\u00bb][\/et_pb_blog][\/et_pb_column][\/et_pb_row][\/et_pb_section]<\/p>\n","protected":false},"excerpt":{"rendered":"<p>Trabajar en Sener DiagnosticsSi compartes nuestra pasi\u00f3n por la ciencia, la tecnolog\u00eda y la ingenier\u00eda, y quieres crecer como profesional en un sector atractivo y disruptivo como el de la automatizaci\u00f3n de laboratorios, Sener Diagnostics es el lugar para ti.Si sue\u00f1as con volar, aprender y, sobre todo, crecer, Sener Diagnostics es el lugar para ti.Sener [&hellip;]<\/p>\n","protected":false},"author":1,"featured_media":0,"parent":0,"menu_order":3,"comment_status":"closed","ping_status":"closed","template":"","meta":{"_et_pb_use_builder":"on","_et_pb_old_content":"","_et_gb_content_width":"","footnotes":""},"class_list":["post-7599","page","type-page","status-publish","hentry"],"yoast_head":"<!-- This site is optimized with the Yoast SEO plugin v25.9 - https:\/\/yoast.com\/wordpress\/plugins\/seo\/ -->\n<title>Trabaja con nosotros<\/title>\n<meta name=\"description\" content=\"Trabaja con nosotros\" \/>\n<meta name=\"robots\" content=\"index, follow, max-snippet:-1, max-image-preview:large, max-video-preview:-1\" \/>\n<link rel=\"canonical\" href=\"https:\/\/www.diagnostics.sener\/es\/trabaja-con-nosotros\/\" \/>\n<meta property=\"og:locale\" content=\"es_ES\" \/>\n<meta property=\"og:type\" content=\"article\" \/>\n<meta property=\"og:title\" content=\"Trabaja con nosotros\" \/>\n<meta property=\"og:description\" content=\"Trabaja con nosotros\" \/>\n<meta property=\"og:url\" content=\"https:\/\/www.diagnostics.sener\/es\/trabaja-con-nosotros\/\" \/>\n<meta property=\"og:site_name\" content=\"Sener\" \/>\n<meta property=\"article:modified_time\" content=\"2024-07-22T09:05:24+00:00\" \/>\n<meta name=\"twitter:card\" content=\"summary_large_image\" \/>\n<script type=\"application\/ld+json\" class=\"yoast-schema-graph\">{\"@context\":\"https:\/\/schema.org\",\"@graph\":[{\"@type\":\"WebPage\",\"@id\":\"https:\/\/www.diagnostics.sener\/es\/trabaja-con-nosotros\/\",\"url\":\"https:\/\/www.diagnostics.sener\/es\/trabaja-con-nosotros\/\",\"name\":\"Trabaja con nosotros\",\"isPartOf\":{\"@id\":\"https:\/\/www.diagnostics.sener\/es\/#website\"},\"datePublished\":\"2023-07-04T13:33:24+00:00\",\"dateModified\":\"2024-07-22T09:05:24+00:00\",\"description\":\"Trabaja con nosotros\",\"breadcrumb\":{\"@id\":\"https:\/\/www.diagnostics.sener\/es\/trabaja-con-nosotros\/#breadcrumb\"},\"inLanguage\":\"es\",\"potentialAction\":[{\"@type\":\"ReadAction\",\"target\":[\"https:\/\/www.diagnostics.sener\/es\/trabaja-con-nosotros\/\"]}]},{\"@type\":\"BreadcrumbList\",\"@id\":\"https:\/\/www.diagnostics.sener\/es\/trabaja-con-nosotros\/#breadcrumb\",\"itemListElement\":[{\"@type\":\"ListItem\",\"position\":1,\"name\":\"Portada\",\"item\":\"https:\/\/www.diagnostics.sener\/es\/\"},{\"@type\":\"ListItem\",\"position\":2,\"name\":\"Trabaja con nosotros\"}]},{\"@type\":\"WebSite\",\"@id\":\"https:\/\/www.diagnostics.sener\/es\/#website\",\"url\":\"https:\/\/www.diagnostics.sener\/es\/\",\"name\":\"Sener\",\"description\":\"Diagnostics\",\"potentialAction\":[{\"@type\":\"SearchAction\",\"target\":{\"@type\":\"EntryPoint\",\"urlTemplate\":\"https:\/\/www.diagnostics.sener\/es\/?s={search_term_string}\"},\"query-input\":{\"@type\":\"PropertyValueSpecification\",\"valueRequired\":true,\"valueName\":\"search_term_string\"}}],\"inLanguage\":\"es\"}]}<\/script>\n<!-- \/ Yoast SEO plugin. -->","yoast_head_json":{"title":"Trabaja con nosotros","description":"Trabaja con nosotros","robots":{"index":"index","follow":"follow","max-snippet":"max-snippet:-1","max-image-preview":"max-image-preview:large","max-video-preview":"max-video-preview:-1"},"canonical":"https:\/\/www.diagnostics.sener\/es\/trabaja-con-nosotros\/","og_locale":"es_ES","og_type":"article","og_title":"Trabaja con nosotros","og_description":"Trabaja con nosotros","og_url":"https:\/\/www.diagnostics.sener\/es\/trabaja-con-nosotros\/","og_site_name":"Sener","article_modified_time":"2024-07-22T09:05:24+00:00","twitter_card":"summary_large_image","schema":{"@context":"https:\/\/schema.org","@graph":[{"@type":"WebPage","@id":"https:\/\/www.diagnostics.sener\/es\/trabaja-con-nosotros\/","url":"https:\/\/www.diagnostics.sener\/es\/trabaja-con-nosotros\/","name":"Trabaja con nosotros","isPartOf":{"@id":"https:\/\/www.diagnostics.sener\/es\/#website"},"datePublished":"2023-07-04T13:33:24+00:00","dateModified":"2024-07-22T09:05:24+00:00","description":"Trabaja con nosotros","breadcrumb":{"@id":"https:\/\/www.diagnostics.sener\/es\/trabaja-con-nosotros\/#breadcrumb"},"inLanguage":"es","potentialAction":[{"@type":"ReadAction","target":["https:\/\/www.diagnostics.sener\/es\/trabaja-con-nosotros\/"]}]},{"@type":"BreadcrumbList","@id":"https:\/\/www.diagnostics.sener\/es\/trabaja-con-nosotros\/#breadcrumb","itemListElement":[{"@type":"ListItem","position":1,"name":"Portada","item":"https:\/\/www.diagnostics.sener\/es\/"},{"@type":"ListItem","position":2,"name":"Trabaja con nosotros"}]},{"@type":"WebSite","@id":"https:\/\/www.diagnostics.sener\/es\/#website","url":"https:\/\/www.diagnostics.sener\/es\/","name":"Sener","description":"Diagnostics","potentialAction":[{"@type":"SearchAction","target":{"@type":"EntryPoint","urlTemplate":"https:\/\/www.diagnostics.sener\/es\/?s={search_term_string}"},"query-input":{"@type":"PropertyValueSpecification","valueRequired":true,"valueName":"search_term_string"}}],"inLanguage":"es"}]}},"_links":{"self":[{"href":"https:\/\/www.diagnostics.sener\/es\/wp-json\/wp\/v2\/pages\/7599","targetHints":{"allow":["GET"]}}],"collection":[{"href":"https:\/\/www.diagnostics.sener\/es\/wp-json\/wp\/v2\/pages"}],"about":[{"href":"https:\/\/www.diagnostics.sener\/es\/wp-json\/wp\/v2\/types\/page"}],"author":[{"embeddable":true,"href":"https:\/\/www.diagnostics.sener\/es\/wp-json\/wp\/v2\/users\/1"}],"replies":[{"embeddable":true,"href":"https:\/\/www.diagnostics.sener\/es\/wp-json\/wp\/v2\/comments?post=7599"}],"version-history":[{"count":6,"href":"https:\/\/www.diagnostics.sener\/es\/wp-json\/wp\/v2\/pages\/7599\/revisions"}],"predecessor-version":[{"id":9074,"href":"https:\/\/www.diagnostics.sener\/es\/wp-json\/wp\/v2\/pages\/7599\/revisions\/9074"}],"wp:attachment":[{"href":"https:\/\/www.diagnostics.sener\/es\/wp-json\/wp\/v2\/media?parent=7599"}],"curies":[{"name":"wp","href":"https:\/\/api.w.org\/{rel}","templated":true}]}}