{"id":7608,"date":"2023-07-04T14:11:35","date_gmt":"2023-07-04T14:11:35","guid":{"rendered":"https:\/\/www.diagnostics.sener\/?page_id=7608"},"modified":"2023-08-02T06:11:50","modified_gmt":"2023-08-02T06:11:50","slug":"innovacion","status":"publish","type":"page","link":"https:\/\/www.diagnostics.sener\/es\/innovacion\/","title":{"rendered":"Innovaci\u00f3n"},"content":{"rendered":"<p>[et_pb_section fb_built=\u00bb1&#8243; custom_padding_last_edited=\u00bboff|desktop\u00bb admin_label=\u00bbHero\u00bb _builder_version=\u00bb4.21.0&#8243; background_enable_color=\u00bboff\u00bb background_enable_image=\u00bboff\u00bb background_position=\u00bbbottom_center\u00bb background_video_mp4=\u00bbhttps:\/\/www.diagnostics.sener\/wp-content\/uploads\/2023\/05\/8.mp4&#8243; background_video_webm=\u00bbhttps:\/\/www.diagnostics.sener\/wp-content\/uploads\/2023\/05\/8.webm\u00bb background_video_width=\u00bb1920&#8243; background_video_height=\u00bb1080&#8243; transform_translate_linked=\u00bboff\u00bb max_height=\u00bb450px\u00bb overflow-x=\u00bbvisible\u00bb overflow-y=\u00bbvisible\u00bb custom_margin=\u00bb0px||||false|false\u00bb custom_margin_last_edited=\u00bboff|tablet\u00bb custom_padding=\u00bb237px||0px|0vw|false|false\u00bb custom_padding_tablet=\u00bb||||false|true\u00bb bottom_divider_color=\u00bb#FFFFFF\u00bb custom_css_main_element=\u00bboverflow:visible!important;\u00bb locked=\u00bboff\u00bb global_colors_info=\u00bb{}\u00bb custom_css_main_element_last_edited=\u00bboff|desktop\u00bb][et_pb_row column_structure=\u00bb3_5,2_5&#8243; _builder_version=\u00bb4.16&#8243; _module_preset=\u00bbdefault\u00bb z_index=\u00bb20&#8243; custom_margin=\u00bb|10%|||false|false\u00bb custom_padding=\u00bb0px||0px|||\u00bb global_colors_info=\u00bb{}\u00bb][et_pb_column type=\u00bb3_5&#8243; _builder_version=\u00bb4.16&#8243; _module_preset=\u00bbdefault\u00bb global_colors_info=\u00bb{}\u00bb][\/et_pb_column][et_pb_column type=\u00bb2_5&#8243; _builder_version=\u00bb4.16&#8243; _module_preset=\u00bbdefault\u00bb global_colors_info=\u00bb{}\u00bb][et_pb_text _builder_version=\u00bb4.18.1&#8243; text_text_color=\u00bb#FFFFFF\u00bb text_font_size=\u00bb16px\u00bb text_line_height=\u00bb26px\u00bb header_font=\u00bbNoto Sans|700|||||||\u00bb header_text_color=\u00bb#FFFFFF\u00bb header_font_size=\u00bb43px\u00bb header_line_height=\u00bb53px\u00bb header_2_font=\u00bbNoto Serif||||||||\u00bb header_2_text_align=\u00bbleft\u00bb header_2_text_color=\u00bb#625398&#8243; header_2_font_size=\u00bb16px\u00bb header_2_line_height=\u00bb1.6em\u00bb background_color=\u00bb#00205b\u00bb module_alignment=\u00bbcenter\u00bb custom_margin=\u00bb0px|||0px|false|false\u00bb custom_padding=\u00bb40px|10%|40px|10%|true|true\u00bb custom_padding_tablet=\u00bb\u00bb custom_padding_phone=\u00bb30px|10%|30px|10%|true|true\u00bb custom_padding_last_edited=\u00bbon|phone\u00bb animation_style=\u00bbslide\u00bb animation_direction=\u00bbright\u00bb hover_transition_speed_curve=\u00bbease-in-out\u00bb header_2_font_size_tablet=\u00bb24px\u00bb header_2_font_size_phone=\u00bb20px\u00bb header_2_font_size_last_edited=\u00bbon|phone\u00bb box_shadow_style=\u00bbpreset1&#8243; box_shadow_blur=\u00bb5px\u00bb box_shadow_color=\u00bb#cbcbcd\u00bb global_colors_info=\u00bb{}\u00bb]<\/p>\n<h1 style=\"text-align: left;\">Innovaci\u00f3n<\/h1>\n<h2 style=\"text-align: left;\"><\/h2>\n<h2 style=\"text-align: left;\"><\/h2>\n<h2 style=\"text-align: left;\"><\/h2>\n<p style=\"text-align: left;\">La innovaci\u00f3n es un valor estrat\u00e9gico en Sener, parte fundamental de nuestra cultura corporativa. Una parte muy significativa de nuestra innovaci\u00f3n se produce gracias a nuestro car\u00e1cter multidisciplinar y multisectorial, pudiendo transversalizar tecnolog\u00edas de un sector a otro en funci\u00f3n de su posible aplicaci\u00f3n y aportaci\u00f3n de valor.<\/p>\n<p>[\/et_pb_text][\/et_pb_column][\/et_pb_row][\/et_pb_section][et_pb_section fb_built=\u00bb1&#8243; admin_label=\u00bbAbout\u00bb _builder_version=\u00bb4.16&#8243; background_color=\u00bbrgba(0,0,0,0)\u00bb background_enable_image=\u00bboff\u00bb background_size=\u00bbcontain\u00bb background_position=\u00bbtop_right\u00bb custom_padding=\u00bb0px||0px||false|false\u00bb bottom_divider_color=\u00bb#0C71C3&#8243; locked=\u00bboff\u00bb global_colors_info=\u00bb{}\u00bb][et_pb_row _builder_version=\u00bb4.16&#8243; custom_margin=\u00bb|auto||auto|false|false\u00bb custom_padding=\u00bb0px||0px||false|false\u00bb global_colors_info=\u00bb{}\u00bb][et_pb_column type=\u00bb4_4&#8243; _builder_version=\u00bb4.16&#8243; background_enable_color=\u00bboff\u00bb background_enable_image=\u00bboff\u00bb global_colors_info=\u00bb{}\u00bb][et_pb_text _builder_version=\u00bb4.18.1&#8243; header_font=\u00bbNoto Sans|700|||||||\u00bb header_text_color=\u00bb#625398&#8243; header_font_size=\u00bb43px\u00bb header_2_font=\u00bbNoto Sans|700|||||||\u00bb header_2_text_align=\u00bbleft\u00bb header_2_text_color=\u00bb#00205b\u00bb header_2_font_size=\u00bb31px\u00bb header_2_line_height=\u00bb40px\u00bb background_enable_color=\u00bboff\u00bb module_alignment=\u00bbcenter\u00bb custom_margin=\u00bb-40px|||0px|false|false\u00bb custom_margin_tablet=\u00bb30px||||false|false\u00bb custom_margin_phone=\u00bb50px|||0px|false|false\u00bb custom_margin_last_edited=\u00bbon|phone\u00bb custom_padding=\u00bb0px|10%|0px|10%|true|true\u00bb animation_style=\u00bbslide\u00bb animation_direction=\u00bbright\u00bb hover_transition_speed_curve=\u00bbease-in-out\u00bb header_2_font_size_tablet=\u00bb32px\u00bb header_2_font_size_phone=\u00bb20px\u00bb header_2_font_size_last_edited=\u00bbon|phone\u00bb global_colors_info=\u00bb{}\u00bb]<\/p>\n<h2 style=\"text-align: left;\">Cultura de <span class=\"texto-destacado\">innovaci\u00f3n<\/span><\/h2>\n<p>[\/et_pb_text][et_pb_text content_tablet=\u00bbEs un proceso de mejora continua que nos permite desarrollar capacidades, productos y servicios que generen valor para la sociedad y contribuyan en la creaci\u00f3n de un futuro m\u00e1s habitable y un entorno sostenible.\u00bb content_phone=\u00bbEs un proceso de mejora continua que nos permite desarrollar capacidades, productos y servicios que generen valor para la sociedad y contribuyan en la creaci\u00f3n de un futuro m\u00e1s habitable y un entorno sostenible.\u00bb content_last_edited=\u00bbon|phone\u00bb _builder_version=\u00bb4.18.1&#8243; text_text_color=\u00bb#76777b\u00bb text_font_size=\u00bb16px\u00bb text_line_height=\u00bb26px\u00bb header_font=\u00bbNoto Sans|700|||||||\u00bb header_text_color=\u00bb#625398&#8243; header_font_size=\u00bb43px\u00bb header_2_font=\u00bbNoto Serif||||||||\u00bb header_2_text_align=\u00bbleft\u00bb header_2_text_color=\u00bb#625398&#8243; header_2_font_size=\u00bb16px\u00bb header_2_line_height=\u00bb1.6em\u00bb background_enable_color=\u00bboff\u00bb module_alignment=\u00bbcenter\u00bb custom_margin=\u00bb|||0px|false|false\u00bb custom_margin_tablet=\u00bb\u00bb custom_margin_phone=\u00bb-20px||50px|0px|false|false\u00bb custom_margin_last_edited=\u00bbon|phone\u00bb custom_padding=\u00bb0px|10%|0px|10%|true|true\u00bb animation_style=\u00bbslide\u00bb animation_direction=\u00bbright\u00bb hover_transition_speed_curve=\u00bbease-in-out\u00bb header_2_font_size_tablet=\u00bb24px\u00bb header_2_font_size_phone=\u00bb16px\u00bb header_2_font_size_last_edited=\u00bbon|phone\u00bb global_colors_info=\u00bb{}\u00bb]<\/p>\n<p>Es un proceso de mejora continua que nos permite desarrollar capacidades, productos y servicios que generen valor para la sociedad y contribuyan en la creaci\u00f3n de un futuro m\u00e1s habitable y un entorno sostenible.<\/p>\n<p>[\/et_pb_text][\/et_pb_column][\/et_pb_row][et_pb_row column_structure=\u00bb1_2,1_2&#8243; disabled_on=\u00bbon|off|off\u00bb _builder_version=\u00bb4.16&#8243; _module_preset=\u00bbdefault\u00bb width=\u00bb100%\u00bb custom_padding=\u00bb50px|||||\u00bb global_colors_info=\u00bb{}\u00bb custom_css_main_element_last_edited=\u00bbon|phone\u00bb custom_css_main_element_tablet=\u00bbdisplay:flex;\u00bb custom_css_main_element_phone=\u00bbdisplay:flex;\u00bb][et_pb_column type=\u00bb1_2&#8243; _builder_version=\u00bb4.16&#8243; _module_preset=\u00bbdefault\u00bb z_index=\u00bb-1&#8243; global_colors_info=\u00bb{}\u00bb][et_pb_text content_tablet=\u00bb<\/p>\n<h2>Innovation Team<\/h2>\n<p><span><\/span><\/p>\n<p><span>The innovation team manages both internal and external proposals, making an exclusive evaluation of the viability of each opportunity for possible integration into new developments. <\/span><\/p>\n<p>\u00bb content_phone=\u00bb<\/p>\n<h2>Innovation Team<\/h2>\n<p><span><\/span><\/p>\n<p><span>The innovation team manages both internal and external proposals, making an exclusive evaluation of the viability of each opportunity for possible integration into new developments.<\/span><\/p>\n<p>\u00bb content_last_edited=\u00bbon|phone\u00bb _builder_version=\u00bb4.18.1&#8243; _module_preset=\u00bbdefault\u00bb text_font=\u00bbNoto Serif||||||||\u00bb text_text_color=\u00bb#FFFFFF\u00bb text_font_size=\u00bb16px\u00bb text_line_height=\u00bb26px\u00bb header_2_font=\u00bbNoto Sans|700|||||||\u00bb header_2_text_color=\u00bb#FFFFFF\u00bb header_2_font_size=\u00bb31px\u00bb header_2_line_height=\u00bb40px\u00bb background_color=\u00bb#00205b\u00bb custom_margin=\u00bb94px|-20%||20%|false|false\u00bb custom_margin_tablet=\u00bb\u00bb custom_margin_phone=\u00bb120px|-83%||9%|false|false\u00bb custom_margin_last_edited=\u00bbon|phone\u00bb custom_padding=\u00bb35px|10%|35px|10%|true|true\u00bb box_shadow_style=\u00bbpreset1&#8243; box_shadow_blur=\u00bb5px\u00bb global_colors_info=\u00bb{}\u00bb]<\/p>\n<h2>Equipo de <span class=\"texto-destacado\">innovaci\u00f3n<\/span><\/h2>\n<p>El equipo de innovaci\u00f3n gestiona propuestas tanto internas como externas, valorando la viabilidad de cada oportunidad de manera exclusiva para su posible integraci\u00f3n en nuevos desarrollos.<\/p>\n<p>[\/et_pb_text][\/et_pb_column][et_pb_column type=\u00bb1_2&#8243; _builder_version=\u00bb4.16&#8243; _module_preset=\u00bbdefault\u00bb z_index=\u00bb-5&#8243; custom_padding_tablet=\u00bb|100px|||false|false\u00bb custom_padding_phone=\u00bb\u00bb custom_padding_last_edited=\u00bbon|tablet\u00bb global_colors_info=\u00bb{}\u00bb][et_pb_image src=\u00bbhttps:\/\/www.diagnostics.sener\/wp-content\/uploads\/2021\/03\/innovacion_manos.jpg\u00bb title_text=\u00bbinnovacion_manos\u00bb show_bottom_space=\u00bboff\u00bb _builder_version=\u00bb4.16&#8243; _module_preset=\u00bbdefault\u00bb width=\u00bb125%\u00bb width_tablet=\u00bb\u00bb width_phone=\u00bb350%\u00bb width_last_edited=\u00bbon|phone\u00bb custom_margin_tablet=\u00bb\u00bb custom_margin_phone=\u00bb-60px||-81px|-173px|false|false\u00bb custom_margin_last_edited=\u00bbon|phone\u00bb global_colors_info=\u00bb{}\u00bb][\/et_pb_image][\/et_pb_column][\/et_pb_row][et_pb_row _builder_version=\u00bb4.21.0&#8243; _module_preset=\u00bbdefault\u00bb global_colors_info=\u00bb{}\u00bb][et_pb_column type=\u00bb4_4&#8243; _builder_version=\u00bb4.21.0&#8243; _module_preset=\u00bbdefault\u00bb global_colors_info=\u00bb{}\u00bb][dica_divi_carousel show_items_desktop=\u00bb2&#8243; show_items_tablet=\u00bb2&#8243; loop=\u00bbon\u00bb autoplay=\u00bbon\u00bb autoplay_speed=\u00bb2000&#8243; arrow_nav=\u00bbon\u00bb arrow_position=\u00bbon\u00bb dot_nav=\u00bbon\u00bb advanced_effect=\u00bb1&#8243; arrow_nav_color=\u00bb#3cbfae\u00bb dots_color=\u00bbrgba(60,191,174,0.55)\u00bb dots_active_color=\u00bb#3cbfae\u00bb innercontent_padding=\u00bb|0|0|0|false|false\u00bb _builder_version=\u00bb4.21.0&#8243; _module_preset=\u00bbdefault\u00bb title_text_align=\u00bbcenter\u00bb custom_padding=\u00bb||||false|false\u00bb hover_enabled=\u00bb0&#8243; custom_css_title=\u00bbmargin-top:20px\u00bb border_color_all_image=\u00bb#000000&#8243; border_style_all_image=\u00bbgroove\u00bb global_colors_info=\u00bb{}\u00bb sticky_enabled=\u00bb0&#8243;][dica_divi_carouselitem button_url_new_window=\u00bb1&#8243; image=\u00bbhttps:\/\/www.diagnostics.sener\/wp-content\/uploads\/2023\/05\/Sener-300.jpg\u00bb image_lightbox=\u00bbon\u00bb _builder_version=\u00bb4.21.0&#8243; _module_preset=\u00bbdefault\u00bb background_color=\u00bbRGBA(255,255,255,0)\u00bb background_enable_color=\u00bbon\u00bb global_colors_info=\u00bb{}\u00bb][\/dica_divi_carouselitem][dica_divi_carouselitem button_url_new_window=\u00bb1&#8243; image=\u00bbhttps:\/\/www.diagnostics.sener\/wp-content\/uploads\/2023\/08\/Sener-44.jpg\u00bb image_lightbox=\u00bbon\u00bb _builder_version=\u00bb4.21.0&#8243; _module_preset=\u00bbdefault\u00bb hover_enabled=\u00bb0&#8243; global_colors_info=\u00bb{}\u00bb title_text=\u00bbSener-44&#8243; sticky_enabled=\u00bb0&#8243;][\/dica_divi_carouselitem][dica_divi_carouselitem button_url_new_window=\u00bb1&#8243; image=\u00bbhttps:\/\/www.diagnostics.sener\/wp-content\/uploads\/2023\/05\/Sener-194.jpg\u00bb image_lightbox=\u00bbon\u00bb _builder_version=\u00bb4.21.0&#8243; _module_preset=\u00bbdefault\u00bb global_colors_info=\u00bb{}\u00bb][\/dica_divi_carouselitem][dica_divi_carouselitem button_url_new_window=\u00bb1&#8243; image=\u00bbhttps:\/\/www.diagnostics.sener\/wp-content\/uploads\/2023\/05\/Sener-124.jpg\u00bb image_lightbox=\u00bbon\u00bb _builder_version=\u00bb4.21.0&#8243; _module_preset=\u00bbdefault\u00bb global_colors_info=\u00bb{}\u00bb][\/dica_divi_carouselitem][dica_divi_carouselitem button_url_new_window=\u00bb1&#8243; image=\u00bbhttps:\/\/www.diagnostics.sener\/wp-content\/uploads\/2023\/05\/Sener-62.jpg\u00bb image_lightbox=\u00bbon\u00bb _builder_version=\u00bb4.21.0&#8243; _module_preset=\u00bbdefault\u00bb global_colors_info=\u00bb{}\u00bb][\/dica_divi_carouselitem][\/dica_divi_carousel][\/et_pb_column][\/et_pb_row][\/et_pb_section][et_pb_section fb_built=\u00bb1&#8243; _builder_version=\u00bb4.18.1&#8243; _module_preset=\u00bbdefault\u00bb background_color=\u00bb#ebf8f6&#8243; custom_margin=\u00bb2px||||false|false\u00bb custom_padding=\u00bb0px||0px|||\u00bb global_colors_info=\u00bb{}\u00bb][et_pb_row custom_padding_last_edited=\u00bbon|phone\u00bb disabled_on=\u00bboff|on|on\u00bb _builder_version=\u00bb4.16&#8243; _module_preset=\u00bbdefault\u00bb width=\u00bb100%\u00bb max_width=\u00bb1060px\u00bb max_width_tablet=\u00bb\u00bb max_width_phone=\u00bb100%\u00bb max_width_last_edited=\u00bbon|phone\u00bb custom_padding=\u00bb50px|||||\u00bb custom_padding_tablet=\u00bb\u00bb custom_padding_phone=\u00bb0px||||false|false\u00bb global_colors_info=\u00bb{}\u00bb custom_css_main_element_last_edited=\u00bbon|phone\u00bb][et_pb_column type=\u00bb4_4&#8243; _builder_version=\u00bb4.16&#8243; _module_preset=\u00bbdefault\u00bb z_index=\u00bb-1&#8243; global_colors_info=\u00bb{}\u00bb][et_pb_text content_tablet=\u00bb<\/p>\n<h2>Innovation Team<\/h2>\n<p><span><\/span><\/p>\n<p><span>The innovation team manages both internal and external proposals, making an exclusive evaluation of the viability of each opportunity for possible integration into new developments. <\/span><\/p>\n<p>\u00bb content_phone=\u00bb<\/p>\n<h2>Innovation Team<\/h2>\n<p><span><\/span><\/p>\n<p><span>The innovation team manages both internal and external proposals, making an exclusive evaluation of the viability of each opportunity for possible integration into new developments.<\/span><\/p>\n<p>\u00bb content_last_edited=\u00bbon|phone\u00bb _builder_version=\u00bb4.18.1&#8243; _module_preset=\u00bbdefault\u00bb text_font=\u00bbNoto Serif||||||||\u00bb text_text_color=\u00bb#FFFFFF\u00bb text_font_size=\u00bb16px\u00bb text_line_height=\u00bb26px\u00bb header_2_font=\u00bbNoto Sans|700|||||||\u00bb header_2_text_color=\u00bb#FFFFFF\u00bb header_2_font_size=\u00bb31px\u00bb header_2_line_height=\u00bb1.1em\u00bb background_color=\u00bb#00205b\u00bb max_width=\u00bb93%\u00bb max_height_tablet=\u00bb\u00bb max_height_phone=\u00bb\u00bb max_height_last_edited=\u00bbon|phone\u00bb custom_margin=\u00bb94px|-20%||20%|false|false\u00bb custom_margin_tablet=\u00bb\u00bb custom_margin_phone=\u00bb0px|-83%||7%|false|false\u00bb custom_margin_last_edited=\u00bbon|phone\u00bb custom_padding=\u00bb35px|10%|35px|10%|true|true\u00bb box_shadow_style=\u00bbpreset1&#8243; box_shadow_blur=\u00bb5px\u00bb global_colors_info=\u00bb{}\u00bb]<\/p>\n<h2>Innovation <span class=\"texto-destacado\">Team<\/span><\/h2>\n<p><span><\/span><\/p>\n<p><span>The innovation team manages both internal and external proposals, making an exclusive evaluation of the viability of each opportunity for possible integration into new developments. <\/span>[\/et_pb_text][et_pb_image src=\u00bbhttps:\/\/www.diagnostics.sener\/wp-content\/uploads\/2021\/03\/innovacion_manos.jpg\u00bb title_text=\u00bbinnovacion_manos\u00bb show_bottom_space=\u00bboff\u00bb _builder_version=\u00bb4.16&#8243; _module_preset=\u00bbdefault\u00bb width=\u00bb125%\u00bb width_tablet=\u00bb\u00bb width_phone=\u00bb\u00bb width_last_edited=\u00bbon|phone\u00bb custom_margin_tablet=\u00bb\u00bb custom_margin_phone=\u00bb0px||-80px||false|false\u00bb custom_margin_last_edited=\u00bbon|phone\u00bb global_colors_info=\u00bb{}\u00bb][\/et_pb_image][\/et_pb_column][\/et_pb_row][et_pb_row _builder_version=\u00bb4.16&#8243; _module_preset=\u00bbdefault\u00bb width=\u00bb100%\u00bb custom_padding=\u00bb0px||0px|||\u00bb global_colors_info=\u00bb{}\u00bb][et_pb_column type=\u00bb4_4&#8243; _builder_version=\u00bb4.16&#8243; _module_preset=\u00bbdefault\u00bb global_colors_info=\u00bb{}\u00bb][et_pb_text _builder_version=\u00bb4.18.1&#8243; text_font=\u00bbNoto Sans|700|||||||\u00bb text_text_color=\u00bb#00205b\u00bb text_font_size=\u00bb36px\u00bb text_line_height=\u00bb53px\u00bb header_font=\u00bbNoto Sans|700|||||||\u00bb header_font_size=\u00bb43px\u00bb header_line_height=\u00bb53px\u00bb header_2_font=\u00bbNoto Sans|700|||||||\u00bb header_2_text_align=\u00bbleft\u00bb header_2_text_color=\u00bb#625398&#8243; header_2_font_size=\u00bb36px\u00bb header_2_line_height=\u00bb1.2em\u00bb background_enable_color=\u00bboff\u00bb module_alignment=\u00bbcenter\u00bb custom_margin=\u00bb80px|||0px|false|false\u00bb custom_padding=\u00bb0px|10%|0px|10%|true|false\u00bb animation_style=\u00bbslide\u00bb animation_direction=\u00bbright\u00bb hover_transition_speed_curve=\u00bbease-in-out\u00bb header_2_font_size_tablet=\u00bb32px\u00bb header_2_font_size_phone=\u00bb20px\u00bb header_2_font_size_last_edited=\u00bbon|phone\u00bb global_colors_info=\u00bb{}\u00bb]<\/p>\n<p style=\"text-align: center;\">\u00bfBuscas un <span class=\"texto-destacado\">socio fiable<\/span> para llevar conjuntamente innovaci\u00f3n al mercado?<\/p>\n<p>[\/et_pb_text][et_pb_button button_url=\u00bbhttps:\/\/www.diagnostics.sener\/es\/nuestra-propuesta-de-alianza\/\u00bb button_text=\u00bbEMPECEMOS\u00bb button_alignment=\u00bbcenter\u00bb _builder_version=\u00bb4.18.1&#8243; custom_button=\u00bbon\u00bb button_text_size=\u00bb14px\u00bb button_text_color=\u00bb#FFFFFF\u00bb button_bg_color=\u00bb#3cbfae\u00bb button_border_width=\u00bb0px\u00bb button_letter_spacing=\u00bb1px\u00bb button_font=\u00bbNoto Sans|700|||||||\u00bb custom_margin=\u00bb3%||74px||false|false\u00bb custom_padding=\u00bb11px|50px|11px|50px|true|true\u00bb box_shadow_style=\u00bbpreset3&#8243; box_shadow_blur=\u00bb10px\u00bb box_shadow_spread=\u00bb-3px\u00bb box_shadow_color=\u00bbrgba(14,77,227,0.2)\u00bb locked=\u00bboff\u00bb global_colors_info=\u00bb{}\u00bb][\/et_pb_button][\/et_pb_column][\/et_pb_row][\/et_pb_section]<\/p>\n","protected":false},"excerpt":{"rendered":"<p>Innovaci\u00f3n La innovaci\u00f3n es un valor estrat\u00e9gico en Sener, parte fundamental de nuestra cultura corporativa. Una parte muy significativa de nuestra innovaci\u00f3n se produce gracias a nuestro car\u00e1cter multidisciplinar y multisectorial, pudiendo transversalizar tecnolog\u00edas de un sector a otro en funci\u00f3n de su posible aplicaci\u00f3n y aportaci\u00f3n de valor.Cultura de innovaci\u00f3nEs un proceso de mejora [&hellip;]<\/p>\n","protected":false},"author":1,"featured_media":0,"parent":0,"menu_order":5,"comment_status":"closed","ping_status":"closed","template":"","meta":{"_et_pb_use_builder":"on","_et_pb_old_content":"","_et_gb_content_width":"","footnotes":""},"class_list":["post-7608","page","type-page","status-publish","hentry"],"yoast_head":"<!-- This site is optimized with the Yoast SEO plugin v25.9 - https:\/\/yoast.com\/wordpress\/plugins\/seo\/ -->\n<title>Microbiology Innovaci\u00f3n - Sener Diagnostics<\/title>\n<meta name=\"description\" content=\"La innovaci\u00f3n es un valor estrat\u00e9gico en Sener, parte fundamental de nuestra cultura corporativa\" \/>\n<meta name=\"robots\" content=\"index, follow, max-snippet:-1, max-image-preview:large, max-video-preview:-1\" \/>\n<link rel=\"canonical\" href=\"https:\/\/www.diagnostics.sener\/es\/innovacion\/\" \/>\n<meta property=\"og:locale\" content=\"es_ES\" \/>\n<meta property=\"og:type\" content=\"article\" \/>\n<meta property=\"og:title\" content=\"Microbiology Innovaci\u00f3n - Sener Diagnostics\" \/>\n<meta property=\"og:description\" content=\"La innovaci\u00f3n es un valor estrat\u00e9gico en Sener, parte fundamental de nuestra cultura corporativa\" \/>\n<meta property=\"og:url\" content=\"https:\/\/www.diagnostics.sener\/es\/innovacion\/\" \/>\n<meta property=\"og:site_name\" content=\"Sener\" \/>\n<meta property=\"article:modified_time\" content=\"2023-08-02T06:11:50+00:00\" \/>\n<meta name=\"twitter:card\" content=\"summary_large_image\" \/>\n<meta name=\"twitter:label1\" content=\"Tiempo de lectura\" \/>\n\t<meta name=\"twitter:data1\" content=\"10 minutos\" \/>\n<script type=\"application\/ld+json\" class=\"yoast-schema-graph\">{\"@context\":\"https:\/\/schema.org\",\"@graph\":[{\"@type\":\"WebPage\",\"@id\":\"https:\/\/www.diagnostics.sener\/es\/innovacion\/\",\"url\":\"https:\/\/www.diagnostics.sener\/es\/innovacion\/\",\"name\":\"Microbiology Innovaci\u00f3n - Sener Diagnostics\",\"isPartOf\":{\"@id\":\"https:\/\/www.diagnostics.sener\/es\/#website\"},\"datePublished\":\"2023-07-04T14:11:35+00:00\",\"dateModified\":\"2023-08-02T06:11:50+00:00\",\"description\":\"La innovaci\u00f3n es un valor estrat\u00e9gico en Sener, parte fundamental de nuestra cultura corporativa\",\"breadcrumb\":{\"@id\":\"https:\/\/www.diagnostics.sener\/es\/innovacion\/#breadcrumb\"},\"inLanguage\":\"es\",\"potentialAction\":[{\"@type\":\"ReadAction\",\"target\":[\"https:\/\/www.diagnostics.sener\/es\/innovacion\/\"]}]},{\"@type\":\"BreadcrumbList\",\"@id\":\"https:\/\/www.diagnostics.sener\/es\/innovacion\/#breadcrumb\",\"itemListElement\":[{\"@type\":\"ListItem\",\"position\":1,\"name\":\"Portada\",\"item\":\"https:\/\/www.diagnostics.sener\/es\/\"},{\"@type\":\"ListItem\",\"position\":2,\"name\":\"Innovaci\u00f3n\"}]},{\"@type\":\"WebSite\",\"@id\":\"https:\/\/www.diagnostics.sener\/es\/#website\",\"url\":\"https:\/\/www.diagnostics.sener\/es\/\",\"name\":\"Sener\",\"description\":\"Diagnostics\",\"potentialAction\":[{\"@type\":\"SearchAction\",\"target\":{\"@type\":\"EntryPoint\",\"urlTemplate\":\"https:\/\/www.diagnostics.sener\/es\/?s={search_term_string}\"},\"query-input\":{\"@type\":\"PropertyValueSpecification\",\"valueRequired\":true,\"valueName\":\"search_term_string\"}}],\"inLanguage\":\"es\"}]}<\/script>\n<!-- \/ Yoast SEO plugin. -->","yoast_head_json":{"title":"Microbiology Innovaci\u00f3n - Sener Diagnostics","description":"La innovaci\u00f3n es un valor estrat\u00e9gico en Sener, parte fundamental de nuestra cultura corporativa","robots":{"index":"index","follow":"follow","max-snippet":"max-snippet:-1","max-image-preview":"max-image-preview:large","max-video-preview":"max-video-preview:-1"},"canonical":"https:\/\/www.diagnostics.sener\/es\/innovacion\/","og_locale":"es_ES","og_type":"article","og_title":"Microbiology Innovaci\u00f3n - Sener Diagnostics","og_description":"La innovaci\u00f3n es un valor estrat\u00e9gico en Sener, parte fundamental de nuestra cultura corporativa","og_url":"https:\/\/www.diagnostics.sener\/es\/innovacion\/","og_site_name":"Sener","article_modified_time":"2023-08-02T06:11:50+00:00","twitter_card":"summary_large_image","twitter_misc":{"Tiempo de lectura":"10 minutos"},"schema":{"@context":"https:\/\/schema.org","@graph":[{"@type":"WebPage","@id":"https:\/\/www.diagnostics.sener\/es\/innovacion\/","url":"https:\/\/www.diagnostics.sener\/es\/innovacion\/","name":"Microbiology Innovaci\u00f3n - Sener Diagnostics","isPartOf":{"@id":"https:\/\/www.diagnostics.sener\/es\/#website"},"datePublished":"2023-07-04T14:11:35+00:00","dateModified":"2023-08-02T06:11:50+00:00","description":"La innovaci\u00f3n es un valor estrat\u00e9gico en Sener, parte fundamental de nuestra cultura corporativa","breadcrumb":{"@id":"https:\/\/www.diagnostics.sener\/es\/innovacion\/#breadcrumb"},"inLanguage":"es","potentialAction":[{"@type":"ReadAction","target":["https:\/\/www.diagnostics.sener\/es\/innovacion\/"]}]},{"@type":"BreadcrumbList","@id":"https:\/\/www.diagnostics.sener\/es\/innovacion\/#breadcrumb","itemListElement":[{"@type":"ListItem","position":1,"name":"Portada","item":"https:\/\/www.diagnostics.sener\/es\/"},{"@type":"ListItem","position":2,"name":"Innovaci\u00f3n"}]},{"@type":"WebSite","@id":"https:\/\/www.diagnostics.sener\/es\/#website","url":"https:\/\/www.diagnostics.sener\/es\/","name":"Sener","description":"Diagnostics","potentialAction":[{"@type":"SearchAction","target":{"@type":"EntryPoint","urlTemplate":"https:\/\/www.diagnostics.sener\/es\/?s={search_term_string}"},"query-input":{"@type":"PropertyValueSpecification","valueRequired":true,"valueName":"search_term_string"}}],"inLanguage":"es"}]}},"_links":{"self":[{"href":"https:\/\/www.diagnostics.sener\/es\/wp-json\/wp\/v2\/pages\/7608","targetHints":{"allow":["GET"]}}],"collection":[{"href":"https:\/\/www.diagnostics.sener\/es\/wp-json\/wp\/v2\/pages"}],"about":[{"href":"https:\/\/www.diagnostics.sener\/es\/wp-json\/wp\/v2\/types\/page"}],"author":[{"embeddable":true,"href":"https:\/\/www.diagnostics.sener\/es\/wp-json\/wp\/v2\/users\/1"}],"replies":[{"embeddable":true,"href":"https:\/\/www.diagnostics.sener\/es\/wp-json\/wp\/v2\/comments?post=7608"}],"version-history":[{"count":7,"href":"https:\/\/www.diagnostics.sener\/es\/wp-json\/wp\/v2\/pages\/7608\/revisions"}],"predecessor-version":[{"id":7835,"href":"https:\/\/www.diagnostics.sener\/es\/wp-json\/wp\/v2\/pages\/7608\/revisions\/7835"}],"wp:attachment":[{"href":"https:\/\/www.diagnostics.sener\/es\/wp-json\/wp\/v2\/media?parent=7608"}],"curies":[{"name":"wp","href":"https:\/\/api.w.org\/{rel}","templated":true}]}}